{"id":110,"date":"2011-02-16T00:47:35","date_gmt":"2011-02-15T23:47:35","guid":{"rendered":"http:\/\/www.noisy-edv.de\/TTC\/wordpress\/?page_id=110"},"modified":"2014-09-09T05:20:15","modified_gmt":"2014-09-09T03:20:15","slug":"anfahrt","status":"publish","type":"page","link":"https:\/\/www.noisy-edv.de\/TTC\/wordpress\/?page_id=110","title":{"rendered":"Anfahrt"},"content":{"rendered":"<p>Lage: Dammweg, 38274 Gro\u00df Elbe<\/p>\n<p>Anfahrt aus Richtung Hildesheim: auf der B6 kommend direkt nach Ortsausgang Baddeckenstedt links Richtung Gro\u00df Elbe abbiegen. In Gro\u00df Elbe 1.Kreuzung rechts Richtung Klein Elbe abbiegen. Die Sporthalle befindet sich auf der rechten Seite kurz vor dem Ortsausgang Gro\u00df Elbe.<\/p>\n<p><iframe loading=\"lazy\" height=\"280\" scrolling=\"no\" width=\"280\" frameBorder=\"0\" src=\"http:\/\/maps.google.de\/maps?f=q&amp;source=s_q&amp;hl=de&amp;geocode=&amp;q=dammweg+gro%C3%9F+elbe&amp;sll=51.151786,10.415039&amp;sspn=15.650132,36.782227&amp;ie=UTF8&amp;ll=52.08035,10.26741&amp;spn=0.073847,0.145912&amp;z=12&amp;output=embed\" marginHeight=\"0\" marginWidth=\"0\"><\/iframe><br \/>\n<small><a href=\"http:\/\/maps.google.de\/maps?f=q&amp;source=embed&amp;hl=de&amp;geocode=&amp;q=dammweg+gro%C3%9F+elbe&amp;sll=51.151786,10.415039&amp;sspn=15.650132,36.782227&amp;ie=UTF8&amp;ll=52.08035,10.26741&amp;spn=0.073847,0.145912&amp;z=12\" style=\"color: #0000ff; text-align: left\">Gr\u00f6\u00dfere Kartenansicht<\/a><\/small><\/p>\n","protected":false},"excerpt":{"rendered":"<p>Lage: Dammweg, 38274 Gro\u00df Elbe Anfahrt aus Richtung Hildesheim: auf der B6 kommend direkt nach Ortsausgang Baddeckenstedt links Richtung Gro\u00df Elbe abbiegen. In Gro\u00df Elbe 1.Kreuzung rechts Richtung Klein Elbe abbiegen. Die Sporthalle befindet sich auf der rechten Seite kurz &hellip; <a href=\"https:\/\/www.noisy-edv.de\/TTC\/wordpress\/?page_id=110\">Weiterlesen <span class=\"meta-nav\">&rarr;<\/span><\/a><\/p>\n","protected":false},"author":1,"featured_media":0,"parent":76,"menu_order":2,"comment_status":"closed","ping_status":"closed","template":"","meta":{"footnotes":""},"class_list":["post-110","page","type-page","status-publish","hentry"],"_links":{"self":[{"href":"https:\/\/www.noisy-edv.de\/TTC\/wordpress\/index.php?rest_route=\/wp\/v2\/pages\/110","targetHints":{"allow":["GET"]}}],"collection":[{"href":"https:\/\/www.noisy-edv.de\/TTC\/wordpress\/index.php?rest_route=\/wp\/v2\/pages"}],"about":[{"href":"https:\/\/www.noisy-edv.de\/TTC\/wordpress\/index.php?rest_route=\/wp\/v2\/types\/page"}],"author":[{"embeddable":true,"href":"https:\/\/www.noisy-edv.de\/TTC\/wordpress\/index.php?rest_route=\/wp\/v2\/users\/1"}],"replies":[{"embeddable":true,"href":"https:\/\/www.noisy-edv.de\/TTC\/wordpress\/index.php?rest_route=%2Fwp%2Fv2%2Fcomments&post=110"}],"version-history":[{"count":22,"href":"https:\/\/www.noisy-edv.de\/TTC\/wordpress\/index.php?rest_route=\/wp\/v2\/pages\/110\/revisions"}],"predecessor-version":[{"id":1908,"href":"https:\/\/www.noisy-edv.de\/TTC\/wordpress\/index.php?rest_route=\/wp\/v2\/pages\/110\/revisions\/1908"}],"up":[{"embeddable":true,"href":"https:\/\/www.noisy-edv.de\/TTC\/wordpress\/index.php?rest_route=\/wp\/v2\/pages\/76"}],"wp:attachment":[{"href":"https:\/\/www.noisy-edv.de\/TTC\/wordpress\/index.php?rest_route=%2Fwp%2Fv2%2Fmedia&parent=110"}],"curies":[{"name":"wp","href":"https:\/\/api.w.org\/{rel}","templated":true}]}}