{"id":1150,"date":"2012-12-19T12:22:00","date_gmt":"2012-12-19T11:22:00","guid":{"rendered":"http:\/\/www.noisy-edv.de\/TTC\/wordpress\/?page_id=1150"},"modified":"2020-10-05T15:58:37","modified_gmt":"2020-10-05T13:58:37","slug":"2012-2","status":"publish","type":"page","link":"https:\/\/www.noisy-edv.de\/TTC\/wordpress\/?page_id=1150","title":{"rendered":"2012"},"content":{"rendered":"<div>\n<p>Beim&nbsp;dritten Mini-Tischtennisturnier am 14.12.2012 gab es zum&nbsp;Jahresende f\u00fcr unsere&nbsp;Kids noch mal eine kleine sportliche Herausforderung. Insgesamt nahmen 17 Jugendliche teil.<\/p>\n<p>In den Gruppenspielen wurde wieder eine kleine Schwierigkeit eingebaut.&nbsp;Auf&nbsp;den Tischtennisplatten wurden&nbsp;bestimmte Bereiche mit Klebeband markiert, in die die &#8222;besseren&#8220; Spieler aus den&nbsp;Jugendmannschaften spielen mussten.&nbsp;Das Finale&nbsp;wurde wieder an der Mini-Tischtennisplatte ausgetragen. Der Sieger erhielt eine kleine Troph\u00e4e, alle anderen jeweils&nbsp;ein kleines Weihnachtsgeschenk.<\/p>\n<p>Sieger des Turniers wurde Patrick Gerling, Zweiter&nbsp;Kilian Schmidt und&nbsp;Dritte&nbsp;wurden Mona Matussek und Marvin Beeri. Weitere Teilnehmer waren&nbsp;Michel Ohlendorf, Tim Str\u00fcbig, Steven Schneiders, Lisa Gerling,&nbsp;Iris K\u00f6hler, Sina Nitschke,&nbsp;Cedric H\u00f6fer, Rouven Schmidt,&nbsp;Lukas Heiduk,&nbsp;Anton Pankosch, Anna K\u00f6hler,&nbsp;Nina Meier und Rebecca Klar.<\/p>\n<p style=\"text-align: center;\">&nbsp;_ _ _<\/p>\n<p align=\"center\"><em>Teilnehmer des Mini-Turniers 2012<\/em><\/p>\n<p><img loading=\"lazy\" decoding=\"async\" width=\"639\" height=\"454\" title=\"Mini-Turnier 2012\" class=\"aligncenter size-full wp-image-1164\" alt=\"\" src=\"http:\/\/www.noisy-edv.de\/TTC\/wordpress\/wp-content\/uploads\/2012\/12\/Mini-2012.jpeg\" srcset=\"https:\/\/www.noisy-edv.de\/TTC\/wordpress\/wp-content\/uploads\/2012\/12\/Mini-2012.jpeg 639w, https:\/\/www.noisy-edv.de\/TTC\/wordpress\/wp-content\/uploads\/2012\/12\/Mini-2012-300x213.jpg 300w\" sizes=\"auto, (max-width: 639px) 100vw, 639px\" \/><\/p>\n<\/div>\n","protected":false},"excerpt":{"rendered":"<p>Beim&nbsp;dritten Mini-Tischtennisturnier am 14.12.2012 gab es zum&nbsp;Jahresende f\u00fcr unsere&nbsp;Kids noch mal eine kleine sportliche Herausforderung. Insgesamt nahmen 17 Jugendliche teil. In den Gruppenspielen wurde wieder eine kleine Schwierigkeit eingebaut.&nbsp;Auf&nbsp;den Tischtennisplatten wurden&nbsp;bestimmte Bereiche mit Klebeband markiert, in die die &#8222;besseren&#8220; Spieler &hellip; <a href=\"https:\/\/www.noisy-edv.de\/TTC\/wordpress\/?page_id=1150\">Weiterlesen <span class=\"meta-nav\">&rarr;<\/span><\/a><\/p>\n","protected":false},"author":1,"featured_media":0,"parent":3566,"menu_order":7,"comment_status":"closed","ping_status":"closed","template":"","meta":{"footnotes":""},"class_list":["post-1150","page","type-page","status-publish","hentry"],"_links":{"self":[{"href":"https:\/\/www.noisy-edv.de\/TTC\/wordpress\/index.php?rest_route=\/wp\/v2\/pages\/1150","targetHints":{"allow":["GET"]}}],"collection":[{"href":"https:\/\/www.noisy-edv.de\/TTC\/wordpress\/index.php?rest_route=\/wp\/v2\/pages"}],"about":[{"href":"https:\/\/www.noisy-edv.de\/TTC\/wordpress\/index.php?rest_route=\/wp\/v2\/types\/page"}],"author":[{"embeddable":true,"href":"https:\/\/www.noisy-edv.de\/TTC\/wordpress\/index.php?rest_route=\/wp\/v2\/users\/1"}],"replies":[{"embeddable":true,"href":"https:\/\/www.noisy-edv.de\/TTC\/wordpress\/index.php?rest_route=%2Fwp%2Fv2%2Fcomments&post=1150"}],"version-history":[{"count":16,"href":"https:\/\/www.noisy-edv.de\/TTC\/wordpress\/index.php?rest_route=\/wp\/v2\/pages\/1150\/revisions"}],"predecessor-version":[{"id":3575,"href":"https:\/\/www.noisy-edv.de\/TTC\/wordpress\/index.php?rest_route=\/wp\/v2\/pages\/1150\/revisions\/3575"}],"up":[{"embeddable":true,"href":"https:\/\/www.noisy-edv.de\/TTC\/wordpress\/index.php?rest_route=\/wp\/v2\/pages\/3566"}],"wp:attachment":[{"href":"https:\/\/www.noisy-edv.de\/TTC\/wordpress\/index.php?rest_route=%2Fwp%2Fv2%2Fmedia&parent=1150"}],"curies":[{"name":"wp","href":"https:\/\/api.w.org\/{rel}","templated":true}]}}