{"id":1245,"date":"2013-04-29T22:39:29","date_gmt":"2013-04-29T20:39:29","guid":{"rendered":"http:\/\/www.noisy-edv.de\/TTC\/wordpress\/?page_id=1245"},"modified":"2020-10-05T15:33:51","modified_gmt":"2020-10-05T13:33:51","slug":"2013-2","status":"publish","type":"page","link":"https:\/\/www.noisy-edv.de\/TTC\/wordpress\/?page_id=1245","title":{"rendered":"2013"},"content":{"rendered":"<p>Im <strong>Jugend-<\/strong><strong>Doppelwettbewerb<\/strong> nahmen <strong>7<\/strong> Doppelpaare teil. Vereinsmeister wurden <strong>Patrick Gerling<\/strong> und <strong>Kilian Schmidt<\/strong>, Zweite wurden Marvin Beeri und Michel Ohlendorf.&nbsp;Den&nbsp;3.Platz erreichten&nbsp;Mona Matussek und Lukas Ohlendorf. Auf den weiteren Pl\u00e4tzen landeten Bastian Nitschke und Paul M\u00e4neke, Cedric H\u00f6fer und Rouven Schmidt, Iris K\u00f6hler und Lisa Gerling vor Rebecca Klar und Simon Egert.<\/p>\n<p>Im <strong>Erwachsenen-Doppelwettbewerb <\/strong>nahmen <strong>15<\/strong> Doppelpaare teil. In 2 Gruppen wurden die beiden besten Doppel ermittelt, die sich dann im Halbfinale und Finale miteinander beweisen mussten. Sieger wurden <strong>Martin Die\u00dfel<\/strong> und <strong>Jens Borchers<\/strong>, die sich im Finale gegen Daniel Pratsch und Andr\u00e9 Neumann mit 3:2 S\u00e4tzen knapp durchsetzten. Der 3.Platz ging an Thorsten Bremer und Burkhard Spie\u00dfl vor Klaus Kotke und Christian Schimke.<\/p>\n<p>Im <strong>Jugend-Einzel<\/strong> haben <strong>8<\/strong> Jugendliche mitgemacht. In zwei 4er Gruppen ging es darum die ersten beiden Pl\u00e4tze zu erreichen, um dann im Halbfinale und Finale den Titel zu holen. In den Halbfinals spielten Patrick Gerling gegen Kilian Schmidt und Bastian Nitschke gegen Mona Matussek. Gerling und Nitschke setzten sich durch. Im Finale war <strong>Patrick Gerling<\/strong> \u00fcberlegen und wurde erneut Vereinsmeister. Zweiter wurde Bastian Nitschke. Das Spiel um Platz 3 gewann Kilian Schmidt gegen Mona Matussek, die Vierte wurde. Auf den weiteren Pl\u00e4tzen folgten Marvin Beeri, Lukas Ohlendorf, Michel Ohlendorf und Rouven Schmidt.<\/p>\n<p>Im <strong>Sch\u00fcler-Einzel<\/strong> wurde unter <strong>5<\/strong> Teilnehmern im Modus Jeder-gegen-Jeden der Vereinsmeister gesucht. Nach spannenden Spielen stand am Ende der Vereinsmeister fest: <strong>Cedric H\u00f6fer<\/strong>. Zweite wurde Lisa Gerling und Dritte Iris K\u00f6hler. Auf den weiteren Pl\u00e4tzen folgten Sina Nitschke und Anna K\u00f6hler.<\/p>\n<p>Im <strong>Herren-Einzel<\/strong> wurden mit einem Teilnehmerfeld von <strong>25<\/strong> Spielern die Meisterschaft ausgespielt. In 4 Gruppen qualifizierten sich jeweils die beiden Gruppenbesten f\u00fcr die Viertelfinals. In den Halbfinals trafen Daniel Pratsch auf David Die\u00dfel und Holger Henning auf Mark Kuiff. Die\u00dfel und Kuiff setzten sich in packenden Spielen durch. Das Finale gewann <strong>Mark Kuiff<\/strong> mit 3:1 S\u00e4tzen. Zweiter wurde damit David Die\u00dfel. Der 3.Platz ging an&nbsp;Daniel Pratsch vor Holger Henning.<\/p>\n<p>Der Wanderpokal f\u00fcr den besten Spieler der unteren Mannschaften gewann der einzige Viertelfinalist aus der 3. bis 6.Mannschaft <strong>Christian Schimke<\/strong>.<\/p>\n<p>Den neuen kleinen Wanderpokal f\u00fcr den besten Spieler der untersten Spielklasse gewann <strong>Martin Schmidt<\/strong>.<\/p>\n<p>Den Pokal der besten Damen-Spielerin durfte <strong>Sandra Schmidt-H\u00f6fer<\/strong> mit nach Hause nehmen.<\/p>\n","protected":false},"excerpt":{"rendered":"<p>Im Jugend-Doppelwettbewerb nahmen 7 Doppelpaare teil. Vereinsmeister wurden Patrick Gerling und Kilian Schmidt, Zweite wurden Marvin Beeri und Michel Ohlendorf.&nbsp;Den&nbsp;3.Platz erreichten&nbsp;Mona Matussek und Lukas Ohlendorf. Auf den weiteren Pl\u00e4tzen landeten Bastian Nitschke und Paul M\u00e4neke, Cedric H\u00f6fer und Rouven Schmidt, &hellip; <a href=\"https:\/\/www.noisy-edv.de\/TTC\/wordpress\/?page_id=1245\">Weiterlesen <span class=\"meta-nav\">&rarr;<\/span><\/a><\/p>\n","protected":false},"author":1,"featured_media":0,"parent":3557,"menu_order":15,"comment_status":"closed","ping_status":"closed","template":"","meta":{"footnotes":""},"class_list":["post-1245","page","type-page","status-publish","hentry"],"_links":{"self":[{"href":"https:\/\/www.noisy-edv.de\/TTC\/wordpress\/index.php?rest_route=\/wp\/v2\/pages\/1245","targetHints":{"allow":["GET"]}}],"collection":[{"href":"https:\/\/www.noisy-edv.de\/TTC\/wordpress\/index.php?rest_route=\/wp\/v2\/pages"}],"about":[{"href":"https:\/\/www.noisy-edv.de\/TTC\/wordpress\/index.php?rest_route=\/wp\/v2\/types\/page"}],"author":[{"embeddable":true,"href":"https:\/\/www.noisy-edv.de\/TTC\/wordpress\/index.php?rest_route=\/wp\/v2\/users\/1"}],"replies":[{"embeddable":true,"href":"https:\/\/www.noisy-edv.de\/TTC\/wordpress\/index.php?rest_route=%2Fwp%2Fv2%2Fcomments&post=1245"}],"version-history":[{"count":11,"href":"https:\/\/www.noisy-edv.de\/TTC\/wordpress\/index.php?rest_route=\/wp\/v2\/pages\/1245\/revisions"}],"predecessor-version":[{"id":3564,"href":"https:\/\/www.noisy-edv.de\/TTC\/wordpress\/index.php?rest_route=\/wp\/v2\/pages\/1245\/revisions\/3564"}],"up":[{"embeddable":true,"href":"https:\/\/www.noisy-edv.de\/TTC\/wordpress\/index.php?rest_route=\/wp\/v2\/pages\/3557"}],"wp:attachment":[{"href":"https:\/\/www.noisy-edv.de\/TTC\/wordpress\/index.php?rest_route=%2Fwp%2Fv2%2Fmedia&parent=1245"}],"curies":[{"name":"wp","href":"https:\/\/api.w.org\/{rel}","templated":true}]}}