{"id":1445,"date":"2013-12-13T23:25:16","date_gmt":"2013-12-13T22:25:16","guid":{"rendered":"http:\/\/www.noisy-edv.de\/TTC\/wordpress\/?page_id=1445"},"modified":"2020-10-05T15:58:07","modified_gmt":"2020-10-05T13:58:07","slug":"2013-2","status":"publish","type":"page","link":"https:\/\/www.noisy-edv.de\/TTC\/wordpress\/?page_id=1445","title":{"rendered":"2013"},"content":{"rendered":"<p>Beim&nbsp;vierten Mini-Tischtennisturnier am 13.12.2013 gab es zum&nbsp;Jahresende f\u00fcr unsere&nbsp;Kinder und Jugendlichen wieder eine kleine sportliche Herausforderung. Insgesamt nahmen 16&nbsp;Kids teil.<\/p>\n<p>In den Gruppenspielen und der K.O.-Phase wurden die Teilnehmer diesmal wieder mit einer Besonderheit \u00fcberrascht:&nbsp;Tischtennisplatten wurden zusammengeschoben, um \u00fcber Kreuz zu spielen oder damit die Spielfl\u00e4che&nbsp;einfach doppelt so gro\u00df wird, das Netz wurde nicht quer sondern&nbsp;l\u00e4ngs \u00fcber eine Platte gespannt,&nbsp;es wurde&nbsp;die Tischtennisplatte zur Squash-Platte umfunktioniert&nbsp;und es kamen Matten unterschiedlicher Materialien zum Einsatz, die den Ball anders springen lie\u00dfen, als gewohnt. Diese Matten wurden nat\u00fcrlich besonders bei den \u00e4lteren und besseren Spielern sehr gro\u00dfz\u00fcgig&nbsp;auf deren Spielseite ausgelegt. An diesen f\u00fcnf verschiedenen Spielstationen gab es hei\u00dfe und vor allem lustige Duelle.&nbsp;Das Finale&nbsp;wurde wieder an der altbekannten Mini-Tischtennisplatte ausgetragen. Der Sieger erhielt eine kleine Troph\u00e4e, alle anderen jeweils&nbsp;ein kleines Weihnachtsgeschenk.<\/p>\n<p>Sieger des Turniers wurde Cedric H\u00f6fer, Zweite&nbsp;Hanna Holzknecht, Dritter Lukas Heiduk und Vierter Marvin Beeri. Weitere Teilnehmer waren&nbsp;Sina Nitschke, Tim Str\u00fcbig, Kilian Schmidt, Patrick Gerling, Rebecca Klar, Anna K\u00f6hler, Lisa Gerling, Iris K\u00f6hler, Stefan Holzknecht, Marie Nitschke, Nele Neumeyer und Paul Reupke.<\/p>\n<p>Traditionell durfte&nbsp;in einem &#8222;Bonus-Spiel&#8220; der Sieger, also Cedric, noch gegen den Schirmherren des Mini-Turniers Pfarrer J\u00fcrgen Grote antreten.<\/p>\n<p style=\"text-align: center;\">&nbsp;_ _ _<\/p>\n<p align=\"center\"><em>Teilnehmer des Mini-Turniers 2013<\/em><\/p>\n<p><img loading=\"lazy\" decoding=\"async\" width=\"638\" height=\"493\" title=\"Mini-Turnier 2013\" class=\"aligncenter wp-image-1452 size-full\" alt=\"Mini-Turnier 2013 \" src=\"http:\/\/www.noisy-edv.de\/TTC\/wordpress\/wp-content\/uploads\/2013\/12\/Mini-Turnier-13-klein.jpeg\" srcset=\"https:\/\/www.noisy-edv.de\/TTC\/wordpress\/wp-content\/uploads\/2013\/12\/Mini-Turnier-13-klein.jpeg 638w, https:\/\/www.noisy-edv.de\/TTC\/wordpress\/wp-content\/uploads\/2013\/12\/Mini-Turnier-13-klein-300x231.jpeg 300w\" sizes=\"auto, (max-width: 638px) 100vw, 638px\" \/><\/p>\n","protected":false},"excerpt":{"rendered":"<p>Beim&nbsp;vierten Mini-Tischtennisturnier am 13.12.2013 gab es zum&nbsp;Jahresende f\u00fcr unsere&nbsp;Kinder und Jugendlichen wieder eine kleine sportliche Herausforderung. Insgesamt nahmen 16&nbsp;Kids teil. In den Gruppenspielen und der K.O.-Phase wurden die Teilnehmer diesmal wieder mit einer Besonderheit \u00fcberrascht:&nbsp;Tischtennisplatten wurden zusammengeschoben, um \u00fcber Kreuz &hellip; <a href=\"https:\/\/www.noisy-edv.de\/TTC\/wordpress\/?page_id=1445\">Weiterlesen <span class=\"meta-nav\">&rarr;<\/span><\/a><\/p>\n","protected":false},"author":1,"featured_media":0,"parent":3566,"menu_order":6,"comment_status":"closed","ping_status":"closed","template":"","meta":{"footnotes":""},"class_list":["post-1445","page","type-page","status-publish","hentry"],"_links":{"self":[{"href":"https:\/\/www.noisy-edv.de\/TTC\/wordpress\/index.php?rest_route=\/wp\/v2\/pages\/1445","targetHints":{"allow":["GET"]}}],"collection":[{"href":"https:\/\/www.noisy-edv.de\/TTC\/wordpress\/index.php?rest_route=\/wp\/v2\/pages"}],"about":[{"href":"https:\/\/www.noisy-edv.de\/TTC\/wordpress\/index.php?rest_route=\/wp\/v2\/types\/page"}],"author":[{"embeddable":true,"href":"https:\/\/www.noisy-edv.de\/TTC\/wordpress\/index.php?rest_route=\/wp\/v2\/users\/1"}],"replies":[{"embeddable":true,"href":"https:\/\/www.noisy-edv.de\/TTC\/wordpress\/index.php?rest_route=%2Fwp%2Fv2%2Fcomments&post=1445"}],"version-history":[{"count":11,"href":"https:\/\/www.noisy-edv.de\/TTC\/wordpress\/index.php?rest_route=\/wp\/v2\/pages\/1445\/revisions"}],"predecessor-version":[{"id":3574,"href":"https:\/\/www.noisy-edv.de\/TTC\/wordpress\/index.php?rest_route=\/wp\/v2\/pages\/1445\/revisions\/3574"}],"up":[{"embeddable":true,"href":"https:\/\/www.noisy-edv.de\/TTC\/wordpress\/index.php?rest_route=\/wp\/v2\/pages\/3566"}],"wp:attachment":[{"href":"https:\/\/www.noisy-edv.de\/TTC\/wordpress\/index.php?rest_route=%2Fwp%2Fv2%2Fmedia&parent=1445"}],"curies":[{"name":"wp","href":"https:\/\/api.w.org\/{rel}","templated":true}]}}