{"id":17,"date":"2011-02-15T23:37:57","date_gmt":"2011-02-15T22:37:57","guid":{"rendered":"http:\/\/www.noisy-edv.de\/TTC\/wordpress\/?page_id=17"},"modified":"2025-11-21T16:54:52","modified_gmt":"2025-11-21T15:54:52","slug":"chronik","status":"publish","type":"page","link":"https:\/\/www.noisy-edv.de\/TTC\/wordpress\/?page_id=17","title":{"rendered":"Mitgliedschaft"},"content":{"rendered":"<p>Du willst in den TTC Edelwei\u00df Klein Elbe eintreten? Super, dann klicke nachfolgend auf &#8222;Beitrittserkl\u00e4rung&#8220;:<\/p>\n<p>&gt; <strong><a href=\"http:\/\/www.noisy-edv.de\/TTC\/wordpress\/wp-content\/uploads\/2022\/10\/TTC-Beitrittserklaerung-Formular.pdf\" target=\"_blank\" rel=\"noopener\">Beitrittserkl\u00e4rung<\/a><\/strong><\/p>\n<p>Gerne kannst Du auch \u00fcber folgenden Link in unseren Verein eintreten: <strong><a href=\"https:\/\/forms.gle\/zdC1NcAA7T4pkMf99\" target=\"_blank\" rel=\"noopener\">https:\/\/forms.gle\/zdC1NcAA7T4pkMf99<\/a><\/strong><\/p>\n<p>Das pdf-Formular einfach direkt am PC ausf\u00fcllen, ausdrucken, unterschreiben und einem Verantwortlichen des TTC geben &#8211; Fertig! \ud83d\ude00<\/p>\n","protected":false},"excerpt":{"rendered":"<p>Du willst in den TTC Edelwei\u00df Klein Elbe eintreten? Super, dann klicke nachfolgend auf &#8222;Beitrittserkl\u00e4rung&#8220;: &gt; Beitrittserkl\u00e4rung Gerne kannst Du auch \u00fcber folgenden Link in unseren Verein eintreten: https:\/\/forms.gle\/zdC1NcAA7T4pkMf99 Das pdf-Formular einfach direkt am PC ausf\u00fcllen, ausdrucken, unterschreiben und einem &hellip; <a href=\"https:\/\/www.noisy-edv.de\/TTC\/wordpress\/?page_id=17\">Weiterlesen <span class=\"meta-nav\">&rarr;<\/span><\/a><\/p>\n","protected":false},"author":1,"featured_media":0,"parent":13,"menu_order":3,"comment_status":"closed","ping_status":"closed","template":"","meta":{"footnotes":""},"class_list":["post-17","page","type-page","status-publish","hentry"],"_links":{"self":[{"href":"https:\/\/www.noisy-edv.de\/TTC\/wordpress\/index.php?rest_route=\/wp\/v2\/pages\/17","targetHints":{"allow":["GET"]}}],"collection":[{"href":"https:\/\/www.noisy-edv.de\/TTC\/wordpress\/index.php?rest_route=\/wp\/v2\/pages"}],"about":[{"href":"https:\/\/www.noisy-edv.de\/TTC\/wordpress\/index.php?rest_route=\/wp\/v2\/types\/page"}],"author":[{"embeddable":true,"href":"https:\/\/www.noisy-edv.de\/TTC\/wordpress\/index.php?rest_route=\/wp\/v2\/users\/1"}],"replies":[{"embeddable":true,"href":"https:\/\/www.noisy-edv.de\/TTC\/wordpress\/index.php?rest_route=%2Fwp%2Fv2%2Fcomments&post=17"}],"version-history":[{"count":25,"href":"https:\/\/www.noisy-edv.de\/TTC\/wordpress\/index.php?rest_route=\/wp\/v2\/pages\/17\/revisions"}],"predecessor-version":[{"id":5233,"href":"https:\/\/www.noisy-edv.de\/TTC\/wordpress\/index.php?rest_route=\/wp\/v2\/pages\/17\/revisions\/5233"}],"up":[{"embeddable":true,"href":"https:\/\/www.noisy-edv.de\/TTC\/wordpress\/index.php?rest_route=\/wp\/v2\/pages\/13"}],"wp:attachment":[{"href":"https:\/\/www.noisy-edv.de\/TTC\/wordpress\/index.php?rest_route=%2Fwp%2Fv2%2Fmedia&parent=17"}],"curies":[{"name":"wp","href":"https:\/\/api.w.org\/{rel}","templated":true}]}}