{"id":20,"date":"2011-02-15T23:38:56","date_gmt":"2011-02-15T22:38:56","guid":{"rendered":"http:\/\/www.noisy-edv.de\/TTC\/wordpress\/?page_id=20"},"modified":"2026-02-20T15:28:35","modified_gmt":"2026-02-20T14:28:35","slug":"chronik-2","status":"publish","type":"page","link":"https:\/\/www.noisy-edv.de\/TTC\/wordpress\/?page_id=20","title":{"rendered":"Chronik"},"content":{"rendered":"<p>Der Tischtennisclub \u201cEdelwei\u00df\u201c Klein Elbe e.V. wurde am 3.September 1950 in der Gastst\u00e4tte Gremmel, welche das Vereins- und Spiellokal wurde, gegr\u00fcndet. Zum Gr\u00fcndungsvorstand geh\u00f6rten Fritz Str\u00fch, Werner Matussek, Kurt K\u00f6rner, Wilfried Wagner und Klaus Haift. Zum 1.Vorsitzenden wurde Fritz Str\u00fch gew\u00e4hlt, der das Amt ein Jahr sp\u00e4ter an Werner Matussek abgab.<\/p>\n<p>Nach zwei \u00dcbungsjahren an der Tischtennisplatte, die von unserem damaligen Vereinsmitglied Lothar Knetter gefertigt wurde, startete der TTC Klein Elbe 1952 im Tischtenniskreisverband Hildesheim den Punktspielbetrieb mit einer Herrenmannschaft. Dieser Spielbetrieb begann damals mit 12 aktiven Herren und 8 aktiven Jugendspielern.<\/p>\n<p>Im Laufe der Jahre nahm die Mitgliederzahl stetig zu und neben dem Aufstieg der 1.Herren in die Bezirksliga Hildesheim\/Peine wurden auch viele Einzeltitel bei Kreismeisterschaften und Turnieren errungen.<\/p>\n<p>Im Jahr 1970 fand die Eintragung des TTC Klein Elbe in das Vereinsregister statt.<\/p>\n<p>Als 1974 die Turnhalle in Baddeckenstedt fertiggestellt wurde, verlegte man dorthin die Sportst\u00e4tte. Seit 1980 betreibt unser Verein seine Trainingseinheiten und Punktspiele in der Sporthalle Gro\u00df Elbe, die seitdem die optimalen Voraussetzungen zur Aus\u00fcbung des Tischtennissports bietet.<\/p>\n<p>In den 1980ern schloss sich dem Verein einige Jahre lang eine Damengymnastikgruppe an.<\/p>\n<p>Nach fast 40 Jahren ehrenamtlicher T\u00e4tigkeit als 1.Vorsitzender des Vereins wurde Werner Matussek im Juni 1991 zum Ehrenvorsitzenden ernannt. Heinz Drabon, der mehr als 30 Jahre als Kassenwart f\u00fcr den Verein t\u00e4tig war, wurde zum Ehrenmitglied ernannt. Der Verein w\u00e4hlte Manfred Bruer zum neuen 1.Vorsitzenden. Nach 15-j\u00e4hriger T\u00e4tigkeit gab Manfred Bruer sein Amt im Juni 2006 an Christian Schimke ab.<\/p>\n<p>Auf einer Ehrungsveranstaltung im Juni 2023 wurde Manfred Bruer zum Ehrenvorsitzenden ernannt. Des Weiteren wurden Ehrenmitgliedschaften ausgesprochen an Hans-Hermann Die\u00dfel als Ehrenschriftf\u00fchrer, Edmund Pratsch posthum als Ehrenkassenwart, Hardy Wittwer posthum als Ehrensportwart sowie an Hermann Die\u00dfel (Gr\u00fcndungsmitglied), Henning Schaare, Ralf Hinz und G\u00fcnther K\u00f6rner f\u00fcr ihre mehr als 60-j\u00e4hrige Vereinstreue.<\/p>\n<p>Beim Kommers zum Vereinsjubil\u00e4um im Juni 2025 wurden Andreas Schimke und Gerald Beeri aufgrund ihrer 60-j\u00e4hrigen Vereinstreue zu Ehrenmitgliedern ernannt. F\u00fcr 75-j\u00e4hrige Mitgliedschaft wurde Gr\u00fcndungsmitglied Hermann Die\u00dfel eine besondere Ehrung zuteil. Des Weiteren wurden f\u00fcr 50 Jahre als Mannschaftsspieler des TTC Klein Elbe nachfolgende acht Mitglieder geehrt: Henning Schaare, G\u00fcnther K\u00f6rner, Andreas Schimke, Manfred Bruer, Hans-Hermann Die\u00dfel, Andreas Bulowski, Gerald Beeri und Martin Die\u00dfel.<\/p>\n<p>Einer weiteren Erw\u00e4hnung wert sind nachfolgende bereits verstorbene Vereinsmitglieder, die eine 50-j\u00e4hrige Vereinszugeh\u00f6rigkeit erreichten: Manfred Matussek, Wolfgang Schaare, Karl Nitschke, Gerhard Schulze und Michael Matussek.<\/p>\n<p>Der TTC Klein Elbe blickt auf eine sportlich erfolgreiche Geschichte im Mannschaftsspielbetrieb zur\u00fcck. In 75 Jahren Vereinsgeschichte konnten insgesamt 30 Meistertitel gewonnen werden. Der erste Erfolg war der Gewinn der Kreismeisterschaft im Jahr 1959. Zu 15 Meisterschaften und vielen Vizemeisterschaften der ersten sechs Jahrzehnte erg\u00e4nzte sich in j\u00fcngerer Vergangenheit eine besonders beeindruckende Serie: innerhalb von sechs Jahren von 2013 bis 2018 gelangen dem TTC zehn Meisterschaften und ein Pokalsieg. Im Jubil\u00e4umsjahr 2020 gewann der Verein mit einem Schlag gleich drei Meisterschaften. Zuletzt kamen in den Jahren 2023 und 2025 zwei Meisterschaften im Jugendbereich hinzu.<\/p>\n<p>In der Dekade von 2010 bis 2020 war der Verein nicht nur durch den Gewinn vieler Meisterschaften erfolgreich, sondern auch was die Anzahl an Mannschaftsmeldungen anging, erlebte der TTC eine bemerkenswerte Zeit. So konnten in f\u00fcnf Spielzeiten (2010\/11, 2013\/14, 2015\/16, 2019\/20 und 2020\/21) zehn Mannschaften und in der Rekordsaison 2014\/15 sogar elf Mannschaften gestellt werden.<\/p>\n<p>In der 2020er Dekade war in der Saison 2023\/24 die Anzahl der Mannschaftmeldungen erstmals wieder zweistellig. In der Saison 2024\/25 konnte erneut mit elf gemeldeten Mannschaften gespielt werden. Es kamen 60 aktive Spieler in sieben Herren-Mannschaften, zwei Damen-Mannschaften und zwei Jugend-Mannschaften zum Einsatz. <span dir=\"ltr\" role=\"presentation\">F\u00fcr die neue Saison 2025\/26<\/span> <span dir=\"ltr\" role=\"presentation\"> kamen zwei weitere Jugend-Mannschaften hinzu, sodass <\/span><span dir=\"ltr\" role=\"presentation\">insgesamt <\/span><span dir=\"ltr\" role=\"presentation\">dreizehn (!) <\/span><span dir=\"ltr\" role=\"presentation\">Mannschaften<\/span> am Spielbetrieb teilnahmen<span dir=\"ltr\" role=\"presentation\">.<\/span><\/p>\n<p>Der Verein z\u00e4hlte 2010 erstmals 100 Mitglieder, 2023 erstmals 150 und 2025 erstmals 200 Mitglieder. Derzeit besteht der Verein aus 209 Mitgliedern.<\/p>\n<p>Der Vorstand des TTC Klein Elbe besteht im Jahr 2026 aus Christian Schimke (1.Vorsitzender), Alexander Kohl (2.Vorsitzender), Mona Matussek (Schriftf\u00fchrerin), Daniel Pratsch (Kassenwart), Dennis Matussek (Sportwart) und Patrick Gerling (Jugendwart).<\/p>\n<p style=\"text-align: center;\">_ _ _<\/p>\n<p style=\"text-align: center;\"><span style=\"font-size: small;\">Eine ausf\u00fchrliche Chronik \u00fcber die Geschichte des TTC Edelwei\u00df Klein Elbe finden Sie<br \/>\nin der Festzeitschrift zum 75-j\u00e4hrigen Vereinsbestehen (Erscheinungsjahr 2025).<br \/>\nAuf Anfrage beim 1.Vorsitzenden erh\u00e4ltlich.<\/span><\/p>\n","protected":false},"excerpt":{"rendered":"<p>Der Tischtennisclub \u201cEdelwei\u00df\u201c Klein Elbe e.V. wurde am 3.September 1950 in der Gastst\u00e4tte Gremmel, welche das Vereins- und Spiellokal wurde, gegr\u00fcndet. Zum Gr\u00fcndungsvorstand geh\u00f6rten Fritz Str\u00fch, Werner Matussek, Kurt K\u00f6rner, Wilfried Wagner und Klaus Haift. Zum 1.Vorsitzenden wurde Fritz Str\u00fch &hellip; <a href=\"https:\/\/www.noisy-edv.de\/TTC\/wordpress\/?page_id=20\">Weiterlesen <span class=\"meta-nav\">&rarr;<\/span><\/a><\/p>\n","protected":false},"author":1,"featured_media":0,"parent":13,"menu_order":1,"comment_status":"closed","ping_status":"closed","template":"","meta":{"footnotes":""},"class_list":["post-20","page","type-page","status-publish","hentry"],"_links":{"self":[{"href":"https:\/\/www.noisy-edv.de\/TTC\/wordpress\/index.php?rest_route=\/wp\/v2\/pages\/20","targetHints":{"allow":["GET"]}}],"collection":[{"href":"https:\/\/www.noisy-edv.de\/TTC\/wordpress\/index.php?rest_route=\/wp\/v2\/pages"}],"about":[{"href":"https:\/\/www.noisy-edv.de\/TTC\/wordpress\/index.php?rest_route=\/wp\/v2\/types\/page"}],"author":[{"embeddable":true,"href":"https:\/\/www.noisy-edv.de\/TTC\/wordpress\/index.php?rest_route=\/wp\/v2\/users\/1"}],"replies":[{"embeddable":true,"href":"https:\/\/www.noisy-edv.de\/TTC\/wordpress\/index.php?rest_route=%2Fwp%2Fv2%2Fcomments&post=20"}],"version-history":[{"count":117,"href":"https:\/\/www.noisy-edv.de\/TTC\/wordpress\/index.php?rest_route=\/wp\/v2\/pages\/20\/revisions"}],"predecessor-version":[{"id":5313,"href":"https:\/\/www.noisy-edv.de\/TTC\/wordpress\/index.php?rest_route=\/wp\/v2\/pages\/20\/revisions\/5313"}],"up":[{"embeddable":true,"href":"https:\/\/www.noisy-edv.de\/TTC\/wordpress\/index.php?rest_route=\/wp\/v2\/pages\/13"}],"wp:attachment":[{"href":"https:\/\/www.noisy-edv.de\/TTC\/wordpress\/index.php?rest_route=%2Fwp%2Fv2%2Fmedia&parent=20"}],"curies":[{"name":"wp","href":"https:\/\/api.w.org\/{rel}","templated":true}]}}