{"id":2165,"date":"2015-04-20T10:40:45","date_gmt":"2015-04-20T08:40:45","guid":{"rendered":"http:\/\/www.noisy-edv.de\/TTC\/wordpress\/?page_id=2165"},"modified":"2020-10-05T15:33:09","modified_gmt":"2020-10-05T13:33:09","slug":"2015-2","status":"publish","type":"page","link":"https:\/\/www.noisy-edv.de\/TTC\/wordpress\/?page_id=2165","title":{"rendered":"2015"},"content":{"rendered":"<p>Im <strong>Doppelwettbewerb <\/strong>nahmen <strong>14<\/strong> Doppelpaare teil.&nbsp;In&nbsp;4 Gruppen wurden die besten Doppel ermittelt, die sich dann im Viertelfinale, Halbfinale und Finale miteinander messen mussten. Sieger wurden&nbsp;<strong>Klaus Kotke<\/strong>&nbsp;und <strong>David Schmitz<\/strong>, die sich im Finale gegen&nbsp;Daniel Pratsch&nbsp;und&nbsp;Andr\u00e9 Neumann&nbsp;durchsetzten. Der 3.Platz ging an&nbsp;David Die\u00dfel und Kai Die\u00dfel&nbsp;vor Jens Borchers und Martin Die\u00dfel.<\/p>\n<p>Im <strong>Jugend-Einzel<\/strong> haben&nbsp;<strong>10<\/strong> Jugendliche mitgemacht.&nbsp;In&nbsp;2 Gruppen wurden die besten Spieler ermittelt, die dann im Halbfinale und Finale gegeneinander antreten mussten. Nach spannenden Spielen stand am Ende der neue Vereinsmeister fest: <strong>Kilian Schmidt<\/strong>. Zweiter wurde Marvin Beeri und Dritter Cedric H\u00f6fer. Auf den weiteren Pl\u00e4tzen folgten Stefan Holzknecht, Rouven Schmidt, Paul Reupke, Anton Pankosch, Niklas Kasten, Moritz Wesemann und Nils Hermann.<\/p>\n<p>Im <strong>M\u00e4dchen-Einzel<\/strong> nahmen&nbsp;<strong>4<\/strong> M\u00e4dels teil.&nbsp;Zun\u00e4chst wurde innerhalb der Gruppenphase des Jugend-Einzels die jeweils gruppenbeste Spielerin gesucht, die dann gegen die zweitbeste Spielerin der Parallelgruppe im Halbfinale antreten musste.&nbsp;Siegerin des Finals wurde <strong>Hanna Holzknecht.<\/strong> Zweite wurde Mercedes Grell, Dritte Rebecca Klar und Vierte Jana Bremer.<\/p>\n<p>Im <strong>Herren-Einzel<\/strong> wurde mit einem Teilnehmerfeld von <strong>25<\/strong> Spielern die Meisterschaft ausgespielt. In 4 Gruppen qualifizierten sich jeweils die beiden Gruppenbesten f\u00fcr die Viertelfinals. In den Halbfinals trafen Alexander Kohl auf Daniel Pratsch und&nbsp;Andr\u00e9 T\u00f6nnies auf Jens Borchers. Kohl und&nbsp;T\u00f6nnies setzten sich durch. Das Finale gewann&nbsp;<strong>Alexander Kohl<\/strong>. Zweiter wurde damit Andr\u00e9 T\u00f6nnies. Der 3.Platz ging an&nbsp;Daniel Pratsch&nbsp;vor&nbsp;Jens Borchers.<\/p>\n<p>Den Wanderpokal f\u00fcr den besten Spieler der unteren Mannschaften (3. bis 6.) gewann zum dritten Mal in Folge&nbsp;<strong>Christian Schimke<\/strong>.<\/p>\n<p>Den kleinen Wanderpokal f\u00fcr den besten Spieler der untersten Spielklasse gewann <strong>Michael Wolf<\/strong>.<\/p>\n<p>Im Damen-Einzel-Wettbewerb siegte erneut <strong>Sandra Schmidt-H\u00f6fer <\/strong>vor Sabine Die\u00dfel.<\/p>\n<p style=\"text-align: center;\">&nbsp;_ _ _<\/p>\n<p align=\"center\"><em>Teilnehmer&nbsp;Doppelwettbewerb<\/em><\/p>\n<p><img loading=\"lazy\" decoding=\"async\" width=\"768\" height=\"222\" class=\"aligncenter size-full wp-image-2320\" alt=\"\" src=\"http:\/\/www.noisy-edv.de\/TTC\/wordpress\/wp-content\/uploads\/2015\/04\/VM-2015-neu31.jpg\" srcset=\"https:\/\/www.noisy-edv.de\/TTC\/wordpress\/wp-content\/uploads\/2015\/04\/VM-2015-neu31.jpg 768w, https:\/\/www.noisy-edv.de\/TTC\/wordpress\/wp-content\/uploads\/2015\/04\/VM-2015-neu31-300x87.jpg 300w, https:\/\/www.noisy-edv.de\/TTC\/wordpress\/wp-content\/uploads\/2015\/04\/VM-2015-neu31-500x145.jpg 500w\" sizes=\"auto, (max-width: 768px) 100vw, 768px\" \/><\/p>\n","protected":false},"excerpt":{"rendered":"<p>Im Doppelwettbewerb nahmen 14 Doppelpaare teil.&nbsp;In&nbsp;4 Gruppen wurden die besten Doppel ermittelt, die sich dann im Viertelfinale, Halbfinale und Finale miteinander messen mussten. Sieger wurden&nbsp;Klaus Kotke&nbsp;und David Schmitz, die sich im Finale gegen&nbsp;Daniel Pratsch&nbsp;und&nbsp;Andr\u00e9 Neumann&nbsp;durchsetzten. Der 3.Platz ging an&nbsp;David Die\u00dfel &hellip; <a href=\"https:\/\/www.noisy-edv.de\/TTC\/wordpress\/?page_id=2165\">Weiterlesen <span class=\"meta-nav\">&rarr;<\/span><\/a><\/p>\n","protected":false},"author":1,"featured_media":0,"parent":3557,"menu_order":13,"comment_status":"closed","ping_status":"closed","template":"","meta":{"footnotes":""},"class_list":["post-2165","page","type-page","status-publish","hentry"],"_links":{"self":[{"href":"https:\/\/www.noisy-edv.de\/TTC\/wordpress\/index.php?rest_route=\/wp\/v2\/pages\/2165","targetHints":{"allow":["GET"]}}],"collection":[{"href":"https:\/\/www.noisy-edv.de\/TTC\/wordpress\/index.php?rest_route=\/wp\/v2\/pages"}],"about":[{"href":"https:\/\/www.noisy-edv.de\/TTC\/wordpress\/index.php?rest_route=\/wp\/v2\/types\/page"}],"author":[{"embeddable":true,"href":"https:\/\/www.noisy-edv.de\/TTC\/wordpress\/index.php?rest_route=\/wp\/v2\/users\/1"}],"replies":[{"embeddable":true,"href":"https:\/\/www.noisy-edv.de\/TTC\/wordpress\/index.php?rest_route=%2Fwp%2Fv2%2Fcomments&post=2165"}],"version-history":[{"count":5,"href":"https:\/\/www.noisy-edv.de\/TTC\/wordpress\/index.php?rest_route=\/wp\/v2\/pages\/2165\/revisions"}],"predecessor-version":[{"id":3562,"href":"https:\/\/www.noisy-edv.de\/TTC\/wordpress\/index.php?rest_route=\/wp\/v2\/pages\/2165\/revisions\/3562"}],"up":[{"embeddable":true,"href":"https:\/\/www.noisy-edv.de\/TTC\/wordpress\/index.php?rest_route=\/wp\/v2\/pages\/3557"}],"wp:attachment":[{"href":"https:\/\/www.noisy-edv.de\/TTC\/wordpress\/index.php?rest_route=%2Fwp%2Fv2%2Fmedia&parent=2165"}],"curies":[{"name":"wp","href":"https:\/\/api.w.org\/{rel}","templated":true}]}}