{"id":2255,"date":"2015-09-02T08:48:01","date_gmt":"2015-09-02T06:48:01","guid":{"rendered":"http:\/\/www.noisy-edv.de\/TTC\/wordpress\/?page_id=2255"},"modified":"2023-08-14T11:50:48","modified_gmt":"2023-08-14T09:50:48","slug":"2015-2","status":"publish","type":"page","link":"https:\/\/www.noisy-edv.de\/TTC\/wordpress\/?page_id=2255","title":{"rendered":"2015"},"content":{"rendered":"<p>Beim traditionellen Bo\u00dfelturnier des TTC Klein Elbe am 29.8.2015 nahmen 6 Mannschaften teil. Das zum 27. Mal ausgerichtete Bo\u00dfelturnier f\u00fcr die \u00f6rtlichen Vereine fand im Rahmen des Jubil\u00e4umsfestes zum 65-j\u00e4hrigen Vereinsbestehen statt. Zeitgleich wurde auch ein zweites Bo\u00dfelturnier f\u00fcr eingeladene Tischtennisvereine ausgerichtet, an dem&nbsp;7 Mannschaften teilnahmen. Die Tischtennisvereine machten sich am Klein Elber Spielplatz auf den Weg zum Bahn\u00fcbergang und zur\u00fcck, die Klein Elber Vereine bo\u00dfelten dieses Mal auf dem Gehweg von Klein Elbe nach Gro\u00df Elbe und zur\u00fcck. Alle Mannschaften kamen ans Ziel und im Anschluss wanderten alle Teams gl\u00fccklich zur\u00fcck zum Klein Elber Teich, wo ein geselliger Nachmittag mit Ehrung der Sieger der beiden Bo\u00dfelturniere verlebt wurde.<\/p>\n<p>Die <strong>Platzierungen<\/strong> des Bo\u00dfelturniers 2015 f\u00fcr die <strong>\u00f6rtlichen Vereine<\/strong>:<\/p>\n<ol>\n<li>Gemeinderat (35 Wurf)<\/li>\n<li>TTC Klein Elbe &#8211; Jugend (35 Wurf)<\/li>\n<li>Freiwillige Feuerwehr (35 Wurf)<\/li>\n<li>Seniorengruppe (36 Wurf)<\/li>\n<li>Musikverein (38 Wurf)<\/li>\n<li>TTC Klein Elbe &#8211; M\u00e4dchen (39 Wurf)<\/li>\n<\/ol>\n<p>Die <strong>Platzierungen<\/strong> des Bo\u00dfelturniers 2015 f\u00fcr die <strong>Tischtennisvereine<\/strong>:<\/p>\n<p>1. TTC Heersum (34 Wurf)<br \/>\n2. SV Gl\u00fcck Auf Gebhardshagen 3 (35 Wurf)<br \/>\n2. TTC Klein Elbe (35 Wurf)<br \/>\n4. SV Gl\u00fcck Auf Gebhardshagen 2 (38 Wurf)<br \/>\n5. TTC Binder (40 Wurf)<br \/>\n5. WBR Wartjenstedt (40 Wurf)<br \/>\n7. SV Gl\u00fcck Auf Gebhardshagen 1 (43 Wurf)<\/p>\n<p><img loading=\"lazy\" decoding=\"async\" class=\"aligncenter size-full wp-image-3311\" src=\"http:\/\/www.noisy-edv.de\/TTC\/wordpress\/wp-content\/uploads\/2019\/09\/IMG_4121.jpg\" alt=\"\" width=\"1744\" height=\"887\" srcset=\"https:\/\/www.noisy-edv.de\/TTC\/wordpress\/wp-content\/uploads\/2019\/09\/IMG_4121.jpg 1744w, https:\/\/www.noisy-edv.de\/TTC\/wordpress\/wp-content\/uploads\/2019\/09\/IMG_4121-300x153.jpg 300w, https:\/\/www.noisy-edv.de\/TTC\/wordpress\/wp-content\/uploads\/2019\/09\/IMG_4121-768x391.jpg 768w, https:\/\/www.noisy-edv.de\/TTC\/wordpress\/wp-content\/uploads\/2019\/09\/IMG_4121-1024x521.jpg 1024w, https:\/\/www.noisy-edv.de\/TTC\/wordpress\/wp-content\/uploads\/2019\/09\/IMG_4121-500x254.jpg 500w\" sizes=\"auto, (max-width: 1744px) 100vw, 1744px\" \/><\/p>\n","protected":false},"excerpt":{"rendered":"<p>Beim traditionellen Bo\u00dfelturnier des TTC Klein Elbe am 29.8.2015 nahmen 6 Mannschaften teil. Das zum 27. Mal ausgerichtete Bo\u00dfelturnier f\u00fcr die \u00f6rtlichen Vereine fand im Rahmen des Jubil\u00e4umsfestes zum 65-j\u00e4hrigen Vereinsbestehen statt. Zeitgleich wurde auch ein zweites Bo\u00dfelturnier f\u00fcr eingeladene &hellip; <a href=\"https:\/\/www.noisy-edv.de\/TTC\/wordpress\/?page_id=2255\">Weiterlesen <span class=\"meta-nav\">&rarr;<\/span><\/a><\/p>\n","protected":false},"author":1,"featured_media":0,"parent":430,"menu_order":7,"comment_status":"closed","ping_status":"closed","template":"","meta":{"footnotes":""},"class_list":["post-2255","page","type-page","status-publish","hentry"],"_links":{"self":[{"href":"https:\/\/www.noisy-edv.de\/TTC\/wordpress\/index.php?rest_route=\/wp\/v2\/pages\/2255","targetHints":{"allow":["GET"]}}],"collection":[{"href":"https:\/\/www.noisy-edv.de\/TTC\/wordpress\/index.php?rest_route=\/wp\/v2\/pages"}],"about":[{"href":"https:\/\/www.noisy-edv.de\/TTC\/wordpress\/index.php?rest_route=\/wp\/v2\/types\/page"}],"author":[{"embeddable":true,"href":"https:\/\/www.noisy-edv.de\/TTC\/wordpress\/index.php?rest_route=\/wp\/v2\/users\/1"}],"replies":[{"embeddable":true,"href":"https:\/\/www.noisy-edv.de\/TTC\/wordpress\/index.php?rest_route=%2Fwp%2Fv2%2Fcomments&post=2255"}],"version-history":[{"count":15,"href":"https:\/\/www.noisy-edv.de\/TTC\/wordpress\/index.php?rest_route=\/wp\/v2\/pages\/2255\/revisions"}],"predecessor-version":[{"id":4444,"href":"https:\/\/www.noisy-edv.de\/TTC\/wordpress\/index.php?rest_route=\/wp\/v2\/pages\/2255\/revisions\/4444"}],"up":[{"embeddable":true,"href":"https:\/\/www.noisy-edv.de\/TTC\/wordpress\/index.php?rest_route=\/wp\/v2\/pages\/430"}],"wp:attachment":[{"href":"https:\/\/www.noisy-edv.de\/TTC\/wordpress\/index.php?rest_route=%2Fwp%2Fv2%2Fmedia&parent=2255"}],"curies":[{"name":"wp","href":"https:\/\/api.w.org\/{rel}","templated":true}]}}