{"id":2292,"date":"2015-12-16T21:30:11","date_gmt":"2015-12-16T20:30:11","guid":{"rendered":"http:\/\/www.noisy-edv.de\/TTC\/wordpress\/?page_id=2292"},"modified":"2020-10-05T15:57:19","modified_gmt":"2020-10-05T13:57:19","slug":"2015-2","status":"publish","type":"page","link":"https:\/\/www.noisy-edv.de\/TTC\/wordpress\/?page_id=2292","title":{"rendered":"2015"},"content":{"rendered":"<p>Zu Beginn des sechsten Mini-Turniers begr\u00fc\u00dfte der Vorstand gemeinsam mit dem Schirmherren Pfarrer J\u00fcrgen Grote 13 Kinder und Jugendliche des Vereins in der Gro\u00df Elber Sporthalle.<\/p>\n<p>Der Modus sah in diesem Jahr so aus, dass in zwei Gruppen die Sieger ermittelt wurden, die dann im Anschluss im&nbsp;Mini-Finale den Turniersieger ausspielten. Verschiedene Spielstationen waren auch in diesem Jahr kleine oder gro\u00dfe Herausforderungen f\u00fcr die Kids. Station 1 war die bew\u00e4hrte &#8222;Spaghetti- oder Dschungelplatte&#8220; (vier Seile hingen von der Decke bis runter zum Netz und erschwerten so das Spiel), Station 2 war die Spezialplatte (verschiedene Pappformen wurden auf der Platte verteilt und lie\u00dfen den Ball an manchen Stellen kaum bis gar nicht springen), Station 3 war die Mattenplatte (riesige Sprungmatten vor den Platten st\u00f6rten die Beweglichkeit der Spieler und machten das Spiel dadurch interessant), Station 4 war das Badmintonfeld (mit H\u00fctchen abgestecktes Spielfeld, Banden als Netz, verschiedene Schl\u00e4ger als &#8222;Spannungsmacher&#8220; zwischen Gro\u00df und Klein), Station 5 war die &#8222;lange Platte&#8220;&nbsp;(zwei Platten hintereinander von einem gro\u00dfen Turnkasten als \u201cNetz\u201d getrennt). Es gab spannende und lustige Duelle. Die Kiddis hatten Spa\u00df, die Zuschauer ebenso. \ud83d\ude00<\/p>\n<p>Im Spiel um Platz 3, dem sogenannten kleinen Finale, standen sich Niklas Kasten und Vorjahresgewinner Tim Str\u00fcbig gegen\u00fcber. Tim entschied das Mini-Match an der Miniplatte f\u00fcr sich. Das gro\u00dfe Finale bestritten Hanna Holzknecht und Lisa Gerling. In einer kurzen, aber intensiven Partie war am Ende Hanna an der Miniplatte erfolgreich.<\/p>\n<p>Die weiteren Sieger des Turniers waren Nele Neumeyer, Paul Reupke, Vanessa Gerling, Stefan Holzknecht, Rebecca Klar, Mercedes Grell, Nils Hermann, Moritz Wesemann und Lina Heiduk.<\/p>\n<p>Am Ende gab es die feierliche Siegerehrung und jeder Teilnehmer bekam ein kleines Weihnachtsgeschenk. \ud83d\ude00<\/p>\n<p style=\"text-align: center;\">_ _ _<\/p>\n<p align=\"center\"><em>Teilnehmer des Mini-Turniers 2015<\/em><\/p>\n<p><img loading=\"lazy\" decoding=\"async\" width=\"571\" height=\"405\" class=\"aligncenter size-full wp-image-2295\" alt=\"Mini-Turnier 2015\" src=\"http:\/\/www.noisy-edv.de\/TTC\/wordpress\/wp-content\/uploads\/2015\/12\/Mini-2015.jpg\" srcset=\"https:\/\/www.noisy-edv.de\/TTC\/wordpress\/wp-content\/uploads\/2015\/12\/Mini-2015.jpg 571w, https:\/\/www.noisy-edv.de\/TTC\/wordpress\/wp-content\/uploads\/2015\/12\/Mini-2015-300x213.jpg 300w, https:\/\/www.noisy-edv.de\/TTC\/wordpress\/wp-content\/uploads\/2015\/12\/Mini-2015-423x300.jpg 423w\" sizes=\"auto, (max-width: 571px) 100vw, 571px\" \/><\/p>\n","protected":false},"excerpt":{"rendered":"<p>Zu Beginn des sechsten Mini-Turniers begr\u00fc\u00dfte der Vorstand gemeinsam mit dem Schirmherren Pfarrer J\u00fcrgen Grote 13 Kinder und Jugendliche des Vereins in der Gro\u00df Elber Sporthalle. Der Modus sah in diesem Jahr so aus, dass in zwei Gruppen die Sieger &hellip; <a href=\"https:\/\/www.noisy-edv.de\/TTC\/wordpress\/?page_id=2292\">Weiterlesen <span class=\"meta-nav\">&rarr;<\/span><\/a><\/p>\n","protected":false},"author":1,"featured_media":0,"parent":3566,"menu_order":4,"comment_status":"closed","ping_status":"closed","template":"","meta":{"footnotes":""},"class_list":["post-2292","page","type-page","status-publish","hentry"],"_links":{"self":[{"href":"https:\/\/www.noisy-edv.de\/TTC\/wordpress\/index.php?rest_route=\/wp\/v2\/pages\/2292","targetHints":{"allow":["GET"]}}],"collection":[{"href":"https:\/\/www.noisy-edv.de\/TTC\/wordpress\/index.php?rest_route=\/wp\/v2\/pages"}],"about":[{"href":"https:\/\/www.noisy-edv.de\/TTC\/wordpress\/index.php?rest_route=\/wp\/v2\/types\/page"}],"author":[{"embeddable":true,"href":"https:\/\/www.noisy-edv.de\/TTC\/wordpress\/index.php?rest_route=\/wp\/v2\/users\/1"}],"replies":[{"embeddable":true,"href":"https:\/\/www.noisy-edv.de\/TTC\/wordpress\/index.php?rest_route=%2Fwp%2Fv2%2Fcomments&post=2292"}],"version-history":[{"count":9,"href":"https:\/\/www.noisy-edv.de\/TTC\/wordpress\/index.php?rest_route=\/wp\/v2\/pages\/2292\/revisions"}],"predecessor-version":[{"id":3572,"href":"https:\/\/www.noisy-edv.de\/TTC\/wordpress\/index.php?rest_route=\/wp\/v2\/pages\/2292\/revisions\/3572"}],"up":[{"embeddable":true,"href":"https:\/\/www.noisy-edv.de\/TTC\/wordpress\/index.php?rest_route=\/wp\/v2\/pages\/3566"}],"wp:attachment":[{"href":"https:\/\/www.noisy-edv.de\/TTC\/wordpress\/index.php?rest_route=%2Fwp%2Fv2%2Fmedia&parent=2292"}],"curies":[{"name":"wp","href":"https:\/\/api.w.org\/{rel}","templated":true}]}}