{"id":2406,"date":"2016-04-26T15:59:13","date_gmt":"2016-04-26T13:59:13","guid":{"rendered":"http:\/\/www.noisy-edv.de\/TTC\/wordpress\/?page_id=2406"},"modified":"2020-10-05T15:32:29","modified_gmt":"2020-10-05T13:32:29","slug":"2016-2","status":"publish","type":"page","link":"https:\/\/www.noisy-edv.de\/TTC\/wordpress\/?page_id=2406","title":{"rendered":"2016"},"content":{"rendered":"<p>Im <strong>Doppelwettbewerb<\/strong> nahmen <strong>15<\/strong> Doppelpaare teil.&nbsp;In&nbsp;2 Gruppen wurden jeweils die besten 4 Doppel ermittelt, die sich dann im Viertelfinale, Halbfinale und Finale miteinander messen durften. Sieger wurden&nbsp;<strong>David Die\u00dfel&nbsp;<\/strong>und <strong>Kai Die\u00dfel<\/strong>, die sich im Finale gegen&nbsp;Daniel Pratsch&nbsp;und&nbsp;Andr\u00e9 Neumann&nbsp;durchsetzten. Das Spiel um Platz 3 entschieden Klaus Kotke und Christian Schimke f\u00fcr sich gegen das Duo Thorsten Bremer und Burkhard Spie\u00dfl.<\/p>\n<p>Im Jugend-Einzel und M\u00e4dchen-Einzel wurde zun\u00e4chst in einer gemeinsamen Gruppe mit <strong>7 <\/strong>Teilnehmern im Modus Jeder-gegen-Jeden gespielt. Das anschlie\u00dfende Endspiel um die <strong>Jugend-Vereinsmeisterschaft <\/strong>gewann <strong>Paul Reupke <\/strong>gegen Niklas Kasten.<\/p>\n<p>Die Siegerin im <strong>M\u00e4dchen-Einzel<\/strong> wurde im Halbfinale und Finale ermittelt. Nach spannenden Spielen stand am Ende die Vereinsmeisterin fest: Wieder einmal und zum dritten Mal in Folge konnte <strong>Hanna Holzknecht <\/strong>das Finale f\u00fcr sich entscheiden. Zweite wurde Lisa Gerling und Dritte Sina Nitschke. Auf den weiteren Pl\u00e4tzen folgten Rebecca Klar und Vanessa Gerling.<\/p>\n<p>Im <strong>Herren-Einzel<\/strong> wurde mit einem Teilnehmerfeld von <strong>24 <\/strong>Spielern die Meisterschaft ausgespielt. In 4 Gruppen qualifizierten sich jeweils die beiden Gruppenbesten f\u00fcr die Viertelfinals. In den Halbfinals trafen Klaus Kotke auf David Die\u00dfel und&nbsp;Alexander Kohl auf Kai Die\u00dfel. Kotke und Kohl setzten sich durch. Das Finale gewann&nbsp;<strong>Alexander Kohl <\/strong>knapp in 5 S\u00e4tzen. Zweiter wurde damit Klaus Kotke. Der 3.Platz ging an Kai Die\u00dfel&nbsp;vor&nbsp;David Die\u00dfel.<\/p>\n<p>Den Wanderpokal f\u00fcr den besten Spieler der unteren Mannschaften (3. bis 6.) gewann <strong>Patrick Gerling<\/strong>, der im Entscheidungsspiel gegen Magnus Kappei die Oberhand behielt.<\/p>\n<p>Den kleinen Wanderpokal f\u00fcr den besten Spieler der untersten Spielklasse gewann <strong>Michael Wolf<\/strong>, der den Pokal erstmalig verteidigen konnte.<\/p>\n<p>Im <strong>Damen-Einzel-Wettbewerb <\/strong>siegte <strong>Mona Matussek<\/strong>. Sie ist die bislang erste Dame, die ins Viertelfinale des Herren\/Damen-Einzels einziehen konnte. Zweite wurde Sabine Die\u00dfel und Dritte Sandra Schmidt-H\u00f6fer.<\/p>\n<p style=\"text-align: center;\">_ _ _<\/p>\n<p align=\"center\" style=\"text-align: center;\"><em>Teilnehmer&nbsp;Doppelwettbewerb<\/em><\/p>\n<p><img loading=\"lazy\" decoding=\"async\" width=\"569\" height=\"242\" class=\"aligncenter size-full wp-image-2411\" alt=\"\" src=\"http:\/\/www.noisy-edv.de\/TTC\/wordpress\/wp-content\/uploads\/2016\/04\/Doppel-Teilnehmer.jpg\" srcset=\"https:\/\/www.noisy-edv.de\/TTC\/wordpress\/wp-content\/uploads\/2016\/04\/Doppel-Teilnehmer.jpg 569w, https:\/\/www.noisy-edv.de\/TTC\/wordpress\/wp-content\/uploads\/2016\/04\/Doppel-Teilnehmer-300x128.jpg 300w, https:\/\/www.noisy-edv.de\/TTC\/wordpress\/wp-content\/uploads\/2016\/04\/Doppel-Teilnehmer-500x213.jpg 500w\" sizes=\"auto, (max-width: 569px) 100vw, 569px\" \/><\/p>\n<p style=\"text-align: center;\">_ _ _<\/p>\n<p align=\"center\" style=\"text-align: center;\"><em>Sieger&nbsp;Doppel<\/em><\/p>\n<p><img loading=\"lazy\" decoding=\"async\" width=\"569\" height=\"427\" class=\"aligncenter size-full wp-image-2412\" alt=\"\" src=\"http:\/\/www.noisy-edv.de\/TTC\/wordpress\/wp-content\/uploads\/2016\/04\/Doppel-3.jpg\" srcset=\"https:\/\/www.noisy-edv.de\/TTC\/wordpress\/wp-content\/uploads\/2016\/04\/Doppel-3.jpg 569w, https:\/\/www.noisy-edv.de\/TTC\/wordpress\/wp-content\/uploads\/2016\/04\/Doppel-3-300x225.jpg 300w, https:\/\/www.noisy-edv.de\/TTC\/wordpress\/wp-content\/uploads\/2016\/04\/Doppel-3-400x300.jpg 400w\" sizes=\"auto, (max-width: 569px) 100vw, 569px\" \/><\/p>\n<p style=\"text-align: center;\">_ _ _<\/p>\n<p align=\"center\" style=\"text-align: center;\"><em>Sieger Jugend- und M\u00e4dchen-Einzel<\/em><\/p>\n<p><img loading=\"lazy\" decoding=\"async\" width=\"570\" height=\"481\" class=\"aligncenter size-full wp-image-2413\" alt=\"\" src=\"http:\/\/www.noisy-edv.de\/TTC\/wordpress\/wp-content\/uploads\/2016\/04\/Jugend-u.-M\u00e4dchen.jpg\" srcset=\"https:\/\/www.noisy-edv.de\/TTC\/wordpress\/wp-content\/uploads\/2016\/04\/Jugend-u.-M\u00e4dchen.jpg 570w, https:\/\/www.noisy-edv.de\/TTC\/wordpress\/wp-content\/uploads\/2016\/04\/Jugend-u.-M\u00e4dchen-300x253.jpg 300w, https:\/\/www.noisy-edv.de\/TTC\/wordpress\/wp-content\/uploads\/2016\/04\/Jugend-u.-M\u00e4dchen-356x300.jpg 356w\" sizes=\"auto, (max-width: 570px) 100vw, 570px\" \/><\/p>\n<p style=\"text-align: center;\">_ _ _<\/p>\n<p align=\"center\" style=\"text-align: center;\"><em>Teilnehmer&nbsp;Einzelwettbewerb<\/em><\/p>\n<p><img loading=\"lazy\" decoding=\"async\" width=\"569\" height=\"295\" class=\"aligncenter size-full wp-image-2415\" alt=\"\" src=\"http:\/\/www.noisy-edv.de\/TTC\/wordpress\/wp-content\/uploads\/2016\/04\/Einzel-Teilnehmer.jpg\" srcset=\"https:\/\/www.noisy-edv.de\/TTC\/wordpress\/wp-content\/uploads\/2016\/04\/Einzel-Teilnehmer.jpg 569w, https:\/\/www.noisy-edv.de\/TTC\/wordpress\/wp-content\/uploads\/2016\/04\/Einzel-Teilnehmer-300x156.jpg 300w, https:\/\/www.noisy-edv.de\/TTC\/wordpress\/wp-content\/uploads\/2016\/04\/Einzel-Teilnehmer-500x259.jpg 500w\" sizes=\"auto, (max-width: 569px) 100vw, 569px\" \/><\/p>\n<p style=\"text-align: center;\">_ _ _<\/p>\n<p align=\"center\" style=\"text-align: center;\"><em>Sieger Herren-Einzel<\/em><\/p>\n<p><img loading=\"lazy\" decoding=\"async\" width=\"570\" height=\"495\" class=\"aligncenter size-full wp-image-2416\" alt=\"\" src=\"http:\/\/www.noisy-edv.de\/TTC\/wordpress\/wp-content\/uploads\/2016\/04\/Herren-4.jpg\" srcset=\"https:\/\/www.noisy-edv.de\/TTC\/wordpress\/wp-content\/uploads\/2016\/04\/Herren-4.jpg 570w, https:\/\/www.noisy-edv.de\/TTC\/wordpress\/wp-content\/uploads\/2016\/04\/Herren-4-300x261.jpg 300w, https:\/\/www.noisy-edv.de\/TTC\/wordpress\/wp-content\/uploads\/2016\/04\/Herren-4-345x300.jpg 345w\" sizes=\"auto, (max-width: 570px) 100vw, 570px\" \/><\/p>\n<p style=\"text-align: center;\"><img loading=\"lazy\" decoding=\"async\" width=\"570\" height=\"390\" class=\"aligncenter size-full wp-image-2417\" alt=\"\" src=\"http:\/\/www.noisy-edv.de\/TTC\/wordpress\/wp-content\/uploads\/2016\/04\/Herren-2.jpg\" srcset=\"https:\/\/www.noisy-edv.de\/TTC\/wordpress\/wp-content\/uploads\/2016\/04\/Herren-2.jpg 570w, https:\/\/www.noisy-edv.de\/TTC\/wordpress\/wp-content\/uploads\/2016\/04\/Herren-2-300x205.jpg 300w, https:\/\/www.noisy-edv.de\/TTC\/wordpress\/wp-content\/uploads\/2016\/04\/Herren-2-438x300.jpg 438w\" sizes=\"auto, (max-width: 570px) 100vw, 570px\" \/><\/p>\n<p style=\"text-align: center;\">_ _ _<\/p>\n<p align=\"center\" style=\"text-align: center;\"><em>Sieger Damen-Einzel<\/em><\/p>\n<p><img loading=\"lazy\" decoding=\"async\" width=\"483\" height=\"569\" class=\"aligncenter size-full wp-image-2418\" alt=\"\" src=\"http:\/\/www.noisy-edv.de\/TTC\/wordpress\/wp-content\/uploads\/2016\/04\/Damen.jpg\" srcset=\"https:\/\/www.noisy-edv.de\/TTC\/wordpress\/wp-content\/uploads\/2016\/04\/Damen.jpg 483w, https:\/\/www.noisy-edv.de\/TTC\/wordpress\/wp-content\/uploads\/2016\/04\/Damen-255x300.jpg 255w\" sizes=\"auto, (max-width: 483px) 100vw, 483px\" \/><\/p>\n","protected":false},"excerpt":{"rendered":"<p>Im Doppelwettbewerb nahmen 15 Doppelpaare teil.&nbsp;In&nbsp;2 Gruppen wurden jeweils die besten 4 Doppel ermittelt, die sich dann im Viertelfinale, Halbfinale und Finale miteinander messen durften. Sieger wurden&nbsp;David Die\u00dfel&nbsp;und Kai Die\u00dfel, die sich im Finale gegen&nbsp;Daniel Pratsch&nbsp;und&nbsp;Andr\u00e9 Neumann&nbsp;durchsetzten. Das Spiel um &hellip; <a href=\"https:\/\/www.noisy-edv.de\/TTC\/wordpress\/?page_id=2406\">Weiterlesen <span class=\"meta-nav\">&rarr;<\/span><\/a><\/p>\n","protected":false},"author":1,"featured_media":0,"parent":3557,"menu_order":12,"comment_status":"closed","ping_status":"closed","template":"","meta":{"footnotes":""},"class_list":["post-2406","page","type-page","status-publish","hentry"],"_links":{"self":[{"href":"https:\/\/www.noisy-edv.de\/TTC\/wordpress\/index.php?rest_route=\/wp\/v2\/pages\/2406","targetHints":{"allow":["GET"]}}],"collection":[{"href":"https:\/\/www.noisy-edv.de\/TTC\/wordpress\/index.php?rest_route=\/wp\/v2\/pages"}],"about":[{"href":"https:\/\/www.noisy-edv.de\/TTC\/wordpress\/index.php?rest_route=\/wp\/v2\/types\/page"}],"author":[{"embeddable":true,"href":"https:\/\/www.noisy-edv.de\/TTC\/wordpress\/index.php?rest_route=\/wp\/v2\/users\/1"}],"replies":[{"embeddable":true,"href":"https:\/\/www.noisy-edv.de\/TTC\/wordpress\/index.php?rest_route=%2Fwp%2Fv2%2Fcomments&post=2406"}],"version-history":[{"count":10,"href":"https:\/\/www.noisy-edv.de\/TTC\/wordpress\/index.php?rest_route=\/wp\/v2\/pages\/2406\/revisions"}],"predecessor-version":[{"id":3561,"href":"https:\/\/www.noisy-edv.de\/TTC\/wordpress\/index.php?rest_route=\/wp\/v2\/pages\/2406\/revisions\/3561"}],"up":[{"embeddable":true,"href":"https:\/\/www.noisy-edv.de\/TTC\/wordpress\/index.php?rest_route=\/wp\/v2\/pages\/3557"}],"wp:attachment":[{"href":"https:\/\/www.noisy-edv.de\/TTC\/wordpress\/index.php?rest_route=%2Fwp%2Fv2%2Fmedia&parent=2406"}],"curies":[{"name":"wp","href":"https:\/\/api.w.org\/{rel}","templated":true}]}}