{"id":2657,"date":"2017-04-24T11:43:55","date_gmt":"2017-04-24T09:43:55","guid":{"rendered":"http:\/\/www.noisy-edv.de\/TTC\/wordpress\/?page_id=2657"},"modified":"2020-10-05T15:32:05","modified_gmt":"2020-10-05T13:32:05","slug":"2017-2","status":"publish","type":"page","link":"https:\/\/www.noisy-edv.de\/TTC\/wordpress\/?page_id=2657","title":{"rendered":"2017"},"content":{"rendered":"<p>Im <strong>Doppelwettbewerb<\/strong> nahmen <strong>13<\/strong> Doppelpaare teil.&nbsp;In&nbsp;2 Gruppen wurden jeweils die besten 2 Doppel ermittelt, die dann im Halbfinale und Finale gegeneinander antreten durften. Sieger wurden&nbsp;<strong>David Die\u00dfel&nbsp;<\/strong>und <strong>Kai Die\u00dfel<\/strong>, die sich im Finale gegen&nbsp;Daniel Pratsch&nbsp;und&nbsp;Andr\u00e9 Neumann&nbsp;(\u201cWebeDopa\u201c) durchsetzten. Das Spiel um Platz 3 entschieden Burkhard Spie\u00dfl und Kilian Schmidt f\u00fcr sich gegen das Doppelpaar Jens Borchers und Martin Die\u00dfel.<\/p>\n<p>Im Jungen-Einzel und M\u00e4dchen-Einzel wurde zun\u00e4chst in einer gemeinsamen Gruppe mit <strong>9<\/strong> Teilnehmern im Modus Jeder-gegen-Jeden gespielt. In der jeweiligen Wertung traten die beiden besten Jungen \/ M\u00e4dchen im Finale sowie die beiden Dritt- und Viertplatzierten Jungen \/ M\u00e4dchen im Spiel um Platz 3 an. Das Finale im <strong>Jungen-Einzel<\/strong> gewann <strong>Paul Reupke<\/strong> gegen Niklas Kasten. Das Spiel um Platz 3 entschied Lukas Wolf gegen Nils Hermann f\u00fcr sich. Das Finale im <strong>M\u00e4dchen-Einzel<\/strong> gewann <strong>Hanna Holzknecht<\/strong> gegen Jolene Lack. Den 3.Platz sicherte sich Michelle Arnecke vor Rebecca Klar und Sina Nitschke.<\/p>\n<p>Im <strong>Herren-Einzel<\/strong> wurde mit einem Teilnehmerfeld von <strong>23 <\/strong>Spielern die Meisterschaft ausgespielt. In 4 Gruppen qualifizierten sich jeweils die beiden Gruppenbesten f\u00fcr die Viertelfinals. In den Halbfinals trafen Alexander Kohl auf Kai Die\u00dfel und&nbsp;Dennis Schulz auf Daniel Pratsch. Kohl und Schulz setzten sich durch. Das spannende Finale gewann&nbsp;<strong>Alexander Kohl <\/strong>knapp in 5 S\u00e4tzen. Zweiter wurde damit Dennis Schulz. Das Spiel um Platz 3 gewann Kai Die\u00dfel gegen&nbsp;Daniel Pratsch.<\/p>\n<p>Den Wanderpokal f\u00fcr den besten Spieler der unteren Mannschaften (3. bis 6.) gewann <strong>Christian Schimke<\/strong>, der im Entscheidungsspiel gegen Cedric H\u00f6fer die Oberhand behielt.<\/p>\n<p>Den kleinen Wanderpokal f\u00fcr den besten Spieler der untersten Spielklasse gewann <strong>Cedric H\u00f6fer<\/strong>.<\/p>\n<p>Im <strong>Damen-Einzel <\/strong>standen sich im Finale <strong>Mona Matussek<\/strong> und Michelle Arnecke gegen\u00fcber. Das Spiel gewann Mona Matussek. Zweite wurde damit Michelle Arnecke vor der Drittplatzierten Sandra Schmidt-H\u00f6fer.<\/p>\n<p style=\"text-align: center;\">_ _ _<\/p>\n<p style=\"text-align: center;\"><em>Teilnehmer&nbsp;Doppelwettbewerb<\/em><\/p>\n<p style=\"text-align: center;\"><img loading=\"lazy\" decoding=\"async\" width=\"569\" height=\"245\" class=\"aligncenter size-full wp-image-2665\" alt=\"\" src=\"http:\/\/www.noisy-edv.de\/TTC\/wordpress\/wp-content\/uploads\/2017\/04\/VM-2017-1.jpg\" srcset=\"https:\/\/www.noisy-edv.de\/TTC\/wordpress\/wp-content\/uploads\/2017\/04\/VM-2017-1.jpg 569w, https:\/\/www.noisy-edv.de\/TTC\/wordpress\/wp-content\/uploads\/2017\/04\/VM-2017-1-300x129.jpg 300w, https:\/\/www.noisy-edv.de\/TTC\/wordpress\/wp-content\/uploads\/2017\/04\/VM-2017-1-500x215.jpg 500w\" sizes=\"auto, (max-width: 569px) 100vw, 569px\" \/>_ _ _<\/p>\n<p style=\"text-align: center;\"><em>Sieger&nbsp;Doppel<\/em><\/p>\n<p style=\"text-align: center;\"><img loading=\"lazy\" decoding=\"async\" width=\"569\" height=\"434\" class=\"aligncenter size-full wp-image-2660\" alt=\"\" src=\"http:\/\/www.noisy-edv.de\/TTC\/wordpress\/wp-content\/uploads\/2017\/04\/VM-2017-2.jpg\" srcset=\"https:\/\/www.noisy-edv.de\/TTC\/wordpress\/wp-content\/uploads\/2017\/04\/VM-2017-2.jpg 569w, https:\/\/www.noisy-edv.de\/TTC\/wordpress\/wp-content\/uploads\/2017\/04\/VM-2017-2-300x229.jpg 300w, https:\/\/www.noisy-edv.de\/TTC\/wordpress\/wp-content\/uploads\/2017\/04\/VM-2017-2-393x300.jpg 393w\" sizes=\"auto, (max-width: 569px) 100vw, 569px\" \/><\/p>\n<p style=\"text-align: center;\">_ _ _<\/p>\n<p style=\"text-align: center;\"><em>Sieger Jungen- und M\u00e4dchen-Einzel<\/em><\/p>\n<p style=\"text-align: center;\"><img loading=\"lazy\" decoding=\"async\" width=\"574\" height=\"370\" class=\"aligncenter size-full wp-image-2661\" alt=\"\" src=\"http:\/\/www.noisy-edv.de\/TTC\/wordpress\/wp-content\/uploads\/2017\/04\/VM-2017-3.jpg\" srcset=\"https:\/\/www.noisy-edv.de\/TTC\/wordpress\/wp-content\/uploads\/2017\/04\/VM-2017-3.jpg 574w, https:\/\/www.noisy-edv.de\/TTC\/wordpress\/wp-content\/uploads\/2017\/04\/VM-2017-3-300x193.jpg 300w, https:\/\/www.noisy-edv.de\/TTC\/wordpress\/wp-content\/uploads\/2017\/04\/VM-2017-3-465x300.jpg 465w\" sizes=\"auto, (max-width: 574px) 100vw, 574px\" \/><\/p>\n<p style=\"text-align: center;\">_ _ _<\/p>\n<p style=\"text-align: center;\"><em>Teilnehmer&nbsp;Einzelwettbewerb<\/em><\/p>\n<p style=\"text-align: center;\"><img loading=\"lazy\" decoding=\"async\" width=\"569\" height=\"287\" class=\"aligncenter size-full wp-image-2662\" alt=\"\" src=\"http:\/\/www.noisy-edv.de\/TTC\/wordpress\/wp-content\/uploads\/2017\/04\/VM-2017-4.jpg\" srcset=\"https:\/\/www.noisy-edv.de\/TTC\/wordpress\/wp-content\/uploads\/2017\/04\/VM-2017-4.jpg 569w, https:\/\/www.noisy-edv.de\/TTC\/wordpress\/wp-content\/uploads\/2017\/04\/VM-2017-4-300x151.jpg 300w, https:\/\/www.noisy-edv.de\/TTC\/wordpress\/wp-content\/uploads\/2017\/04\/VM-2017-4-500x252.jpg 500w\" sizes=\"auto, (max-width: 569px) 100vw, 569px\" \/><\/p>\n<p style=\"text-align: center;\">_ _ _<\/p>\n<p style=\"text-align: center;\"><em>Sieger Herren-Einzel<\/em><\/p>\n<p style=\"text-align: center;\"><img loading=\"lazy\" decoding=\"async\" width=\"568\" height=\"322\" class=\"aligncenter size-full wp-image-2663\" alt=\"\" src=\"http:\/\/www.noisy-edv.de\/TTC\/wordpress\/wp-content\/uploads\/2017\/04\/VM-2017-5.jpg\" srcset=\"https:\/\/www.noisy-edv.de\/TTC\/wordpress\/wp-content\/uploads\/2017\/04\/VM-2017-5.jpg 568w, https:\/\/www.noisy-edv.de\/TTC\/wordpress\/wp-content\/uploads\/2017\/04\/VM-2017-5-300x170.jpg 300w, https:\/\/www.noisy-edv.de\/TTC\/wordpress\/wp-content\/uploads\/2017\/04\/VM-2017-5-500x283.jpg 500w\" sizes=\"auto, (max-width: 568px) 100vw, 568px\" \/><\/p>\n<p style=\"text-align: center;\">_ _ _<\/p>\n<p style=\"text-align: center;\"><em>Sieger Damen-Einzel<\/em><\/p>\n<p style=\"text-align: center;\"><img loading=\"lazy\" decoding=\"async\" width=\"400\" height=\"570\" class=\"aligncenter size-full wp-image-2685\" alt=\"\" src=\"http:\/\/www.noisy-edv.de\/TTC\/wordpress\/wp-content\/uploads\/2017\/04\/VM-2017-6b.jpg\" srcset=\"https:\/\/www.noisy-edv.de\/TTC\/wordpress\/wp-content\/uploads\/2017\/04\/VM-2017-6b.jpg 400w, https:\/\/www.noisy-edv.de\/TTC\/wordpress\/wp-content\/uploads\/2017\/04\/VM-2017-6b-211x300.jpg 211w\" sizes=\"auto, (max-width: 400px) 100vw, 400px\" \/><\/p>\n","protected":false},"excerpt":{"rendered":"<p>Im Doppelwettbewerb nahmen 13 Doppelpaare teil.&nbsp;In&nbsp;2 Gruppen wurden jeweils die besten 2 Doppel ermittelt, die dann im Halbfinale und Finale gegeneinander antreten durften. Sieger wurden&nbsp;David Die\u00dfel&nbsp;und Kai Die\u00dfel, die sich im Finale gegen&nbsp;Daniel Pratsch&nbsp;und&nbsp;Andr\u00e9 Neumann&nbsp;(\u201cWebeDopa\u201c) durchsetzten. Das Spiel um Platz &hellip; <a href=\"https:\/\/www.noisy-edv.de\/TTC\/wordpress\/?page_id=2657\">Weiterlesen <span class=\"meta-nav\">&rarr;<\/span><\/a><\/p>\n","protected":false},"author":1,"featured_media":0,"parent":3557,"menu_order":11,"comment_status":"closed","ping_status":"closed","template":"","meta":{"footnotes":""},"class_list":["post-2657","page","type-page","status-publish","hentry"],"_links":{"self":[{"href":"https:\/\/www.noisy-edv.de\/TTC\/wordpress\/index.php?rest_route=\/wp\/v2\/pages\/2657","targetHints":{"allow":["GET"]}}],"collection":[{"href":"https:\/\/www.noisy-edv.de\/TTC\/wordpress\/index.php?rest_route=\/wp\/v2\/pages"}],"about":[{"href":"https:\/\/www.noisy-edv.de\/TTC\/wordpress\/index.php?rest_route=\/wp\/v2\/types\/page"}],"author":[{"embeddable":true,"href":"https:\/\/www.noisy-edv.de\/TTC\/wordpress\/index.php?rest_route=\/wp\/v2\/users\/1"}],"replies":[{"embeddable":true,"href":"https:\/\/www.noisy-edv.de\/TTC\/wordpress\/index.php?rest_route=%2Fwp%2Fv2%2Fcomments&post=2657"}],"version-history":[{"count":9,"href":"https:\/\/www.noisy-edv.de\/TTC\/wordpress\/index.php?rest_route=\/wp\/v2\/pages\/2657\/revisions"}],"predecessor-version":[{"id":3560,"href":"https:\/\/www.noisy-edv.de\/TTC\/wordpress\/index.php?rest_route=\/wp\/v2\/pages\/2657\/revisions\/3560"}],"up":[{"embeddable":true,"href":"https:\/\/www.noisy-edv.de\/TTC\/wordpress\/index.php?rest_route=\/wp\/v2\/pages\/3557"}],"wp:attachment":[{"href":"https:\/\/www.noisy-edv.de\/TTC\/wordpress\/index.php?rest_route=%2Fwp%2Fv2%2Fmedia&parent=2657"}],"curies":[{"name":"wp","href":"https:\/\/api.w.org\/{rel}","templated":true}]}}