{"id":2694,"date":"2017-06-19T15:13:15","date_gmt":"2017-06-19T13:13:15","guid":{"rendered":"http:\/\/www.noisy-edv.de\/TTC\/wordpress\/?page_id=2694"},"modified":"2023-08-14T11:51:02","modified_gmt":"2023-08-14T09:51:02","slug":"2017-2","status":"publish","type":"page","link":"https:\/\/www.noisy-edv.de\/TTC\/wordpress\/?page_id=2694","title":{"rendered":"2017"},"content":{"rendered":"<p>Der TTC betrat am 17.6.2017 bei der 28.Turnierauflage Neuland und veranstaltete ein Bo\u00dfelturnier der besonderen Art: Wir bo\u00dfelten durch die Stra\u00dfen Klein Elbes!<\/p>\n<p>Alle Klein Elber waren herzlich eingeladen die 7 Teams zu begleiten oder von ihrem Garten aus \u201canzufeuern\u201c. An 3 Stationen wurden Pausen eingelegt, um neue Energie f\u00fcrs Bo\u00dfeln sammeln zu k\u00f6nnen. Bei bestem Sommerwetter verbrachten alle Teilnehmer ein paar gesellige Stunden w\u00e4hrend des Turniers und auch danach am Dorfgemeinschaftshaus. Essen vom Grill, leckere Salate und k\u00fchle Getr\u00e4nke sorgten f\u00fcrs leibliche Wohl. Bei flotter Musik und ausgelassener Stimmung feierte man bis tief in die Nacht.<\/p>\n<p>Die <strong>Platzierungen<\/strong> des <strong>Stra\u00dfen-Bo\u00dfel-Cups 2017<\/strong>:<\/p>\n<ol>\n<li>TTC 4.Herren (33 Wurf)<\/li>\n<li>Sch\u00fctzenverein (35 Wurf)<\/li>\n<li>TTC 2.Herren (36 Wurf)<\/li>\n<li>TTC 1.Herren (36 Wurf)<\/li>\n<li>Freiwillige Feuerwehr (39 Wurf)<\/li>\n<li>TTC 1.M\u00e4dchen (41 Wurf)<\/li>\n<li>Seniorengruppe (45 Wurf)<\/li>\n<\/ol>\n<p><img loading=\"lazy\" decoding=\"async\" class=\"aligncenter size-full wp-image-3306\" src=\"http:\/\/www.noisy-edv.de\/TTC\/wordpress\/wp-content\/uploads\/2019\/09\/05_IMG_8901-b.jpg\" alt=\"\" width=\"3605\" height=\"1494\" srcset=\"https:\/\/www.noisy-edv.de\/TTC\/wordpress\/wp-content\/uploads\/2019\/09\/05_IMG_8901-b.jpg 3605w, https:\/\/www.noisy-edv.de\/TTC\/wordpress\/wp-content\/uploads\/2019\/09\/05_IMG_8901-b-300x124.jpg 300w, https:\/\/www.noisy-edv.de\/TTC\/wordpress\/wp-content\/uploads\/2019\/09\/05_IMG_8901-b-768x318.jpg 768w, https:\/\/www.noisy-edv.de\/TTC\/wordpress\/wp-content\/uploads\/2019\/09\/05_IMG_8901-b-1024x424.jpg 1024w, https:\/\/www.noisy-edv.de\/TTC\/wordpress\/wp-content\/uploads\/2019\/09\/05_IMG_8901-b-500x207.jpg 500w\" sizes=\"auto, (max-width: 3605px) 100vw, 3605px\" \/><\/p>\n","protected":false},"excerpt":{"rendered":"<p>Der TTC betrat am 17.6.2017 bei der 28.Turnierauflage Neuland und veranstaltete ein Bo\u00dfelturnier der besonderen Art: Wir bo\u00dfelten durch die Stra\u00dfen Klein Elbes! Alle Klein Elber waren herzlich eingeladen die 7 Teams zu begleiten oder von ihrem Garten aus \u201canzufeuern\u201c. &hellip; <a href=\"https:\/\/www.noisy-edv.de\/TTC\/wordpress\/?page_id=2694\">Weiterlesen <span class=\"meta-nav\">&rarr;<\/span><\/a><\/p>\n","protected":false},"author":1,"featured_media":0,"parent":430,"menu_order":6,"comment_status":"closed","ping_status":"closed","template":"","meta":{"footnotes":""},"class_list":["post-2694","page","type-page","status-publish","hentry"],"_links":{"self":[{"href":"https:\/\/www.noisy-edv.de\/TTC\/wordpress\/index.php?rest_route=\/wp\/v2\/pages\/2694","targetHints":{"allow":["GET"]}}],"collection":[{"href":"https:\/\/www.noisy-edv.de\/TTC\/wordpress\/index.php?rest_route=\/wp\/v2\/pages"}],"about":[{"href":"https:\/\/www.noisy-edv.de\/TTC\/wordpress\/index.php?rest_route=\/wp\/v2\/types\/page"}],"author":[{"embeddable":true,"href":"https:\/\/www.noisy-edv.de\/TTC\/wordpress\/index.php?rest_route=\/wp\/v2\/users\/1"}],"replies":[{"embeddable":true,"href":"https:\/\/www.noisy-edv.de\/TTC\/wordpress\/index.php?rest_route=%2Fwp%2Fv2%2Fcomments&post=2694"}],"version-history":[{"count":6,"href":"https:\/\/www.noisy-edv.de\/TTC\/wordpress\/index.php?rest_route=\/wp\/v2\/pages\/2694\/revisions"}],"predecessor-version":[{"id":4445,"href":"https:\/\/www.noisy-edv.de\/TTC\/wordpress\/index.php?rest_route=\/wp\/v2\/pages\/2694\/revisions\/4445"}],"up":[{"embeddable":true,"href":"https:\/\/www.noisy-edv.de\/TTC\/wordpress\/index.php?rest_route=\/wp\/v2\/pages\/430"}],"wp:attachment":[{"href":"https:\/\/www.noisy-edv.de\/TTC\/wordpress\/index.php?rest_route=%2Fwp%2Fv2%2Fmedia&parent=2694"}],"curies":[{"name":"wp","href":"https:\/\/api.w.org\/{rel}","templated":true}]}}