{"id":2762,"date":"2017-12-11T15:28:06","date_gmt":"2017-12-11T14:28:06","guid":{"rendered":"http:\/\/www.noisy-edv.de\/TTC\/wordpress\/?page_id=2762"},"modified":"2020-10-05T15:55:11","modified_gmt":"2020-10-05T13:55:11","slug":"2017-2","status":"publish","type":"page","link":"https:\/\/www.noisy-edv.de\/TTC\/wordpress\/?page_id=2762","title":{"rendered":"2017"},"content":{"rendered":"<p>Das achte Mini-Turnier f\u00fcr die Kinder und Jugendlichen des Vereins zum Jahresende war auch in diesem Jahr mit viel Spiel und Spa\u00df verbunden. Dieses Mal wurde das Turnier aus einer Kombination aus den bekannten \u201ekomischen\u201c Platten und Disziplinen des Tischtennis-Sportabzeichens durchgef\u00fchrt.<\/p>\n<p>7 Teilnehmer traten zun\u00e4chst an 3 verschiedenen Plattenstationen in der rechten Hallenh\u00e4lfte an. Station 1 war die Dschungelplatte (Seile h\u00e4ngen von der Decke bis zum Netz), Station 2 war die \u201egeknickte\u201c Platte (beide Tischvorderkanten um ca. 20 cm erh\u00f6ht) und Station 3 war die \u201ebreite\u201c Platte (zwei Platten quer und von einem Turnkasten als Netz getrennt). Um es den kleineren Teilnehmern einfacher zu machen und den gr\u00f6\u00dferen schwieriger, mussten die gr\u00f6\u00dferen mit H\u00fctchen und Reifen als Plattenhindernisse klarkommen. Daher gab es viele spannende und vor allem lustige Duelle. In der linken Hallenh\u00e4lfte fand die Abnahme der Disziplinen des Tischtennis-Sportabzeichens statt: Kontrolle (Ball hochhalten), Geschicklichkeit (Ball hochhalten wechselnd Vor- und R\u00fcckhand), Zielgenauigkeit (Ball in 3 Meter entfernten Kasten schlagen), Balance (mit Ball auf Schl\u00e4ger im Slalom um Stangen laufen) und Platzierungsf\u00e4higkeit (Ball in einen bestimmten Plattenbereich schlagen) waren hier gefragt.<\/p>\n<p>Die Auswertung beider Wettbewerbe ergab das Duell an der Mini-Platte: Im Finale traten Vanessa Gerling und Niklas Kasten gegeneinander an. Sieger dieses Spiels wurde Niklas Kasten, der eine kleine Troph\u00e4e mit nach Hause nehmen durfte. Zweite wurde dementsprechend Vanessa Gerling. Der dritte Platz ging an Nils Hermann. Auf den weiteren Pl\u00e4tzen folgten Paul Reupke, Rebecca Klar, Hannah Kasten und Lina Heiduk.<\/p>\n<p>Am Ende gab es die Siegerehrung und jeder Teilnehmer bekam wie immer ein kleines Weihnachtsgeschenk. \ud83d\ude00<\/p>\n<p style=\"text-align: center;\"><em>_ _ _<\/em><\/p>\n<p style=\"text-align: center;\"><em>Teilnehmer des Mini-Turniers 2017<img loading=\"lazy\" decoding=\"async\" width=\"570\" height=\"380\" class=\"aligncenter size-full wp-image-2764\" alt=\"\" src=\"http:\/\/www.noisy-edv.de\/TTC\/wordpress\/wp-content\/uploads\/2017\/12\/Mini-Turnier-2017.jpg\" srcset=\"https:\/\/www.noisy-edv.de\/TTC\/wordpress\/wp-content\/uploads\/2017\/12\/Mini-Turnier-2017.jpg 570w, https:\/\/www.noisy-edv.de\/TTC\/wordpress\/wp-content\/uploads\/2017\/12\/Mini-Turnier-2017-300x200.jpg 300w, https:\/\/www.noisy-edv.de\/TTC\/wordpress\/wp-content\/uploads\/2017\/12\/Mini-Turnier-2017-450x300.jpg 450w\" sizes=\"auto, (max-width: 570px) 100vw, 570px\" \/><\/em><\/p>\n","protected":false},"excerpt":{"rendered":"<p>Das achte Mini-Turnier f\u00fcr die Kinder und Jugendlichen des Vereins zum Jahresende war auch in diesem Jahr mit viel Spiel und Spa\u00df verbunden. Dieses Mal wurde das Turnier aus einer Kombination aus den bekannten \u201ekomischen\u201c Platten und Disziplinen des Tischtennis-Sportabzeichens &hellip; <a href=\"https:\/\/www.noisy-edv.de\/TTC\/wordpress\/?page_id=2762\">Weiterlesen <span class=\"meta-nav\">&rarr;<\/span><\/a><\/p>\n","protected":false},"author":1,"featured_media":0,"parent":3566,"menu_order":2,"comment_status":"closed","ping_status":"closed","template":"","meta":{"footnotes":""},"class_list":["post-2762","page","type-page","status-publish","hentry"],"_links":{"self":[{"href":"https:\/\/www.noisy-edv.de\/TTC\/wordpress\/index.php?rest_route=\/wp\/v2\/pages\/2762","targetHints":{"allow":["GET"]}}],"collection":[{"href":"https:\/\/www.noisy-edv.de\/TTC\/wordpress\/index.php?rest_route=\/wp\/v2\/pages"}],"about":[{"href":"https:\/\/www.noisy-edv.de\/TTC\/wordpress\/index.php?rest_route=\/wp\/v2\/types\/page"}],"author":[{"embeddable":true,"href":"https:\/\/www.noisy-edv.de\/TTC\/wordpress\/index.php?rest_route=\/wp\/v2\/users\/1"}],"replies":[{"embeddable":true,"href":"https:\/\/www.noisy-edv.de\/TTC\/wordpress\/index.php?rest_route=%2Fwp%2Fv2%2Fcomments&post=2762"}],"version-history":[{"count":3,"href":"https:\/\/www.noisy-edv.de\/TTC\/wordpress\/index.php?rest_route=\/wp\/v2\/pages\/2762\/revisions"}],"predecessor-version":[{"id":3570,"href":"https:\/\/www.noisy-edv.de\/TTC\/wordpress\/index.php?rest_route=\/wp\/v2\/pages\/2762\/revisions\/3570"}],"up":[{"embeddable":true,"href":"https:\/\/www.noisy-edv.de\/TTC\/wordpress\/index.php?rest_route=\/wp\/v2\/pages\/3566"}],"wp:attachment":[{"href":"https:\/\/www.noisy-edv.de\/TTC\/wordpress\/index.php?rest_route=%2Fwp%2Fv2%2Fmedia&parent=2762"}],"curies":[{"name":"wp","href":"https:\/\/api.w.org\/{rel}","templated":true}]}}