{"id":3143,"date":"2019-04-28T23:08:21","date_gmt":"2019-04-28T21:08:21","guid":{"rendered":"http:\/\/www.noisy-edv.de\/TTC\/wordpress\/?page_id=3143"},"modified":"2020-10-05T15:31:10","modified_gmt":"2020-10-05T13:31:10","slug":"2019-2","status":"publish","type":"page","link":"https:\/\/www.noisy-edv.de\/TTC\/wordpress\/?page_id=3143","title":{"rendered":"2019"},"content":{"rendered":"<p><span class=\"s1\">Im <\/span><span class=\"s2\"><strong>Doppelwettbewerb<\/strong>&nbsp;<\/span><span class=\"s1\">nahmen <\/span><span class=\"s2\"><strong>14<\/strong>&nbsp;<\/span><span class=\"s1\">Doppelpaare teil. In 2 Gruppen wurden jeweils die besten 2 Doppelpaare ermittelt, die dann im Halbfinale und Finale gegeneinander antreten durften. Sieger wurden <\/span><strong><span class=\"s2\">Jens Borchers <\/span><\/strong><span class=\"s1\">und <\/span><strong><span class=\"s2\">Dennis Schulz<\/span><\/strong><span class=\"s1\">, die sich im Finale gegen Andr\u00e9 Neumann und&nbsp;Daniel Pratsch knapp mit 3:2 S\u00e4tzen durchsetzten. Das Spiel um Platz 3&nbsp;war in diesem Jahr ein interessantes Bruder\/Bruder-Duell. In diesem Spiel siegte Kai Die\u00dfel und Marcel Bokelmann gegen David Die\u00dfel und&nbsp;Enrico Bokelmann.<\/span><\/p>\n<p class=\"p1\"><span class=\"s1\">Das <\/span><strong><span class=\"s2\">Jugend-Einzel&nbsp;<\/span><\/strong><span class=\"s1\">wurde mit einem sehr gut besuchten Teilnehmerfeld von&nbsp;<\/span><span class=\"s2\"><strong>14<\/strong>&nbsp;<\/span><span class=\"s1\">Jugendlichen gespielt. In 2 Gruppen wurden jeweils die besten 2 Spieler ermittelt, die dann im Halbfinale und Finale gegeneinander antreten durften. Das Finale gewann <\/span><span class=\"s2\"><strong>Elia Vree<\/strong>&nbsp;<\/span><span class=\"s1\">gegen Lukas Heiduk knapp mit 3:2 S\u00e4tzen. Das Spiel um Platz 3 entschied Vanessa Gerling gegen Niklas Kasten f\u00fcr sich. In der Wertung f\u00fcr den besten Jungspieler (Alter bis 12 Jahre) war <\/span><strong><span class=\"s2\">Louis Buchholz&nbsp;<\/span><\/strong><span class=\"s1\">auf Platz 5 Sieger und darf sich Vereinsmeister im <\/span><strong><span class=\"s2\">Sch\u00fcler-Einzel&nbsp;<\/span><\/strong><span class=\"s1\">nennen. Auf den weiteren Pl\u00e4tzen folgten&nbsp;Marlon Schmidt, Marlon Die\u00dfel, Louis Scheiermann, Finn Garbrecht, Lukas Wolf, Aaron Brinkmann, Carlos Koch, Klara Schlinsog und Hannah Kasten.<\/span><\/p>\n<p class=\"p1\"><span class=\"s1\">Im <\/span><strong><span class=\"s2\">Herren- <\/span><\/strong><span class=\"s1\">und&nbsp;<\/span><strong><span class=\"s2\">Damen-Einzel&nbsp;<\/span><\/strong><span class=\"s1\">wurde mit einem Teilnehmerfeld von <\/span><strong><span class=\"s2\">22 <\/span><\/strong><span class=\"s1\">Spielern (16 Herren, 6 Damen) gespielt. In 4 Gruppen qualifizierten sich jeweils die beiden Gruppenbesten f\u00fcr die Viertelfinals.&nbsp;<\/span><span class=\"s1\">Die Viertelfinalspiele erwiesen sich als sehr sehenswert und spannend. 3 der 4 Begegnungen wurden erst im 5 Satz knapp entschieden. I<\/span><span class=\"s1\">n den Halbfinals trafen Alexander Kohl auf Enrico Bokelmann und Kai Die\u00dfel auf Kilian Schmidt. Kohl und Die\u00dfel setzten sich durch. Das Finale gewann&nbsp;<\/span><strong><span class=\"s2\">Alexander Kohl <\/span><\/strong><span class=\"s1\">gegen&nbsp;<\/span><span class=\"s1\">Kai Die\u00dfel mit 3:1 S\u00e4tzen. Das Spiel um Platz 3 gewann Enrico Bokelmann gegen Kilian Schmidt knapp mit 3:2 S\u00e4tzen.<\/span><\/p>\n<p class=\"p1\"><span class=\"s1\">Den gro\u00dfen Wanderpokal f\u00fcr den besten Spieler der unteren Mannschaften (3. bis 5.) gewann <\/span><strong><span class=\"s2\">Kilian Schmidt<\/span><\/strong><span class=\"s1\">, der es als einziger Spieler schaffte ins Halbfinale einzuziehen.<\/span><\/p>\n<p class=\"p1\"><span class=\"s1\">Den kleinen Wanderpokal f\u00fcr den besten Spieler der untersten Spielklasse gewann <\/span><strong><span class=\"s2\">Jan Schlinsog<\/span><\/strong><span class=\"s1\">, der sich im Entscheidungsspiel gegen Dirk Langner mit 3:0 S\u00e4tzen durchsetzte.<\/span><\/p>\n<p class=\"p1\"><span class=\"s1\">Das <\/span><strong><span class=\"s2\">Damen-Einzel&nbsp;<\/span><\/strong><span class=\"s1\">wurde in diesem Jahr (anders als im Vorjahr) in den Herren-Einzel-Wettbewerb integriert. Als beste Spielerin in der Gruppenphase stand Vanessa Gerling schon fr\u00fchzeitig als Finalistin fest. Nach umk\u00e4mpften Entscheidungsspielen hie\u00df ihre Gegnerin letztendlich Sandra Schmidt. Das Finale gewann <\/span><strong><span class=\"s2\">Sandra Schmidt <\/span><\/strong><span class=\"s1\">gegen Vanessa Gerling. Den 3.Platz sicherte sich Michelle Arnecke.<\/span><\/p>\n<p style=\"text-align: center;\">_ _ _<\/p>\n<p style=\"text-align: center;\"><em>Teilnehmer Doppelwettbewerb<\/em><\/p>\n<p style=\"text-align: center;\"><img loading=\"lazy\" decoding=\"async\" width=\"568\" height=\"280\" class=\"aligncenter size-full wp-image-3153\" alt=\"\" src=\"http:\/\/www.noisy-edv.de\/TTC\/wordpress\/wp-content\/uploads\/2019\/05\/Doppel1.jpg\" srcset=\"https:\/\/www.noisy-edv.de\/TTC\/wordpress\/wp-content\/uploads\/2019\/05\/Doppel1.jpg 568w, https:\/\/www.noisy-edv.de\/TTC\/wordpress\/wp-content\/uploads\/2019\/05\/Doppel1-300x148.jpg 300w, https:\/\/www.noisy-edv.de\/TTC\/wordpress\/wp-content\/uploads\/2019\/05\/Doppel1-500x246.jpg 500w\" sizes=\"auto, (max-width: 568px) 100vw, 568px\" \/><\/p>\n<p style=\"text-align: center;\">_ _ _<\/p>\n<p style=\"text-align: center;\"><em>Die 14 Doppelpaare<\/em><\/p>\n<p style=\"text-align: center;\"><img loading=\"lazy\" decoding=\"async\" width=\"570\" height=\"428\" class=\"aligncenter size-full wp-image-3154\" alt=\"\" src=\"http:\/\/www.noisy-edv.de\/TTC\/wordpress\/wp-content\/uploads\/2019\/05\/Doppel2.jpg\" srcset=\"https:\/\/www.noisy-edv.de\/TTC\/wordpress\/wp-content\/uploads\/2019\/05\/Doppel2.jpg 570w, https:\/\/www.noisy-edv.de\/TTC\/wordpress\/wp-content\/uploads\/2019\/05\/Doppel2-300x225.jpg 300w, https:\/\/www.noisy-edv.de\/TTC\/wordpress\/wp-content\/uploads\/2019\/05\/Doppel2-400x300.jpg 400w\" sizes=\"auto, (max-width: 570px) 100vw, 570px\" \/>_ _ _<\/p>\n<p style=\"text-align: center;\"><em>Sieger Doppel<\/em><\/p>\n<p style=\"text-align: center;\"><img loading=\"lazy\" decoding=\"async\" width=\"570\" height=\"445\" class=\"aligncenter size-full wp-image-3155\" alt=\"\" src=\"http:\/\/www.noisy-edv.de\/TTC\/wordpress\/wp-content\/uploads\/2019\/05\/Doppel3.jpg\" srcset=\"https:\/\/www.noisy-edv.de\/TTC\/wordpress\/wp-content\/uploads\/2019\/05\/Doppel3.jpg 570w, https:\/\/www.noisy-edv.de\/TTC\/wordpress\/wp-content\/uploads\/2019\/05\/Doppel3-300x234.jpg 300w, https:\/\/www.noisy-edv.de\/TTC\/wordpress\/wp-content\/uploads\/2019\/05\/Doppel3-384x300.jpg 384w\" sizes=\"auto, (max-width: 570px) 100vw, 570px\" \/>_ _ _<\/p>\n<p style=\"text-align: center;\"><em>Sieger Jugend-Einzel<\/em><\/p>\n<p style=\"text-align: center;\"><img loading=\"lazy\" decoding=\"async\" width=\"570\" height=\"447\" class=\"aligncenter size-full wp-image-3156\" alt=\"\" src=\"http:\/\/www.noisy-edv.de\/TTC\/wordpress\/wp-content\/uploads\/2019\/05\/Jugend1.jpg\" srcset=\"https:\/\/www.noisy-edv.de\/TTC\/wordpress\/wp-content\/uploads\/2019\/05\/Jugend1.jpg 570w, https:\/\/www.noisy-edv.de\/TTC\/wordpress\/wp-content\/uploads\/2019\/05\/Jugend1-300x235.jpg 300w, https:\/\/www.noisy-edv.de\/TTC\/wordpress\/wp-content\/uploads\/2019\/05\/Jugend1-383x300.jpg 383w\" sizes=\"auto, (max-width: 570px) 100vw, 570px\" \/><img loading=\"lazy\" decoding=\"async\" width=\"571\" height=\"584\" class=\"aligncenter size-full wp-image-3157\" alt=\"\" src=\"http:\/\/www.noisy-edv.de\/TTC\/wordpress\/wp-content\/uploads\/2019\/05\/Jugend2.jpg\" srcset=\"https:\/\/www.noisy-edv.de\/TTC\/wordpress\/wp-content\/uploads\/2019\/05\/Jugend2.jpg 571w, https:\/\/www.noisy-edv.de\/TTC\/wordpress\/wp-content\/uploads\/2019\/05\/Jugend2-293x300.jpg 293w\" sizes=\"auto, (max-width: 571px) 100vw, 571px\" \/>_ _ _<\/p>\n<p style=\"text-align: center;\"><em>Teilnehmer Einzelwettbewerb<\/em><\/p>\n<p style=\"text-align: center;\"><img loading=\"lazy\" decoding=\"async\" width=\"570\" height=\"293\" class=\"aligncenter size-full wp-image-3158\" alt=\"\" src=\"http:\/\/www.noisy-edv.de\/TTC\/wordpress\/wp-content\/uploads\/2019\/05\/Einzel1.jpg\" srcset=\"https:\/\/www.noisy-edv.de\/TTC\/wordpress\/wp-content\/uploads\/2019\/05\/Einzel1.jpg 570w, https:\/\/www.noisy-edv.de\/TTC\/wordpress\/wp-content\/uploads\/2019\/05\/Einzel1-300x154.jpg 300w, https:\/\/www.noisy-edv.de\/TTC\/wordpress\/wp-content\/uploads\/2019\/05\/Einzel1-500x257.jpg 500w\" sizes=\"auto, (max-width: 570px) 100vw, 570px\" \/>_ _ _<\/p>\n<p style=\"text-align: center;\"><em>Sieger Herren-Einzel<\/em><\/p>\n<p style=\"text-align: center;\"><img loading=\"lazy\" decoding=\"async\" width=\"569\" height=\"494\" class=\"aligncenter size-full wp-image-3159\" alt=\"\" src=\"http:\/\/www.noisy-edv.de\/TTC\/wordpress\/wp-content\/uploads\/2019\/05\/Einzel2.jpg\" srcset=\"https:\/\/www.noisy-edv.de\/TTC\/wordpress\/wp-content\/uploads\/2019\/05\/Einzel2.jpg 569w, https:\/\/www.noisy-edv.de\/TTC\/wordpress\/wp-content\/uploads\/2019\/05\/Einzel2-300x260.jpg 300w, https:\/\/www.noisy-edv.de\/TTC\/wordpress\/wp-content\/uploads\/2019\/05\/Einzel2-346x300.jpg 346w\" sizes=\"auto, (max-width: 569px) 100vw, 569px\" \/><img loading=\"lazy\" decoding=\"async\" width=\"345\" height=\"461\" class=\"aligncenter size-full wp-image-3160\" alt=\"\" src=\"http:\/\/www.noisy-edv.de\/TTC\/wordpress\/wp-content\/uploads\/2019\/05\/Einzel3.jpg\" srcset=\"https:\/\/www.noisy-edv.de\/TTC\/wordpress\/wp-content\/uploads\/2019\/05\/Einzel3.jpg 345w, https:\/\/www.noisy-edv.de\/TTC\/wordpress\/wp-content\/uploads\/2019\/05\/Einzel3-225x300.jpg 225w\" sizes=\"auto, (max-width: 345px) 100vw, 345px\" \/>_ _ _<\/p>\n<p style=\"text-align: center;\"><em>Sieger Damen-Einzel<img loading=\"lazy\" decoding=\"async\" width=\"570\" height=\"478\" class=\"aligncenter size-full wp-image-3161\" alt=\"\" src=\"http:\/\/www.noisy-edv.de\/TTC\/wordpress\/wp-content\/uploads\/2019\/05\/Einzel4.jpg\" srcset=\"https:\/\/www.noisy-edv.de\/TTC\/wordpress\/wp-content\/uploads\/2019\/05\/Einzel4.jpg 570w, https:\/\/www.noisy-edv.de\/TTC\/wordpress\/wp-content\/uploads\/2019\/05\/Einzel4-300x252.jpg 300w, https:\/\/www.noisy-edv.de\/TTC\/wordpress\/wp-content\/uploads\/2019\/05\/Einzel4-358x300.jpg 358w\" sizes=\"auto, (max-width: 570px) 100vw, 570px\" \/><\/em><\/p>\n","protected":false},"excerpt":{"rendered":"<p>Im Doppelwettbewerb&nbsp;nahmen 14&nbsp;Doppelpaare teil. In 2 Gruppen wurden jeweils die besten 2 Doppelpaare ermittelt, die dann im Halbfinale und Finale gegeneinander antreten durften. Sieger wurden Jens Borchers und Dennis Schulz, die sich im Finale gegen Andr\u00e9 Neumann und&nbsp;Daniel Pratsch knapp &hellip; <a href=\"https:\/\/www.noisy-edv.de\/TTC\/wordpress\/?page_id=3143\">Weiterlesen <span class=\"meta-nav\">&rarr;<\/span><\/a><\/p>\n","protected":false},"author":1,"featured_media":0,"parent":3557,"menu_order":9,"comment_status":"closed","ping_status":"closed","template":"","meta":{"footnotes":""},"class_list":["post-3143","page","type-page","status-publish","hentry"],"_links":{"self":[{"href":"https:\/\/www.noisy-edv.de\/TTC\/wordpress\/index.php?rest_route=\/wp\/v2\/pages\/3143","targetHints":{"allow":["GET"]}}],"collection":[{"href":"https:\/\/www.noisy-edv.de\/TTC\/wordpress\/index.php?rest_route=\/wp\/v2\/pages"}],"about":[{"href":"https:\/\/www.noisy-edv.de\/TTC\/wordpress\/index.php?rest_route=\/wp\/v2\/types\/page"}],"author":[{"embeddable":true,"href":"https:\/\/www.noisy-edv.de\/TTC\/wordpress\/index.php?rest_route=\/wp\/v2\/users\/1"}],"replies":[{"embeddable":true,"href":"https:\/\/www.noisy-edv.de\/TTC\/wordpress\/index.php?rest_route=%2Fwp%2Fv2%2Fcomments&post=3143"}],"version-history":[{"count":8,"href":"https:\/\/www.noisy-edv.de\/TTC\/wordpress\/index.php?rest_route=\/wp\/v2\/pages\/3143\/revisions"}],"predecessor-version":[{"id":3556,"href":"https:\/\/www.noisy-edv.de\/TTC\/wordpress\/index.php?rest_route=\/wp\/v2\/pages\/3143\/revisions\/3556"}],"up":[{"embeddable":true,"href":"https:\/\/www.noisy-edv.de\/TTC\/wordpress\/index.php?rest_route=\/wp\/v2\/pages\/3557"}],"wp:attachment":[{"href":"https:\/\/www.noisy-edv.de\/TTC\/wordpress\/index.php?rest_route=%2Fwp%2Fv2%2Fmedia&parent=3143"}],"curies":[{"name":"wp","href":"https:\/\/api.w.org\/{rel}","templated":true}]}}