{"id":3294,"date":"2019-09-02T12:04:00","date_gmt":"2019-09-02T10:04:00","guid":{"rendered":"http:\/\/www.noisy-edv.de\/TTC\/wordpress\/?page_id=3294"},"modified":"2023-08-14T11:51:22","modified_gmt":"2023-08-14T09:51:22","slug":"2019-2","status":"publish","type":"page","link":"https:\/\/www.noisy-edv.de\/TTC\/wordpress\/?page_id=3294","title":{"rendered":"2019"},"content":{"rendered":"<p>Der Einladung zum Bo\u00dfelturnier 2019 des TTC Edelwei\u00df Klein Elbe am 31.August folgten 12 Teams aus 5 verschiedenen Klein Elber Interessengemeinschaften. Nach&nbsp;acht Jahren Pause ging es f\u00fcr die Mannschaften wieder den Feldweg \u201eBohnenkamp\u201c entlang. Die Traditionsstrecke beginnend am Klein Elber Spielplatz, \u00fcber den Wendepunkt Bahn\u00fcbergang und wieder zur\u00fcck zum Spielplatz war nicht die gr\u00f6\u00dfte Herausforderung an diesem Tag, vor allem der Hitze von \u00fcber 30 Grad sagten die Teilnehmer den Kampf an. Zum Gl\u00fcck haben prall mit Kaltgetr\u00e4nken gef\u00fcllte Bollerwagen die Akteure begleitet. Spektakul\u00e4re W\u00fcrfe, entweder die Weite betreffend oder auch ungewollt die H\u00f6he der Kugel, sorgten f\u00fcr gute Unterhaltung am Feldwegrand. \u201eEin verdientes Siegerteam zu finden ist wichtig, aber noch wichtiger ist die Freundschaft unter den Vereinen und Interessengemeinschaften zu pflegen und zu vertiefen. Ich denke, das ist uns an diesem Tag sehr gut gelungen\u201c, stellte der 1.Vorsitzende des TTC am Ende zufrieden fest. Nach der Siegerehrung feierten die Bo\u00dfelathleten beim Klein Elber Sch\u00fctzenfest bis tief in die Nacht weiter.<\/p>\n<p>Die <strong>Platzierungen<\/strong> des <strong>Bo\u00dfelturniers 2019<\/strong>:<\/p>\n<ol>\n<li>TTC 1.Herren (22 Wurf)<\/li>\n<li>TTC 2.Herren (22 Wurf)<\/li>\n<li>Basti\u00b4s Kulturgarage 1 (23 Wurf)<\/li>\n<li>Freiwillige Feuerwehr 2 (23 Wurf)<\/li>\n<li>Seniorengruppe (23 Wurf)<\/li>\n<li>Freiwillige Feuerwehr 1 (23 Wurf)<\/li>\n<li>TTC 4.Herren (24 Wurf)<\/li>\n<li>Sch\u00fctzenverein 1 (25 Wurf)<\/li>\n<li>Basti\u00b4s Kulturgarage 2 (26 Wurf)<\/li>\n<li>Basti\u00b4s Kulturgarage 3 (30 Wurf)<\/li>\n<li>TTC 2.Damen (32 Wurf)<\/li>\n<li>Sch\u00fctzenverein 2 (34 Wurf)<\/li>\n<\/ol>\n<p><img loading=\"lazy\" decoding=\"async\" class=\"aligncenter size-full wp-image-3314\" src=\"http:\/\/www.noisy-edv.de\/TTC\/wordpress\/wp-content\/uploads\/2019\/09\/C01C3A79-4247-4667-9652-2EBC3B7C0C6C.jpeg\" alt=\"\" width=\"3682\" height=\"1817\" srcset=\"https:\/\/www.noisy-edv.de\/TTC\/wordpress\/wp-content\/uploads\/2019\/09\/C01C3A79-4247-4667-9652-2EBC3B7C0C6C.jpeg 3682w, https:\/\/www.noisy-edv.de\/TTC\/wordpress\/wp-content\/uploads\/2019\/09\/C01C3A79-4247-4667-9652-2EBC3B7C0C6C-300x148.jpeg 300w, https:\/\/www.noisy-edv.de\/TTC\/wordpress\/wp-content\/uploads\/2019\/09\/C01C3A79-4247-4667-9652-2EBC3B7C0C6C-768x379.jpeg 768w, https:\/\/www.noisy-edv.de\/TTC\/wordpress\/wp-content\/uploads\/2019\/09\/C01C3A79-4247-4667-9652-2EBC3B7C0C6C-1024x505.jpeg 1024w, https:\/\/www.noisy-edv.de\/TTC\/wordpress\/wp-content\/uploads\/2019\/09\/C01C3A79-4247-4667-9652-2EBC3B7C0C6C-500x247.jpeg 500w\" sizes=\"auto, (max-width: 3682px) 100vw, 3682px\" \/><\/p>\n","protected":false},"excerpt":{"rendered":"<p>Der Einladung zum Bo\u00dfelturnier 2019 des TTC Edelwei\u00df Klein Elbe am 31.August folgten 12 Teams aus 5 verschiedenen Klein Elber Interessengemeinschaften. Nach&nbsp;acht Jahren Pause ging es f\u00fcr die Mannschaften wieder den Feldweg \u201eBohnenkamp\u201c entlang. Die Traditionsstrecke beginnend am Klein Elber &hellip; <a href=\"https:\/\/www.noisy-edv.de\/TTC\/wordpress\/?page_id=3294\">Weiterlesen <span class=\"meta-nav\">&rarr;<\/span><\/a><\/p>\n","protected":false},"author":1,"featured_media":0,"parent":430,"menu_order":5,"comment_status":"closed","ping_status":"closed","template":"","meta":{"footnotes":""},"class_list":["post-3294","page","type-page","status-publish","hentry"],"_links":{"self":[{"href":"https:\/\/www.noisy-edv.de\/TTC\/wordpress\/index.php?rest_route=\/wp\/v2\/pages\/3294","targetHints":{"allow":["GET"]}}],"collection":[{"href":"https:\/\/www.noisy-edv.de\/TTC\/wordpress\/index.php?rest_route=\/wp\/v2\/pages"}],"about":[{"href":"https:\/\/www.noisy-edv.de\/TTC\/wordpress\/index.php?rest_route=\/wp\/v2\/types\/page"}],"author":[{"embeddable":true,"href":"https:\/\/www.noisy-edv.de\/TTC\/wordpress\/index.php?rest_route=\/wp\/v2\/users\/1"}],"replies":[{"embeddable":true,"href":"https:\/\/www.noisy-edv.de\/TTC\/wordpress\/index.php?rest_route=%2Fwp%2Fv2%2Fcomments&post=3294"}],"version-history":[{"count":15,"href":"https:\/\/www.noisy-edv.de\/TTC\/wordpress\/index.php?rest_route=\/wp\/v2\/pages\/3294\/revisions"}],"predecessor-version":[{"id":4446,"href":"https:\/\/www.noisy-edv.de\/TTC\/wordpress\/index.php?rest_route=\/wp\/v2\/pages\/3294\/revisions\/4446"}],"up":[{"embeddable":true,"href":"https:\/\/www.noisy-edv.de\/TTC\/wordpress\/index.php?rest_route=\/wp\/v2\/pages\/430"}],"wp:attachment":[{"href":"https:\/\/www.noisy-edv.de\/TTC\/wordpress\/index.php?rest_route=%2Fwp%2Fv2%2Fmedia&parent=3294"}],"curies":[{"name":"wp","href":"https:\/\/api.w.org\/{rel}","templated":true}]}}