{"id":3374,"date":"2019-12-16T15:11:18","date_gmt":"2019-12-16T14:11:18","guid":{"rendered":"http:\/\/www.noisy-edv.de\/TTC\/wordpress\/?page_id=3374"},"modified":"2020-10-05T15:54:13","modified_gmt":"2020-10-05T13:54:13","slug":"2019-2","status":"publish","type":"page","link":"https:\/\/www.noisy-edv.de\/TTC\/wordpress\/?page_id=3374","title":{"rendered":"2019"},"content":{"rendered":"<p>Das 10. Mini-Turnier fand unter Teilnahme von 15 Kindern und Jugendlichen statt. Der Spa\u00df stand wieder im Vordergrund. Die \u00e4lteren Jungspieler hatten es besonders schwer, indem H\u00fctchen auf ihrer Plattenseite das Spiel teilweise deutlich erschwerten. Zum Verzehr standen im Regieraum ausreichend Bockwurst, Weingummis, Fanta und Sprite zur Verf\u00fcgung.<\/p>\n<p>An 5 verschiedenen Plattenstationen fanden spannende Spiele statt. Station 1 war die Dschungelplatte, Station 2 die Grabenplatte, Station 3 die \u201eschr\u00e4ge\u201c Platte, Station 4 die Bandenplatte und Station 5 die neue, knallgr\u00fcne Mini-Platte. In zwei Gruppen wurden die Gruppensieger ermittelt, die im \u201eRotations-Finale\u201c gegeneinander antreten durften und in zwei Gewinns\u00e4tzen nach einem rotierenden Zufallsprinzip um die kleine Siegestroph\u00e4e spielten. Jeder der 15 Teilnehmer durfte sich am Ende ein Spielzeug als Belohnung und Weihnachtsgeschenk aussuchen. \ud83d\ude42<\/p>\n<p>Finalsieger wurde Aaron Brinkmann, Zweiter Adrian Meinecke. Die weiteren Pl\u00e4tze belegten Klara Schlinsog, Nils Hermann, Lukas Heiduk, Hannah Kasten, Simon Meinecke, Fabian Scholz, Louis Scheiermann, Julia Rutz, Niklas Kasten, Elia Vree, Colin Schimke, Maximilian Rutz und Philipp Einenkel.<\/p>\n<p style=\"text-align: center;\">_ _ _<\/p>\n<p style=\"text-align: center;\"><em>Teilnehmer des Mini-Turniers 2019<\/em><\/p>\n<p style=\"text-align: center;\"><img loading=\"lazy\" decoding=\"async\" width=\"3662\" height=\"2578\" class=\"aligncenter size-full wp-image-3395\" alt=\"\" src=\"http:\/\/www.noisy-edv.de\/TTC\/wordpress\/wp-content\/uploads\/2019\/12\/Mini-Turnier-2019-x.jpeg\" srcset=\"https:\/\/www.noisy-edv.de\/TTC\/wordpress\/wp-content\/uploads\/2019\/12\/Mini-Turnier-2019-x.jpeg 3662w, https:\/\/www.noisy-edv.de\/TTC\/wordpress\/wp-content\/uploads\/2019\/12\/Mini-Turnier-2019-x-300x211.jpeg 300w, https:\/\/www.noisy-edv.de\/TTC\/wordpress\/wp-content\/uploads\/2019\/12\/Mini-Turnier-2019-x-768x541.jpeg 768w, https:\/\/www.noisy-edv.de\/TTC\/wordpress\/wp-content\/uploads\/2019\/12\/Mini-Turnier-2019-x-1024x721.jpeg 1024w, https:\/\/www.noisy-edv.de\/TTC\/wordpress\/wp-content\/uploads\/2019\/12\/Mini-Turnier-2019-x-426x300.jpeg 426w\" sizes=\"auto, (max-width: 3662px) 100vw, 3662px\" \/><\/p>\n<p style=\"text-align: center;\">\n","protected":false},"excerpt":{"rendered":"<p>Das 10. Mini-Turnier fand unter Teilnahme von 15 Kindern und Jugendlichen statt. Der Spa\u00df stand wieder im Vordergrund. Die \u00e4lteren Jungspieler hatten es besonders schwer, indem H\u00fctchen auf ihrer Plattenseite das Spiel teilweise deutlich erschwerten. Zum Verzehr standen im Regieraum &hellip; <a href=\"https:\/\/www.noisy-edv.de\/TTC\/wordpress\/?page_id=3374\">Weiterlesen <span class=\"meta-nav\">&rarr;<\/span><\/a><\/p>\n","protected":false},"author":1,"featured_media":0,"parent":3566,"menu_order":0,"comment_status":"closed","ping_status":"closed","template":"","meta":{"footnotes":""},"class_list":["post-3374","page","type-page","status-publish","hentry"],"_links":{"self":[{"href":"https:\/\/www.noisy-edv.de\/TTC\/wordpress\/index.php?rest_route=\/wp\/v2\/pages\/3374","targetHints":{"allow":["GET"]}}],"collection":[{"href":"https:\/\/www.noisy-edv.de\/TTC\/wordpress\/index.php?rest_route=\/wp\/v2\/pages"}],"about":[{"href":"https:\/\/www.noisy-edv.de\/TTC\/wordpress\/index.php?rest_route=\/wp\/v2\/types\/page"}],"author":[{"embeddable":true,"href":"https:\/\/www.noisy-edv.de\/TTC\/wordpress\/index.php?rest_route=\/wp\/v2\/users\/1"}],"replies":[{"embeddable":true,"href":"https:\/\/www.noisy-edv.de\/TTC\/wordpress\/index.php?rest_route=%2Fwp%2Fv2%2Fcomments&post=3374"}],"version-history":[{"count":9,"href":"https:\/\/www.noisy-edv.de\/TTC\/wordpress\/index.php?rest_route=\/wp\/v2\/pages\/3374\/revisions"}],"predecessor-version":[{"id":3568,"href":"https:\/\/www.noisy-edv.de\/TTC\/wordpress\/index.php?rest_route=\/wp\/v2\/pages\/3374\/revisions\/3568"}],"up":[{"embeddable":true,"href":"https:\/\/www.noisy-edv.de\/TTC\/wordpress\/index.php?rest_route=\/wp\/v2\/pages\/3566"}],"wp:attachment":[{"href":"https:\/\/www.noisy-edv.de\/TTC\/wordpress\/index.php?rest_route=%2Fwp%2Fv2%2Fmedia&parent=3374"}],"curies":[{"name":"wp","href":"https:\/\/api.w.org\/{rel}","templated":true}]}}