{"id":348,"date":"2011-07-07T09:11:40","date_gmt":"2011-07-07T07:11:40","guid":{"rendered":"http:\/\/www.noisy-edv.de\/TTC\/wordpress\/?page_id=348"},"modified":"2020-10-05T16:00:37","modified_gmt":"2020-10-05T14:00:37","slug":"2010-2","status":"publish","type":"page","link":"https:\/\/www.noisy-edv.de\/TTC\/wordpress\/?page_id=348","title":{"rendered":"2010"},"content":{"rendered":"<p>Beim ersten Mini-Tischtennisturnier am 17.12.2010 gab es zum Ende des Jahres f\u00fcr unsere Jugendlichen noch mal ein sportliche Herausforderung. Insgesamt nahmen 11 Jugendliche daran teil.<\/p>\n<p>Die Spiele ab dem Halbfinale wurden an einer Mini-Tischtennisplatte durchgef\u00fchrt. Diese Platte hat Pfarrer J\u00fcrgen Grote dem TTC Klein Elbe anl\u00e4sslich seines 60-j\u00e4hrigen Vereinsjubil\u00e4ums geschenkt. Der Sieger erhielt eine kleine Troph\u00e4e, die ersten 4 jeweils eine Urkunde und alle anderen ein kleines Weihnachtsgeschenk.<\/p>\n<p>Sieger des Turniers wurde Patrick Gerling, Zweiter Bastian Nitschke, Dritte Mona Matussek und Vierter Kaan Demir. Weitere Teilnehmer waren Michel Ohlendorf, Lukas Ohlendorf, Marvin Beeri, Paul M\u00e4neke, Louis Langemeier, Tim Str\u00fcbig und Richard Segert.<\/p>\n<p>Zum Abschluss des Turniers wurde der Sieger Patrick noch vom Schirmherren des Turniers J\u00fcrgen Grote an der kleinen Platte herausgefordert. Unser Pfarrer war in dem spannenden Spiel knapp unterlegen.<\/p>\n<p style=\"text-align: center;\">_ _ _<\/p>\n<p style=\"text-align: center;\"><em>Teilnehmer des Mini-Turniers 2010<\/em><\/p>\n<p><img loading=\"lazy\" decoding=\"async\" width=\"650\" height=\"449\" title=\"Mini-Turnier 2010\" class=\"alignleft size-full wp-image-701\" alt=\"\" src=\"http:\/\/www.noisy-edv.de\/TTC\/wordpress\/wp-content\/uploads\/2011\/07\/DSC00427.jpg\" srcset=\"https:\/\/www.noisy-edv.de\/TTC\/wordpress\/wp-content\/uploads\/2011\/07\/DSC00427.jpg 650w, https:\/\/www.noisy-edv.de\/TTC\/wordpress\/wp-content\/uploads\/2011\/07\/DSC00427-300x207.jpg 300w\" sizes=\"auto, (max-width: 650px) 100vw, 650px\" \/><\/p>\n","protected":false},"excerpt":{"rendered":"<p>Beim ersten Mini-Tischtennisturnier am 17.12.2010 gab es zum Ende des Jahres f\u00fcr unsere Jugendlichen noch mal ein sportliche Herausforderung. Insgesamt nahmen 11 Jugendliche daran teil. Die Spiele ab dem Halbfinale wurden an einer Mini-Tischtennisplatte durchgef\u00fchrt. Diese Platte hat Pfarrer J\u00fcrgen &hellip; <a href=\"https:\/\/www.noisy-edv.de\/TTC\/wordpress\/?page_id=348\">Weiterlesen <span class=\"meta-nav\">&rarr;<\/span><\/a><\/p>\n","protected":false},"author":1,"featured_media":0,"parent":3566,"menu_order":9,"comment_status":"closed","ping_status":"closed","template":"","meta":{"footnotes":""},"class_list":["post-348","page","type-page","status-publish","hentry"],"_links":{"self":[{"href":"https:\/\/www.noisy-edv.de\/TTC\/wordpress\/index.php?rest_route=\/wp\/v2\/pages\/348","targetHints":{"allow":["GET"]}}],"collection":[{"href":"https:\/\/www.noisy-edv.de\/TTC\/wordpress\/index.php?rest_route=\/wp\/v2\/pages"}],"about":[{"href":"https:\/\/www.noisy-edv.de\/TTC\/wordpress\/index.php?rest_route=\/wp\/v2\/types\/page"}],"author":[{"embeddable":true,"href":"https:\/\/www.noisy-edv.de\/TTC\/wordpress\/index.php?rest_route=\/wp\/v2\/users\/1"}],"replies":[{"embeddable":true,"href":"https:\/\/www.noisy-edv.de\/TTC\/wordpress\/index.php?rest_route=%2Fwp%2Fv2%2Fcomments&post=348"}],"version-history":[{"count":6,"href":"https:\/\/www.noisy-edv.de\/TTC\/wordpress\/index.php?rest_route=\/wp\/v2\/pages\/348\/revisions"}],"predecessor-version":[{"id":3577,"href":"https:\/\/www.noisy-edv.de\/TTC\/wordpress\/index.php?rest_route=\/wp\/v2\/pages\/348\/revisions\/3577"}],"up":[{"embeddable":true,"href":"https:\/\/www.noisy-edv.de\/TTC\/wordpress\/index.php?rest_route=\/wp\/v2\/pages\/3566"}],"wp:attachment":[{"href":"https:\/\/www.noisy-edv.de\/TTC\/wordpress\/index.php?rest_route=%2Fwp%2Fv2%2Fmedia&parent=348"}],"curies":[{"name":"wp","href":"https:\/\/api.w.org\/{rel}","templated":true}]}}