{"id":3516,"date":"2020-10-05T12:57:06","date_gmt":"2020-10-05T10:57:06","guid":{"rendered":"http:\/\/www.noisy-edv.de\/TTC\/wordpress\/?page_id=3516"},"modified":"2023-05-01T08:17:16","modified_gmt":"2023-05-01T06:17:16","slug":"2020-2","status":"publish","type":"page","link":"https:\/\/www.noisy-edv.de\/TTC\/wordpress\/?page_id=3516","title":{"rendered":"2020"},"content":{"rendered":"\n<div class=\"wp-block-group\"><div class=\"wp-block-group__inner-container is-layout-flow wp-block-group-is-layout-flow\">\n<p><strong>Teilnehmer<\/strong>:<\/p>\n<p>Teilnehmerfeld <strong>Doppel<\/strong>: <strong>32<\/strong> = <strong>16<\/strong> Doppelpaare<br \/><em><span style=\"font-size: small;\">(Rekord: 17 Doppelpaare in 2011, 2012, 2014)<\/span><\/em><\/p>\n<p>Teilnehmerfeld <strong>Jugend<\/strong>: <strong>12<\/strong> Spieler<br \/><em><span style=\"font-size: small;\">(Rekord: 21 Spieler in 2014)<\/span><\/em><\/p>\n<p>Teilnehmerfeld <strong>Einzel<\/strong>: <strong>29<\/strong> Spieler (21 Herren, 8 Damen)<br \/><em><span style=\"font-size: small;\">(Rekord!!! Zuvor: 28 Spieler in 2014, 2018)<\/span><\/em><\/p>\n<p><strong>Spielsystem und Platzierungen<\/strong>:<\/p>\n<p><strong>Doppel<\/strong>: zwei Gruppen -&gt; Halbfinale -&gt; Spiel Platz 3 + Finale<br \/>1. Marcel Bokelmann und Enrico Bokelmann<br \/>2. Daniel Pratsch und Andr\u00e9 Neumann<br \/>3. Alexander Kohl und Dennis Schulz<br \/>4. Kai Die\u00dfel und Thorsten Bremer<\/p>\n<p><strong>Jugend-Einzel<\/strong>: zwei Gruppen -&gt; Halbfinale -&gt; Spiel Platz 3 + Finale<br \/>1. Niklas Kasten<br \/>2. Fabian Scholz<br \/>3. Louis Buchholz<br \/>4. Marlon Die\u00dfel<br \/>Auf den weiteren Pl\u00e4tzen: Klara Schlinsog,\u00a0Marlon Schmidt,\u00a0Aaron Brinkmann,\u00a0Finn Garbrecht,\u00a0Carlos Koch,\u00a0Nils Hermann,\u00a0Lukas Rockmann und\u00a0Philipp Einenkel<\/p>\n<p><strong>Sch\u00fcler-Einzel<\/strong>: Wertung f\u00fcr den besten Jungspieler (Geburtsjahrg\u00e4nge 2007 und j\u00fcnger)<br \/>1. Louis Buchholz<\/p>\n<p><strong>Herren-Einzel<\/strong>: vier Gruppen -&gt; Viertelfinale -&gt; Halbfinale -&gt; Spiel Platz 3 + Finale<br \/>1. Alexander Kohl<br \/>2. David Die\u00dfel<br \/>3. Marcel Bokelmann<br \/>4. Jens Borchers<\/p>\n<p><strong>Gro\u00dfer Wanderpokal<\/strong>: Wertung f\u00fcr den besten Spieler der unteren Mannschaften (3. bis 5.)<br \/>1. David Die\u00dfel<\/p>\n<p><strong>Kleiner Wanderpokal<\/strong>: Wertung f\u00fcr den besten Spieler der untersten Spielklasse<br \/>1. Jan Schlinsog<\/p>\n<p><strong>Damen-Einzel<\/strong>: Gruppenphase Einzel -&gt; Halbfinale -&gt; Spiel Platz 3 + Finale<br \/>1. Hanna Holzknecht<br \/>2. Sabine Schulz<br \/>3. Sandra Schmidt<br \/>4. Jolene Lack<\/p>\n<p style=\"text-align: center;\">_ _ _<\/p>\n<p style=\"text-align: center;\"><em>Die 16 Doppelpaare<\/em><\/p>\n<p style=\"text-align: center;\"><img loading=\"lazy\" decoding=\"async\" class=\"aligncenter size-full wp-image-3154\" src=\"http:\/\/www.noisy-edv.de\/TTC\/wordpress\/wp-content\/uploads\/2020\/10\/01.jpg\" alt=\"\" width=\"570\" height=\"428\" \/>_ _ _<\/p>\n<p style=\"text-align: center;\"><em>Sieger Doppel<\/em><\/p>\n<p style=\"text-align: center;\"><img loading=\"lazy\" decoding=\"async\" class=\"aligncenter size-full wp-image-3155\" src=\"http:\/\/www.noisy-edv.de\/TTC\/wordpress\/wp-content\/uploads\/2020\/10\/02.jpg\" alt=\"\" width=\"570\" height=\"445\" \/>_ _ _<\/p>\n<p style=\"text-align: center;\"><em>Sieger Jugend-Einzel<\/em><\/p>\n<p style=\"text-align: center;\"><img loading=\"lazy\" decoding=\"async\" class=\"aligncenter size-full wp-image-3156\" src=\"http:\/\/www.noisy-edv.de\/TTC\/wordpress\/wp-content\/uploads\/2020\/10\/03b.jpg\" alt=\"\" width=\"570\" height=\"447\" \/>_ _ _<\/p>\n<p style=\"text-align: center;\"><em>Sieger Herren-Einzel<\/em><\/p>\n<p style=\"text-align: center;\"><img loading=\"lazy\" decoding=\"async\" class=\"aligncenter size-full wp-image-3159\" src=\"http:\/\/www.noisy-edv.de\/TTC\/wordpress\/wp-content\/uploads\/2020\/10\/04b.jpg\" alt=\"\" width=\"569\" height=\"494\" \/><img loading=\"lazy\" decoding=\"async\" class=\"aligncenter size-full wp-image-3160\" src=\"http:\/\/www.noisy-edv.de\/TTC\/wordpress\/wp-content\/uploads\/2020\/10\/05.jpg\" alt=\"\" width=\"345\" height=\"461\" \/>_ _ _<\/p>\n<p style=\"text-align: center;\"><em>Sieger Damen-Einzel<img loading=\"lazy\" decoding=\"async\" class=\"aligncenter size-full wp-image-3161\" src=\"http:\/\/www.noisy-edv.de\/TTC\/wordpress\/wp-content\/uploads\/2020\/10\/06.jpg\" alt=\"\" width=\"570\" height=\"478\" \/><\/em><\/p>\n<\/div><\/div>\n\n\n\n<p><\/p>\n\n\n\n<p><\/p>\n","protected":false},"excerpt":{"rendered":"<p>Teilnehmer: Teilnehmerfeld Doppel: 32 = 16 Doppelpaare(Rekord: 17 Doppelpaare in 2011, 2012, 2014) Teilnehmerfeld Jugend: 12 Spieler(Rekord: 21 Spieler in 2014) Teilnehmerfeld Einzel: 29 Spieler (21 Herren, 8 Damen)(Rekord!!! Zuvor: 28 Spieler in 2014, 2018) Spielsystem und Platzierungen: Doppel: zwei &hellip; <a href=\"https:\/\/www.noisy-edv.de\/TTC\/wordpress\/?page_id=3516\">Weiterlesen <span class=\"meta-nav\">&rarr;<\/span><\/a><\/p>\n","protected":false},"author":1,"featured_media":0,"parent":61,"menu_order":7,"comment_status":"closed","ping_status":"closed","template":"","meta":{"footnotes":""},"class_list":["post-3516","page","type-page","status-publish","hentry"],"_links":{"self":[{"href":"https:\/\/www.noisy-edv.de\/TTC\/wordpress\/index.php?rest_route=\/wp\/v2\/pages\/3516","targetHints":{"allow":["GET"]}}],"collection":[{"href":"https:\/\/www.noisy-edv.de\/TTC\/wordpress\/index.php?rest_route=\/wp\/v2\/pages"}],"about":[{"href":"https:\/\/www.noisy-edv.de\/TTC\/wordpress\/index.php?rest_route=\/wp\/v2\/types\/page"}],"author":[{"embeddable":true,"href":"https:\/\/www.noisy-edv.de\/TTC\/wordpress\/index.php?rest_route=\/wp\/v2\/users\/1"}],"replies":[{"embeddable":true,"href":"https:\/\/www.noisy-edv.de\/TTC\/wordpress\/index.php?rest_route=%2Fwp%2Fv2%2Fcomments&post=3516"}],"version-history":[{"count":42,"href":"https:\/\/www.noisy-edv.de\/TTC\/wordpress\/index.php?rest_route=\/wp\/v2\/pages\/3516\/revisions"}],"predecessor-version":[{"id":4725,"href":"https:\/\/www.noisy-edv.de\/TTC\/wordpress\/index.php?rest_route=\/wp\/v2\/pages\/3516\/revisions\/4725"}],"up":[{"embeddable":true,"href":"https:\/\/www.noisy-edv.de\/TTC\/wordpress\/index.php?rest_route=\/wp\/v2\/pages\/61"}],"wp:attachment":[{"href":"https:\/\/www.noisy-edv.de\/TTC\/wordpress\/index.php?rest_route=%2Fwp%2Fv2%2Fmedia&parent=3516"}],"curies":[{"name":"wp","href":"https:\/\/api.w.org\/{rel}","templated":true}]}}