{"id":353,"date":"2011-07-07T09:18:04","date_gmt":"2011-07-07T07:18:04","guid":{"rendered":"http:\/\/www.noisy-edv.de\/TTC\/wordpress\/?page_id=353"},"modified":"2025-04-28T10:31:48","modified_gmt":"2025-04-28T08:31:48","slug":"wanderpokal","status":"publish","type":"page","link":"https:\/\/www.noisy-edv.de\/TTC\/wordpress\/?page_id=353","title":{"rendered":"Wanderpokal"},"content":{"rendered":"<div class=\"wp-block-image\">\n<figure class=\"alignright\"><img loading=\"lazy\" decoding=\"async\" width=\"133\" height=\"300\" src=\"http:\/\/www.noisy-edv.de\/TTC\/wordpress\/wp-content\/uploads\/2011\/07\/Wanderpokal.jpg\" alt=\"\" class=\"wp-image-354\"\/><\/figure>\n<\/div>\n\n\n<p>Der<b> Gro\u00dfe Wanderpokal<\/b> f\u00fcr den besten Spieler der unteren Mannschaften wird seit 1995 ausgespielt. F\u00fcr die einen ist es ein Trostpreis, f\u00fcr die anderen die Anerkennung einer guten Turnierleistung. Mit diesem Pokal werden Leistungen au\u00dferhalb des obersten Leistungsspektrums gew\u00fcrdigt.<\/p>\n\n\n\n<p>Er eignet sich auch besser als jeder andere Pokal als Trinkbecher f\u00fcr die Party danach. \ud83d\ude09<\/p>\n\n\n\n<p><strong>Die Gewinner<\/strong>:<br \/>2025: David Die\u00dfel<br \/>2024: Jens Borchers<br \/>2023: Jan Schlinsog<br \/>2022: Lukas Ohlendorf<br \/>2021: Fabian Bruer<br \/>2020: David Die\u00dfel<br \/>2019: Kilian Schmidt<br \/>2018: Burkhard Spie\u00dfl<br \/>2017: Christian Schimke<br \/>2016: Patrick Gerling<br \/>2015: Christian Schimke<br \/>2014: Christian Schimke<br \/>2013: Christian Schimke<br \/>2012: Magnus Kappei<br \/>2011: Jacek Solga<br \/>2010: Christian Schimke<br \/>2009: Gerald Beeri<br \/>2008: Christian Schimke<br \/>2007: Andreas Schimke<br \/>2006: Detlef Kreutner<br \/>2005: Helmut Seggelke<br \/>2004: Gerald Beeri<br \/>2003: Detlef Kreutner<br \/>2002: Christian Schimke<br \/>2001: Christian Schimke<br \/>2000: Hermann Jahns<br \/>1999: Hermann Jahns<br \/>1998: Andreas Schimke<br \/>1997: Andreas Schimke<br \/>1996: Helmut Seggelke<br \/>1995: Arnold Haars<\/p>\n\n\n\n<p>_ _ _<\/p>\n\n\n<div class=\"wp-block-image\">\n<figure class=\"alignright\"><img decoding=\"async\" src=\"http:\/\/www.noisy-edv.de\/TTC\/wordpress\/wp-content\/uploads\/2019\/05\/Kleiner-Wanderpokal3.jpg\" alt=\"\" class=\"wp-image-354\"\/><\/figure>\n<\/div>\n\n\n<p>Der <b>Kleine&nbsp;Wanderpokal<\/b> f\u00fcr den besten Spieler der untersten Spielklasse wird seit 2013 ausgespielt. Der Gewinner darf ein Jahr lang seine Vitrine mit diesem Pokal&nbsp;zieren. \ud83d\ude42<\/p>\n\n\n\n<p><strong>Die Gewinner<\/strong>:<br \/>2025: Lukas Rockmann<br \/>2024: Andreas Fahr<br \/>2023: Lukas Heiduk<br \/>2022: Jan Schlinsog<br \/>2021: Jan Schlinsog<br \/>2020: Jan Schlinsog<br \/>2019: Jan Schlinsog<br \/>2018: Cedric H\u00f6fer<br \/>2017: Cedric H\u00f6fer<br \/>2016: Michael Wolf<br \/>2015: Michael Wolf<br \/>2014: Maik Gremmel<br \/>2013: Martin Schmidt<\/p>\n","protected":false},"excerpt":{"rendered":"<p>Der Gro\u00dfe Wanderpokal f\u00fcr den besten Spieler der unteren Mannschaften wird seit 1995 ausgespielt. F\u00fcr die einen ist es ein Trostpreis, f\u00fcr die anderen die Anerkennung einer guten Turnierleistung. Mit diesem Pokal werden Leistungen au\u00dferhalb des obersten Leistungsspektrums gew\u00fcrdigt. Er &hellip; <a href=\"https:\/\/www.noisy-edv.de\/TTC\/wordpress\/?page_id=353\">Weiterlesen <span class=\"meta-nav\">&rarr;<\/span><\/a><\/p>\n","protected":false},"author":1,"featured_media":0,"parent":61,"menu_order":19,"comment_status":"closed","ping_status":"closed","template":"","meta":{"footnotes":""},"class_list":["post-353","page","type-page","status-publish","hentry"],"_links":{"self":[{"href":"https:\/\/www.noisy-edv.de\/TTC\/wordpress\/index.php?rest_route=\/wp\/v2\/pages\/353","targetHints":{"allow":["GET"]}}],"collection":[{"href":"https:\/\/www.noisy-edv.de\/TTC\/wordpress\/index.php?rest_route=\/wp\/v2\/pages"}],"about":[{"href":"https:\/\/www.noisy-edv.de\/TTC\/wordpress\/index.php?rest_route=\/wp\/v2\/types\/page"}],"author":[{"embeddable":true,"href":"https:\/\/www.noisy-edv.de\/TTC\/wordpress\/index.php?rest_route=\/wp\/v2\/users\/1"}],"replies":[{"embeddable":true,"href":"https:\/\/www.noisy-edv.de\/TTC\/wordpress\/index.php?rest_route=%2Fwp%2Fv2%2Fcomments&post=353"}],"version-history":[{"count":50,"href":"https:\/\/www.noisy-edv.de\/TTC\/wordpress\/index.php?rest_route=\/wp\/v2\/pages\/353\/revisions"}],"predecessor-version":[{"id":5078,"href":"https:\/\/www.noisy-edv.de\/TTC\/wordpress\/index.php?rest_route=\/wp\/v2\/pages\/353\/revisions\/5078"}],"up":[{"embeddable":true,"href":"https:\/\/www.noisy-edv.de\/TTC\/wordpress\/index.php?rest_route=\/wp\/v2\/pages\/61"}],"wp:attachment":[{"href":"https:\/\/www.noisy-edv.de\/TTC\/wordpress\/index.php?rest_route=%2Fwp%2Fv2%2Fmedia&parent=353"}],"curies":[{"name":"wp","href":"https:\/\/api.w.org\/{rel}","templated":true}]}}