{"id":363,"date":"2011-07-07T09:25:33","date_gmt":"2011-07-07T07:25:33","guid":{"rendered":"http:\/\/www.noisy-edv.de\/TTC\/wordpress\/?page_id=363"},"modified":"2020-10-05T15:34:32","modified_gmt":"2020-10-05T13:34:32","slug":"2011-2","status":"publish","type":"page","link":"https:\/\/www.noisy-edv.de\/TTC\/wordpress\/?page_id=363","title":{"rendered":"2011"},"content":{"rendered":"<p>Im <strong>Jugend-Doppelwettbewerb<\/strong> nahmen <strong>4<\/strong> Doppelpaare teil. Vereinsmeister wurden <strong>Kaan Demir<\/strong> und <strong>Marvin Beeri<\/strong>, Zweite wurden Patrick Gerling und Mona Matussek.&nbsp;Den&nbsp;3.Platz erreichten&nbsp;Lukas Ohlendorf und Paul M\u00e4neke vor Tim Str\u00fcbig und Michel Ohlendorf.<\/p>\n<p>Im <strong>Erwachsenen-Doppelwettbewerb<\/strong> nahmen <strong>17<\/strong> Doppelpaare teil. 34 Teilnehmer gab es vorher noch nie!!! In 4 Gruppen wurden die beiden Besten ermittelt, die sich dann im Viertelfinale, Halbfinale und Finale miteinander messen mussten. Sieger wurden <strong>Burkhard Spie\u00dfl<\/strong> und <strong>Kai Die\u00dfel<\/strong>, die sich im Finale knapp mit 3:2 S\u00e4tzen gegen Daniel Pratsch und Andr\u00e9 Neumann durchsetzen konnten. Der 3.Platz ging an Thorsten Bremer und Jens Borchers vor Martin Die\u00dfel und J\u00fcrgen Karbstein.<\/p>\n<p>Im <strong>Jugend-Einzel<\/strong> haben <strong>11<\/strong> Jugendliche mitgemacht. In 2 Gruppen wurden die Teilnehmer f\u00fcrs Halbfinale gesucht. Die ersten 3 Pl\u00e4tze gingen genau wie im Vorjahr an die selben Spieler. Erster wurde <strong>Kaan Demir<\/strong>, der zum 3.Mal in Folge Jugend-Vereinsmeister wurde. Zweite wurde Mona Matussek, die mit 2 Matchb\u00e4llen den Finalsieg knapp verpasste. Der 3.Platz ging an Patrick Gerling, der im \u201ckleinen Finale\u201d gegen Marvin Beeri erfolgreich war.<\/p>\n<p>Im Damenwettbewerb setzte sich wie im Vorjahr <strong>Sabine Die\u00dfel<\/strong> durch und wurde Vereinsmeisterin. Sie setzte sich in den Finalspielen gegen&nbsp;Simone Schlinsog&nbsp;durch, die Zweite wurde.<\/p>\n<p>Im <strong>Herren-Einzel<\/strong> gab es mit einem Teilnehmerfeld von <strong>25<\/strong> Spielern eine neue Bestmarke!!! In 4 Gruppen qualifizierten sich jeweils die beiden Gruppenbesten f\u00fcr die Viertelfinals. Im ersten Halbfinale traf David Die\u00dfel auf Thorsten Bremer, im zweiten Halbfinale traf Wolfgang G\u00f6tze auf Daniel Pratsch. Bremer und Pratsch setzten sich durch. Das Finale gewann <strong>Daniel Pratsch<\/strong> klar und deutlich mit 3:0 S\u00e4tzen. Zweiter wurde damit Thorsten Bremer. Der 3.Platz ging an&nbsp;David Die\u00dfel vor Wolfgang G\u00f6tze.<\/p>\n<p>Im Entscheidungsspiel um den Wanderpokal f\u00fcr den besten Spieler der unteren Mannschaften trafen in diesem Jahr Jacek Solga und Jan Schlinsog aufeinander. Mit einem 3:1-Sieg setzte sich <strong>Jacek Solga<\/strong> durch und durfte den Wanderpokal mit nach Hause nehmen. Drittplatzierter in der Wertung wurde Christian Schimke.<\/p>\n<p style=\"text-align: center;\">_ _ _<\/p>\n<p style=\"text-align: center;\"><em>Teilnehmer der Vereinsmeisterschaften im Doppel 2011<\/em><\/p>\n<p style=\"text-align: center;\"><img loading=\"lazy\" decoding=\"async\" width=\"489\" height=\"882\" title=\"Doppel-Vereinsmeisterschaften 2011\" class=\"aligncenter size-full wp-image-612\" alt=\"\" src=\"http:\/\/www.noisy-edv.de\/TTC\/wordpress\/wp-content\/uploads\/2011\/07\/doppel-2011.jpg\" srcset=\"https:\/\/www.noisy-edv.de\/TTC\/wordpress\/wp-content\/uploads\/2011\/07\/doppel-2011.jpg 489w, https:\/\/www.noisy-edv.de\/TTC\/wordpress\/wp-content\/uploads\/2011\/07\/doppel-2011-166x300.jpg 166w\" sizes=\"auto, (max-width: 489px) 100vw, 489px\" \/><\/p>\n","protected":false},"excerpt":{"rendered":"<p>Im Jugend-Doppelwettbewerb nahmen 4 Doppelpaare teil. Vereinsmeister wurden Kaan Demir und Marvin Beeri, Zweite wurden Patrick Gerling und Mona Matussek.&nbsp;Den&nbsp;3.Platz erreichten&nbsp;Lukas Ohlendorf und Paul M\u00e4neke vor Tim Str\u00fcbig und Michel Ohlendorf. Im Erwachsenen-Doppelwettbewerb nahmen 17 Doppelpaare teil. 34 Teilnehmer gab &hellip; <a href=\"https:\/\/www.noisy-edv.de\/TTC\/wordpress\/?page_id=363\">Weiterlesen <span class=\"meta-nav\">&rarr;<\/span><\/a><\/p>\n","protected":false},"author":1,"featured_media":0,"parent":3557,"menu_order":17,"comment_status":"closed","ping_status":"closed","template":"","meta":{"footnotes":""},"class_list":["post-363","page","type-page","status-publish","hentry"],"_links":{"self":[{"href":"https:\/\/www.noisy-edv.de\/TTC\/wordpress\/index.php?rest_route=\/wp\/v2\/pages\/363","targetHints":{"allow":["GET"]}}],"collection":[{"href":"https:\/\/www.noisy-edv.de\/TTC\/wordpress\/index.php?rest_route=\/wp\/v2\/pages"}],"about":[{"href":"https:\/\/www.noisy-edv.de\/TTC\/wordpress\/index.php?rest_route=\/wp\/v2\/types\/page"}],"author":[{"embeddable":true,"href":"https:\/\/www.noisy-edv.de\/TTC\/wordpress\/index.php?rest_route=\/wp\/v2\/users\/1"}],"replies":[{"embeddable":true,"href":"https:\/\/www.noisy-edv.de\/TTC\/wordpress\/index.php?rest_route=%2Fwp%2Fv2%2Fcomments&post=363"}],"version-history":[{"count":24,"href":"https:\/\/www.noisy-edv.de\/TTC\/wordpress\/index.php?rest_route=\/wp\/v2\/pages\/363\/revisions"}],"predecessor-version":[{"id":3555,"href":"https:\/\/www.noisy-edv.de\/TTC\/wordpress\/index.php?rest_route=\/wp\/v2\/pages\/363\/revisions\/3555"}],"up":[{"embeddable":true,"href":"https:\/\/www.noisy-edv.de\/TTC\/wordpress\/index.php?rest_route=\/wp\/v2\/pages\/3557"}],"wp:attachment":[{"href":"https:\/\/www.noisy-edv.de\/TTC\/wordpress\/index.php?rest_route=%2Fwp%2Fv2%2Fmedia&parent=363"}],"curies":[{"name":"wp","href":"https:\/\/api.w.org\/{rel}","templated":true}]}}