{"id":4067,"date":"2022-09-05T14:21:08","date_gmt":"2022-09-05T12:21:08","guid":{"rendered":"http:\/\/www.noisy-edv.de\/TTC\/wordpress\/?page_id=4067"},"modified":"2023-12-12T12:52:10","modified_gmt":"2023-12-12T11:52:10","slug":"2021-2","status":"publish","type":"page","link":"https:\/\/www.noisy-edv.de\/TTC\/wordpress\/?page_id=4067","title":{"rendered":"2021"},"content":{"rendered":"\n<p>Das Mini-Turnier 2021 wurde aufgrund der Corona-Lage im September 2022 ausgetragen. Organisiert und durchgef\u00fchrt von unserem Jugendwart Patrick Gerling. 9 Tischtennis-Begeisterte folgten der Einladung zum 12.Mini-Turnier, bei dem wieder der Spa\u00df im Vordergrund stand.<\/p>\n\n\n\n<p>Zum Verzehr in den Pausen standen f\u00fcr Spieler und Eltern im Regieraum ausreichend Fanta, Sprite, Mezzo Mix und Cola zur Verf\u00fcgung. Drau\u00dfen wurden in der Friteuse leckere Pommes von Melina Die\u00dfel zubereitet. Die beliebten Weingummiboxen rundeten das kulinarische Angebot ab.<\/p>\n\n\n\n<p>Als Spa\u00dfplatten (5 an der Zahl) dienten die knallgr\u00fcne Mini-Platte, die \u201eschr\u00e4ge\u201c Platte, die Dschungelplatte, die H\u00fctchenplatte und die Riesenplatte. Die Organisatoren sorgten mit ihren runden Spezialh\u00fctchen f\u00fcr den n\u00f6tigen \u201eAusgleich\u201c. Die verschiedenen Spielst\u00e4rken sollten auch dieses Mal \u201egerecht harmonisiert\u201c werden.&nbsp;<\/p>\n\n\n\n<p>In einer 5er und einer 4er Gruppe wurden die Sieger ermittelt. Gruppe A gewann Colin Schimke (knapp vor Hanna Schlinsog), Gruppe B gewann Nils Hermann (knapp vor Marlon Die\u00dfel). Nach den Halbfinals standen zun\u00e4chst die Platzierungsspiele auf dem Programm, im Anschluss dann das gro\u00dfe Finale an der kleinen Mini-Platte. Marlon und Hanna durften hier gegeneinander antreten. Am Ende gewann unter professionellster Z\u00e4hlaufsicht vom 1.Vorsitzenden Christian Schimke der Klein Elber Marlon Die\u00dfel mit 2:0 S\u00e4tzen gegen Hanna Schlinsog und holte sich die begehrte Troph\u00e4e. Jeder Teilnehmer bekam auch dieses Mal bei der Siegerehrung ein kleines Geschenk.&nbsp;<\/p>\n\n\n\n<p>Die 9 Teilnehmer waren: Marlon Die\u00dfel, Hanna Schlinsog, Nils Hermann, Colin Schimke, Aaron Brinkmann, Matteo Koch, Philipp Einenkel, Louis Hoppe und Carlotta Schimke.<\/p>\n\n\n\n<p class=\"has-text-align-center\">_ _ _<\/p>\n\n\n\n<p class=\"has-text-align-center\"><em>Teilnehmer des Mini-Turniers 2021<\/em><\/p>\n\n\n\n<figure class=\"wp-block-image size-large\"><img loading=\"lazy\" decoding=\"async\" width=\"1024\" height=\"633\" src=\"http:\/\/www.noisy-edv.de\/TTC\/wordpress\/wp-content\/uploads\/2022\/09\/Mini-Turnier-2021-1024x633.jpg\" alt=\"\" class=\"wp-image-4071\" srcset=\"https:\/\/www.noisy-edv.de\/TTC\/wordpress\/wp-content\/uploads\/2022\/09\/Mini-Turnier-2021-1024x633.jpg 1024w, https:\/\/www.noisy-edv.de\/TTC\/wordpress\/wp-content\/uploads\/2022\/09\/Mini-Turnier-2021-300x185.jpg 300w, https:\/\/www.noisy-edv.de\/TTC\/wordpress\/wp-content\/uploads\/2022\/09\/Mini-Turnier-2021-768x474.jpg 768w, https:\/\/www.noisy-edv.de\/TTC\/wordpress\/wp-content\/uploads\/2022\/09\/Mini-Turnier-2021-1536x949.jpg 1536w, https:\/\/www.noisy-edv.de\/TTC\/wordpress\/wp-content\/uploads\/2022\/09\/Mini-Turnier-2021-2048x1265.jpg 2048w, https:\/\/www.noisy-edv.de\/TTC\/wordpress\/wp-content\/uploads\/2022\/09\/Mini-Turnier-2021-486x300.jpg 486w\" sizes=\"auto, (max-width: 1024px) 100vw, 1024px\" \/><\/figure>\n","protected":false},"excerpt":{"rendered":"<p>Das Mini-Turnier 2021 wurde aufgrund der Corona-Lage im September 2022 ausgetragen. Organisiert und durchgef\u00fchrt von unserem Jugendwart Patrick Gerling. 9 Tischtennis-Begeisterte folgten der Einladung zum 12.Mini-Turnier, bei dem wieder der Spa\u00df im Vordergrund stand. Zum Verzehr in den Pausen standen &hellip; <a href=\"https:\/\/www.noisy-edv.de\/TTC\/wordpress\/?page_id=4067\">Weiterlesen <span class=\"meta-nav\">&rarr;<\/span><\/a><\/p>\n","protected":false},"author":1,"featured_media":0,"parent":63,"menu_order":7,"comment_status":"closed","ping_status":"closed","template":"","meta":{"footnotes":""},"class_list":["post-4067","page","type-page","status-publish","hentry"],"_links":{"self":[{"href":"https:\/\/www.noisy-edv.de\/TTC\/wordpress\/index.php?rest_route=\/wp\/v2\/pages\/4067","targetHints":{"allow":["GET"]}}],"collection":[{"href":"https:\/\/www.noisy-edv.de\/TTC\/wordpress\/index.php?rest_route=\/wp\/v2\/pages"}],"about":[{"href":"https:\/\/www.noisy-edv.de\/TTC\/wordpress\/index.php?rest_route=\/wp\/v2\/types\/page"}],"author":[{"embeddable":true,"href":"https:\/\/www.noisy-edv.de\/TTC\/wordpress\/index.php?rest_route=\/wp\/v2\/users\/1"}],"replies":[{"embeddable":true,"href":"https:\/\/www.noisy-edv.de\/TTC\/wordpress\/index.php?rest_route=%2Fwp%2Fv2%2Fcomments&post=4067"}],"version-history":[{"count":7,"href":"https:\/\/www.noisy-edv.de\/TTC\/wordpress\/index.php?rest_route=\/wp\/v2\/pages\/4067\/revisions"}],"predecessor-version":[{"id":4641,"href":"https:\/\/www.noisy-edv.de\/TTC\/wordpress\/index.php?rest_route=\/wp\/v2\/pages\/4067\/revisions\/4641"}],"up":[{"embeddable":true,"href":"https:\/\/www.noisy-edv.de\/TTC\/wordpress\/index.php?rest_route=\/wp\/v2\/pages\/63"}],"wp:attachment":[{"href":"https:\/\/www.noisy-edv.de\/TTC\/wordpress\/index.php?rest_route=%2Fwp%2Fv2%2Fmedia&parent=4067"}],"curies":[{"name":"wp","href":"https:\/\/api.w.org\/{rel}","templated":true}]}}