{"id":4211,"date":"2022-12-11T10:29:52","date_gmt":"2022-12-11T09:29:52","guid":{"rendered":"http:\/\/www.noisy-edv.de\/TTC\/wordpress\/?page_id=4211"},"modified":"2023-12-12T12:52:39","modified_gmt":"2023-12-12T11:52:39","slug":"2022-2","status":"publish","type":"page","link":"https:\/\/www.noisy-edv.de\/TTC\/wordpress\/?page_id=4211","title":{"rendered":"2022"},"content":{"rendered":"\n<p>Das Mini-Turnier 2022 fand am Freitag, den 9.Dezember, statt. Nach zwei coronabedingten Verschiebungen in die Folgejahre konnte das Spa\u00dfturnier endlich wieder in der Adventszeit zum Jahresabschluss stattfinden. 15 Kinder und Jugendliche fanden diesmal den Weg in die Gro\u00df Elber Sporthalle zu einem Event, bei dem der Spa\u00df am Tischtennissport wieder im absoluten Vordergrund stehen sollte. Mit Weihnachtsm\u00fctzen eingekleidet waren an 6 verschiedenen Spielstationen und mit besonderen Spezialschl\u00e4gern (erg\u00e4nzt von den mehr oder weniger beliebten -je nach Plattenseite- eingesetzten H\u00fctchen) zweieinhalb Stunden Spa\u00df und Unterhaltung f\u00fcr die Kids und erfreulicherweise auch einiger zuschauenden Eltern geboten. Jugendwart Patrick Gerling koordinierte und leitete das Wettkampfgeschehen. In zwei Gruppen wurden im Modus Jeder-gegen-Jeden Duelle mit dem Plastikball ausgetragen. In die Halbfinals schafften es diesmal Anton, Ryan, Philipp und Marlon. Das Finale spielten Anton gegen Marlon an der Mini-Platte. Beide nahmen sich nichts. In zwei hart umk\u00e4mpften S\u00e4tzen setzte sich am Ende Marlon durch und gewann die Siegertroph\u00e4e. Bei der Siegerehrung bekam jeder Teilnehmer ein schokoladiges Weihnachtsgeschenk vom Vorstand \u00fcberreicht. Kulinarisch wurde die Veranstaltung von Bockwurst und Weingummiboxen begleitet, sodass jeder Teilnehmer nach knapp drei spa\u00dfigen Stunden ges\u00e4ttigt und zufrieden die Heimreise antreten konnte.<\/p>\n\n\n\n<p>Die 15 Teilnehmer waren: Marlon Schmidt, Anton Henneberg, Philipp Einenkel, Ryan Hennig, Nils Hermann, Finn Garbrecht, Matteo Koch, Henry Klingebiel, Jan K\u00f6rner, Hans Schulze, Vincent Diestel, Shafik Rachim, Luca Solga, Laurenz Diestel und Tyler Liebau.<\/p>\n\n\n\n<p class=\"has-text-align-center\">_ _ _<\/p>\n\n\n\n<p class=\"has-text-align-center\"><em>Teilnehmer des Mini-Turniers 2022<\/em><\/p>\n\n\n\n<figure class=\"wp-block-image size-large is-style-default\"><img loading=\"lazy\" decoding=\"async\" width=\"1024\" height=\"680\" src=\"http:\/\/www.noisy-edv.de\/TTC\/wordpress\/wp-content\/uploads\/2022\/12\/IMG_6711b-1024x680.jpg\" alt=\"\" class=\"wp-image-4217\" srcset=\"https:\/\/www.noisy-edv.de\/TTC\/wordpress\/wp-content\/uploads\/2022\/12\/IMG_6711b-1024x680.jpg 1024w, https:\/\/www.noisy-edv.de\/TTC\/wordpress\/wp-content\/uploads\/2022\/12\/IMG_6711b-300x199.jpg 300w, https:\/\/www.noisy-edv.de\/TTC\/wordpress\/wp-content\/uploads\/2022\/12\/IMG_6711b-768x510.jpg 768w, https:\/\/www.noisy-edv.de\/TTC\/wordpress\/wp-content\/uploads\/2022\/12\/IMG_6711b-1536x1020.jpg 1536w, https:\/\/www.noisy-edv.de\/TTC\/wordpress\/wp-content\/uploads\/2022\/12\/IMG_6711b-2048x1359.jpg 2048w, https:\/\/www.noisy-edv.de\/TTC\/wordpress\/wp-content\/uploads\/2022\/12\/IMG_6711b-452x300.jpg 452w\" sizes=\"auto, (max-width: 1024px) 100vw, 1024px\" \/><\/figure>\n\n\n\n<figure class=\"wp-block-image size-large is-style-default\"><img loading=\"lazy\" decoding=\"async\" width=\"1024\" height=\"701\" src=\"http:\/\/www.noisy-edv.de\/TTC\/wordpress\/wp-content\/uploads\/2022\/12\/IMG_6682b-1024x701.jpg\" alt=\"\" class=\"wp-image-4219\" srcset=\"https:\/\/www.noisy-edv.de\/TTC\/wordpress\/wp-content\/uploads\/2022\/12\/IMG_6682b-1024x701.jpg 1024w, https:\/\/www.noisy-edv.de\/TTC\/wordpress\/wp-content\/uploads\/2022\/12\/IMG_6682b-300x205.jpg 300w, https:\/\/www.noisy-edv.de\/TTC\/wordpress\/wp-content\/uploads\/2022\/12\/IMG_6682b-768x526.jpg 768w, https:\/\/www.noisy-edv.de\/TTC\/wordpress\/wp-content\/uploads\/2022\/12\/IMG_6682b-1536x1052.jpg 1536w, https:\/\/www.noisy-edv.de\/TTC\/wordpress\/wp-content\/uploads\/2022\/12\/IMG_6682b-2048x1403.jpg 2048w, https:\/\/www.noisy-edv.de\/TTC\/wordpress\/wp-content\/uploads\/2022\/12\/IMG_6682b-438x300.jpg 438w\" sizes=\"auto, (max-width: 1024px) 100vw, 1024px\" \/><\/figure>\n","protected":false},"excerpt":{"rendered":"<p>Das Mini-Turnier 2022 fand am Freitag, den 9.Dezember, statt. Nach zwei coronabedingten Verschiebungen in die Folgejahre konnte das Spa\u00dfturnier endlich wieder in der Adventszeit zum Jahresabschluss stattfinden. 15 Kinder und Jugendliche fanden diesmal den Weg in die Gro\u00df Elber Sporthalle &hellip; <a href=\"https:\/\/www.noisy-edv.de\/TTC\/wordpress\/?page_id=4211\">Weiterlesen <span class=\"meta-nav\">&rarr;<\/span><\/a><\/p>\n","protected":false},"author":1,"featured_media":0,"parent":63,"menu_order":6,"comment_status":"closed","ping_status":"closed","template":"","meta":{"footnotes":""},"class_list":["post-4211","page","type-page","status-publish","hentry"],"_links":{"self":[{"href":"https:\/\/www.noisy-edv.de\/TTC\/wordpress\/index.php?rest_route=\/wp\/v2\/pages\/4211","targetHints":{"allow":["GET"]}}],"collection":[{"href":"https:\/\/www.noisy-edv.de\/TTC\/wordpress\/index.php?rest_route=\/wp\/v2\/pages"}],"about":[{"href":"https:\/\/www.noisy-edv.de\/TTC\/wordpress\/index.php?rest_route=\/wp\/v2\/types\/page"}],"author":[{"embeddable":true,"href":"https:\/\/www.noisy-edv.de\/TTC\/wordpress\/index.php?rest_route=\/wp\/v2\/users\/1"}],"replies":[{"embeddable":true,"href":"https:\/\/www.noisy-edv.de\/TTC\/wordpress\/index.php?rest_route=%2Fwp%2Fv2%2Fcomments&post=4211"}],"version-history":[{"count":12,"href":"https:\/\/www.noisy-edv.de\/TTC\/wordpress\/index.php?rest_route=\/wp\/v2\/pages\/4211\/revisions"}],"predecessor-version":[{"id":4638,"href":"https:\/\/www.noisy-edv.de\/TTC\/wordpress\/index.php?rest_route=\/wp\/v2\/pages\/4211\/revisions\/4638"}],"up":[{"embeddable":true,"href":"https:\/\/www.noisy-edv.de\/TTC\/wordpress\/index.php?rest_route=\/wp\/v2\/pages\/63"}],"wp:attachment":[{"href":"https:\/\/www.noisy-edv.de\/TTC\/wordpress\/index.php?rest_route=%2Fwp%2Fv2%2Fmedia&parent=4211"}],"curies":[{"name":"wp","href":"https:\/\/api.w.org\/{rel}","templated":true}]}}