{"id":430,"date":"2011-07-16T00:12:44","date_gmt":"2011-07-15T22:12:44","guid":{"rendered":"http:\/\/www.noisy-edv.de\/TTC\/wordpress\/?page_id=430"},"modified":"2024-09-12T14:13:45","modified_gmt":"2024-09-12T12:13:45","slug":"boselturnier","status":"publish","type":"page","link":"https:\/\/www.noisy-edv.de\/TTC\/wordpress\/?page_id=430","title":{"rendered":"Bo\u00dfelturnier"},"content":{"rendered":"<p>Tischtennis ist ein Sport, der vornehmlich von September bis April betrieben wird. In den warmen Sommermonaten nutzt der Verein h\u00e4ufig das Sommerloch, um Veranstaltungen f\u00fcr Vereinsmitglieder und Vereinsfreunde durchzuf\u00fchren.<\/p>\n<p>Das Bo\u00dfelturnier hat eine lange Tradition beim TTC. Hier messen sich alle Klein Elber Vereine und Organisationen. Es fand seit 1981 fast jedes Jahr statt. Im Jahr 2024 wurde das Bo\u00dfelturnier schon zum 31.Mal ausgetragen.<\/p>\n<p>&gt; <a href=\"http:\/\/www.noisy-edv.de\/TTC\/wordpress\/?page_id=4814\">2024<\/a><\/p>\n<p>&gt; <a href=\"http:\/\/www.noisy-edv.de\/TTC\/wordpress\/?page_id=4439\">2023<\/a><\/p>\n<p>&gt; <a href=\"http:\/\/www.noisy-edv.de\/TTC\/wordpress\/?page_id=3294\">2019<\/a><\/p>\n<p>&gt; <a href=\"http:\/\/www.noisy-edv.de\/TTC\/wordpress\/?page_id=2694\">2017<\/a><\/p>\n<p>&gt; <a href=\"http:\/\/www.noisy-edv.de\/TTC\/wordpress\/?page_id=2255\">2015<\/a><\/p>\n<p>&gt; <a href=\"http:\/\/www.noisy-edv.de\/TTC\/wordpress\/?page_id=521\">2011<\/a><\/p>\n<p>&gt; <a href=\"http:\/\/www.noisy-edv.de\/TTC\/wordpress\/?page_id=531\">Sieger<\/a><\/p>\n","protected":false},"excerpt":{"rendered":"<p>Tischtennis ist ein Sport, der vornehmlich von September bis April betrieben wird. In den warmen Sommermonaten nutzt der Verein h\u00e4ufig das Sommerloch, um Veranstaltungen f\u00fcr Vereinsmitglieder und Vereinsfreunde durchzuf\u00fchren. Das Bo\u00dfelturnier hat eine lange Tradition beim TTC. Hier messen sich &hellip; <a href=\"https:\/\/www.noisy-edv.de\/TTC\/wordpress\/?page_id=430\">Weiterlesen <span class=\"meta-nav\">&rarr;<\/span><\/a><\/p>\n","protected":false},"author":1,"featured_media":0,"parent":59,"menu_order":3,"comment_status":"closed","ping_status":"closed","template":"","meta":{"footnotes":""},"class_list":["post-430","page","type-page","status-publish","hentry"],"_links":{"self":[{"href":"https:\/\/www.noisy-edv.de\/TTC\/wordpress\/index.php?rest_route=\/wp\/v2\/pages\/430","targetHints":{"allow":["GET"]}}],"collection":[{"href":"https:\/\/www.noisy-edv.de\/TTC\/wordpress\/index.php?rest_route=\/wp\/v2\/pages"}],"about":[{"href":"https:\/\/www.noisy-edv.de\/TTC\/wordpress\/index.php?rest_route=\/wp\/v2\/types\/page"}],"author":[{"embeddable":true,"href":"https:\/\/www.noisy-edv.de\/TTC\/wordpress\/index.php?rest_route=\/wp\/v2\/users\/1"}],"replies":[{"embeddable":true,"href":"https:\/\/www.noisy-edv.de\/TTC\/wordpress\/index.php?rest_route=%2Fwp%2Fv2%2Fcomments&post=430"}],"version-history":[{"count":26,"href":"https:\/\/www.noisy-edv.de\/TTC\/wordpress\/index.php?rest_route=\/wp\/v2\/pages\/430\/revisions"}],"predecessor-version":[{"id":4819,"href":"https:\/\/www.noisy-edv.de\/TTC\/wordpress\/index.php?rest_route=\/wp\/v2\/pages\/430\/revisions\/4819"}],"up":[{"embeddable":true,"href":"https:\/\/www.noisy-edv.de\/TTC\/wordpress\/index.php?rest_route=\/wp\/v2\/pages\/59"}],"wp:attachment":[{"href":"https:\/\/www.noisy-edv.de\/TTC\/wordpress\/index.php?rest_route=%2Fwp%2Fv2%2Fmedia&parent=430"}],"curies":[{"name":"wp","href":"https:\/\/api.w.org\/{rel}","templated":true}]}}