{"id":4484,"date":"2023-08-29T10:43:21","date_gmt":"2023-08-29T08:43:21","guid":{"rendered":"http:\/\/www.noisy-edv.de\/TTC\/wordpress\/?page_id=4484"},"modified":"2025-11-10T14:04:48","modified_gmt":"2025-11-10T13:04:48","slug":"schiessen","status":"publish","type":"page","link":"https:\/\/www.noisy-edv.de\/TTC\/wordpress\/?page_id=4484","title":{"rendered":"Schie\u00dfen"},"content":{"rendered":"\n<p>Schie\u00dfsport ist bei TTC-Mitgliedern traditionell hoch im Kurs. An drei Veranstaltungen im Jahr haben die Mitglieder Gelegenheit ihr K\u00f6nnen am Luftgewehr oder Kleinkalibergewehr unter Beweis zu stellen. Diese sind das Wanderpokal-Schie\u00dfen (Individualwettbewerb des SV Klein Elbe), Vereineschie\u00dfen (Teamwettbewerb des SV Klein Elbe) und Pokalschie\u00dfen (Teamwettbewerb des SV Gustedt).<\/p>\n\n\n<div class=\"wp-block-image\">\n<figure class=\"alignright size-full\"><img loading=\"lazy\" decoding=\"async\" width=\"170\" height=\"316\" src=\"http:\/\/www.noisy-edv.de\/TTC\/wordpress\/wp-content\/uploads\/2023\/08\/xcsdsddxcx2.jpg\" alt=\"\" class=\"wp-image-4496\" srcset=\"https:\/\/www.noisy-edv.de\/TTC\/wordpress\/wp-content\/uploads\/2023\/08\/xcsdsddxcx2.jpg 170w, https:\/\/www.noisy-edv.de\/TTC\/wordpress\/wp-content\/uploads\/2023\/08\/xcsdsddxcx2-161x300.jpg 161w\" sizes=\"auto, (max-width: 170px) 100vw, 170px\" \/><\/figure>\n<\/div>\n\n\n<p class=\"has-text-align-left\"><strong>Wanderpokal-Schie\u00dfen<\/strong> des Sch\u00fctzenvereins Klein Elbe<br \/>Alle <strong>Sieger <\/strong>dieses Wettbewerbs:<br \/>2025: Marcel Rau<br \/>2024: Christian Schimke<br \/>2023: Andr\u00e9 K\u00f6rner<br \/>2019: Sabine Schulz<br \/>2018: Christian Schimke<br \/>2017: Michael Wolf<br \/>2016: Martin Die\u00dfel<br \/>2015: Jens Borchers<br \/>2014: Andreas Schimke<br \/>2013: Sascha Hoffmeister<br \/>2012: Berthold Litzius<br \/>2011: Fabian Bruer<\/p>\n\n\n\n<p><strong>Vereineschie\u00dfen<\/strong> des Sch\u00fctzenvereins Klein Elbe<br \/>j\u00e4hrliche Teilnahme seit 1982 <span style=\"font-size: small;\">(zu Beginn des Wettbewerbs als &#8222;Bu\u00df-und Bettagsschie\u00dfen&#8220; bekannt)<\/span><br \/>Siege: 1997, 1998, 2010, 2011, 2012, 2013, 2014, 2017 und 2025<\/p>\n\n\n\n<p><strong>Pokalschie\u00dfen <\/strong>des Sch\u00fctzenvereins Gustedt<br \/>j\u00e4hrliche Teilnahme &#8222;seit ewig&#8220;<br \/>Siege: 2003, 2006, 2013 und 2015<\/p>\n","protected":false},"excerpt":{"rendered":"<p>Schie\u00dfsport ist bei TTC-Mitgliedern traditionell hoch im Kurs. An drei Veranstaltungen im Jahr haben die Mitglieder Gelegenheit ihr K\u00f6nnen am Luftgewehr oder Kleinkalibergewehr unter Beweis zu stellen. Diese sind das Wanderpokal-Schie\u00dfen (Individualwettbewerb des SV Klein Elbe), Vereineschie\u00dfen (Teamwettbewerb des SV &hellip; <a href=\"https:\/\/www.noisy-edv.de\/TTC\/wordpress\/?page_id=4484\">Weiterlesen <span class=\"meta-nav\">&rarr;<\/span><\/a><\/p>\n","protected":false},"author":1,"featured_media":0,"parent":59,"menu_order":3,"comment_status":"closed","ping_status":"closed","template":"","meta":{"footnotes":""},"class_list":["post-4484","page","type-page","status-publish","hentry"],"_links":{"self":[{"href":"https:\/\/www.noisy-edv.de\/TTC\/wordpress\/index.php?rest_route=\/wp\/v2\/pages\/4484","targetHints":{"allow":["GET"]}}],"collection":[{"href":"https:\/\/www.noisy-edv.de\/TTC\/wordpress\/index.php?rest_route=\/wp\/v2\/pages"}],"about":[{"href":"https:\/\/www.noisy-edv.de\/TTC\/wordpress\/index.php?rest_route=\/wp\/v2\/types\/page"}],"author":[{"embeddable":true,"href":"https:\/\/www.noisy-edv.de\/TTC\/wordpress\/index.php?rest_route=\/wp\/v2\/users\/1"}],"replies":[{"embeddable":true,"href":"https:\/\/www.noisy-edv.de\/TTC\/wordpress\/index.php?rest_route=%2Fwp%2Fv2%2Fcomments&post=4484"}],"version-history":[{"count":18,"href":"https:\/\/www.noisy-edv.de\/TTC\/wordpress\/index.php?rest_route=\/wp\/v2\/pages\/4484\/revisions"}],"predecessor-version":[{"id":5224,"href":"https:\/\/www.noisy-edv.de\/TTC\/wordpress\/index.php?rest_route=\/wp\/v2\/pages\/4484\/revisions\/5224"}],"up":[{"embeddable":true,"href":"https:\/\/www.noisy-edv.de\/TTC\/wordpress\/index.php?rest_route=\/wp\/v2\/pages\/59"}],"wp:attachment":[{"href":"https:\/\/www.noisy-edv.de\/TTC\/wordpress\/index.php?rest_route=%2Fwp%2Fv2%2Fmedia&parent=4484"}],"curies":[{"name":"wp","href":"https:\/\/api.w.org\/{rel}","templated":true}]}}