{"id":4639,"date":"2023-12-12T12:50:41","date_gmt":"2023-12-12T11:50:41","guid":{"rendered":"http:\/\/www.noisy-edv.de\/TTC\/wordpress\/?page_id=4639"},"modified":"2023-12-12T14:20:47","modified_gmt":"2023-12-12T13:20:47","slug":"2023-2","status":"publish","type":"page","link":"https:\/\/www.noisy-edv.de\/TTC\/wordpress\/?page_id=4639","title":{"rendered":"2023"},"content":{"rendered":"\n<p>Das Mini-Turnier 2023 fand am Freitag, den 8.Dezember, statt. Der Einladung folgten 13 Kinder und Jugendliche des Vereins. Der Spa\u00df stand wie immer im absoluten Vordergrund und f\u00fcr die ein oder andere \u00dcberraschung war gesorgt. An 6 verschiedenen Spielstationen erg\u00e4nzt von den je nach Plattenseite mehr oder weniger beliebten H\u00fctchen war den Kids zweieinhalb Stunden Spa\u00df und Unterhaltung geboten. F\u00fcr Getr\u00e4nke und Snacks von Bockwurst bis Cr\u00eapes war gesorgt. Jugendwart Patrick Gerling koordinierte und leitete das Wettkampfgeschehen. In zwei Gruppen wurden im Modus Jeder-gegen-Jeden Duelle mit dem kleinen, wei\u00dfen Ball ausgetragen. In die Halbfinals an der Mini-Platte schafften es diesmal Henry, Colin, Philipp und Joshua. Das Finale spielten Henry gegen Joshua. In zwei hart umk\u00e4mpften S\u00e4tzen setzte sich am Ende Henry durch und gewann die kleine Siegertroph\u00e4e. Bei der Siegerehrung bekam jeder Teilnehmer ein schokoladiges Weihnachtsgeschenk vom Vorstand \u00fcberreicht und es konnte sich jeder ein cooles Kartenspiel aussuchen.<\/p>\n\n\n\n<p>Die 13 Teilnehmer waren: Henry Klingebiel, Joshua Sch\u00e4l, Philipp Einenkel, Colin Schimke, Aaron Brinkmann, Lukas Rockmann, Marlon Schmidt, Hans Schulze, Matteo Koch, Jaden Mohr, Vincent Diestel, Till Wa\u00dfmu\u00df und Shafik Rachim.<\/p>\n\n\n\n<p class=\"has-text-align-center\">_ _ _<\/p>\n\n\n\n<p class=\"has-text-align-center\"><em>Teilnehmer des Mini-Turniers 2023<\/em><\/p>\n\n\n\n<figure class=\"wp-block-image size-large\"><a href=\"http:\/\/www.noisy-edv.de\/TTC\/wordpress\/wp-content\/uploads\/2023\/12\/Mini-Turnier-2023-scaled.jpg\"><img loading=\"lazy\" decoding=\"async\" width=\"1024\" height=\"683\" src=\"http:\/\/www.noisy-edv.de\/TTC\/wordpress\/wp-content\/uploads\/2023\/12\/Mini-Turnier-2023-1024x683.jpg\" alt=\"\" class=\"wp-image-4642\" srcset=\"https:\/\/www.noisy-edv.de\/TTC\/wordpress\/wp-content\/uploads\/2023\/12\/Mini-Turnier-2023-1024x683.jpg 1024w, https:\/\/www.noisy-edv.de\/TTC\/wordpress\/wp-content\/uploads\/2023\/12\/Mini-Turnier-2023-300x200.jpg 300w, https:\/\/www.noisy-edv.de\/TTC\/wordpress\/wp-content\/uploads\/2023\/12\/Mini-Turnier-2023-768x512.jpg 768w, https:\/\/www.noisy-edv.de\/TTC\/wordpress\/wp-content\/uploads\/2023\/12\/Mini-Turnier-2023-1536x1024.jpg 1536w, https:\/\/www.noisy-edv.de\/TTC\/wordpress\/wp-content\/uploads\/2023\/12\/Mini-Turnier-2023-2048x1365.jpg 2048w, https:\/\/www.noisy-edv.de\/TTC\/wordpress\/wp-content\/uploads\/2023\/12\/Mini-Turnier-2023-450x300.jpg 450w\" sizes=\"auto, (max-width: 1024px) 100vw, 1024px\" \/><\/a><\/figure>\n","protected":false},"excerpt":{"rendered":"<p>Das Mini-Turnier 2023 fand am Freitag, den 8.Dezember, statt. Der Einladung folgten 13 Kinder und Jugendliche des Vereins. Der Spa\u00df stand wie immer im absoluten Vordergrund und f\u00fcr die ein oder andere \u00dcberraschung war gesorgt. An 6 verschiedenen Spielstationen erg\u00e4nzt &hellip; <a href=\"https:\/\/www.noisy-edv.de\/TTC\/wordpress\/?page_id=4639\">Weiterlesen <span class=\"meta-nav\">&rarr;<\/span><\/a><\/p>\n","protected":false},"author":1,"featured_media":0,"parent":63,"menu_order":5,"comment_status":"closed","ping_status":"closed","template":"","meta":{"footnotes":""},"class_list":["post-4639","page","type-page","status-publish","hentry"],"_links":{"self":[{"href":"https:\/\/www.noisy-edv.de\/TTC\/wordpress\/index.php?rest_route=\/wp\/v2\/pages\/4639","targetHints":{"allow":["GET"]}}],"collection":[{"href":"https:\/\/www.noisy-edv.de\/TTC\/wordpress\/index.php?rest_route=\/wp\/v2\/pages"}],"about":[{"href":"https:\/\/www.noisy-edv.de\/TTC\/wordpress\/index.php?rest_route=\/wp\/v2\/types\/page"}],"author":[{"embeddable":true,"href":"https:\/\/www.noisy-edv.de\/TTC\/wordpress\/index.php?rest_route=\/wp\/v2\/users\/1"}],"replies":[{"embeddable":true,"href":"https:\/\/www.noisy-edv.de\/TTC\/wordpress\/index.php?rest_route=%2Fwp%2Fv2%2Fcomments&post=4639"}],"version-history":[{"count":4,"href":"https:\/\/www.noisy-edv.de\/TTC\/wordpress\/index.php?rest_route=\/wp\/v2\/pages\/4639\/revisions"}],"predecessor-version":[{"id":4650,"href":"https:\/\/www.noisy-edv.de\/TTC\/wordpress\/index.php?rest_route=\/wp\/v2\/pages\/4639\/revisions\/4650"}],"up":[{"embeddable":true,"href":"https:\/\/www.noisy-edv.de\/TTC\/wordpress\/index.php?rest_route=\/wp\/v2\/pages\/63"}],"wp:attachment":[{"href":"https:\/\/www.noisy-edv.de\/TTC\/wordpress\/index.php?rest_route=%2Fwp%2Fv2%2Fmedia&parent=4639"}],"curies":[{"name":"wp","href":"https:\/\/api.w.org\/{rel}","templated":true}]}}