{"id":5012,"date":"2024-12-14T00:47:51","date_gmt":"2024-12-13T23:47:51","guid":{"rendered":"http:\/\/www.noisy-edv.de\/TTC\/wordpress\/?page_id=5012"},"modified":"2024-12-14T01:06:16","modified_gmt":"2024-12-14T00:06:16","slug":"2024-2","status":"publish","type":"page","link":"https:\/\/www.noisy-edv.de\/TTC\/wordpress\/?page_id=5012","title":{"rendered":"2024"},"content":{"rendered":"\n<p>Das Mini-Turnier 2024 fand am Freitag, den 13.Dezember, statt. Der Einladung folgten 16 Kinder und Jugendliche des Vereins. Der Spa\u00df stand wie immer im Vordergrund und f\u00fcr die ein oder andere \u00dcberraschung war gesorgt. An sechs verschiedenen Spielstationen erg\u00e4nzt von den je nach Plattenseite mehr oder weniger beliebten H\u00fctchen war den Kids drei Stunden Spa\u00df und Unterhaltung geboten. F\u00fcr Getr\u00e4nke und Snacks von Bockwurst bis Cr\u00eapes war gesorgt. Jugendwart Patrick Gerling koordinierte und leitete das Wettkampfgeschehen. In zwei 8er Gruppen wurden im Modus Jeder-gegen-Jeden Duelle mit dem kleinen, wei\u00dfen Ball ausgetragen. Ins Finale an der kleinen Platte schafften es Matteo und Philipp. In drei hart umk\u00e4mpften S\u00e4tzen setzte sich am Ende Philipp durch und gewann die kleine Siegertroph\u00e4e. Bei der Siegerehrung bekam jeder Teilnehmer eine mit einem Schokoweihnachtsmann bef\u00fcllte TTC-Tasse vom Vorstand \u00fcberreicht.<\/p>\n\n\n\n<p>Die 16 Teilnehmer waren: Philipp Einenkel, Matteo Koch, Lukas Rockmann, Colin Schimke, Hans Schulze, Vincent Diestel, Luca Solga, Henry Klingebiel, Mika Gerber, Tim Seggelke, Jan Seggelke, Erik Schulze, Carlo Dahlke, Collin Vogt, Till Wa\u00dfmu\u00df und Felix Str\u00fch.<\/p>\n\n\n\n<p class=\"has-text-align-center\">_ _ _<\/p>\n\n\n\n<p class=\"has-text-align-center\"><em>Teilnehmer des Mini-Turniers 2024<\/em><\/p>\n\n\n\n<figure class=\"wp-block-image size-large\"><a href=\"http:\/\/www.noisy-edv.de\/TTC\/wordpress\/wp-content\/uploads\/2024\/12\/IMG_8100b-scaled.jpg\"><img loading=\"lazy\" decoding=\"async\" width=\"1024\" height=\"542\" src=\"http:\/\/www.noisy-edv.de\/TTC\/wordpress\/wp-content\/uploads\/2024\/12\/IMG_8100b-1024x542.jpg\" alt=\"\" class=\"wp-image-5014\" srcset=\"https:\/\/www.noisy-edv.de\/TTC\/wordpress\/wp-content\/uploads\/2024\/12\/IMG_8100b-1024x542.jpg 1024w, https:\/\/www.noisy-edv.de\/TTC\/wordpress\/wp-content\/uploads\/2024\/12\/IMG_8100b-300x159.jpg 300w, https:\/\/www.noisy-edv.de\/TTC\/wordpress\/wp-content\/uploads\/2024\/12\/IMG_8100b-768x407.jpg 768w, https:\/\/www.noisy-edv.de\/TTC\/wordpress\/wp-content\/uploads\/2024\/12\/IMG_8100b-1536x813.jpg 1536w, https:\/\/www.noisy-edv.de\/TTC\/wordpress\/wp-content\/uploads\/2024\/12\/IMG_8100b-2048x1084.jpg 2048w, https:\/\/www.noisy-edv.de\/TTC\/wordpress\/wp-content\/uploads\/2024\/12\/IMG_8100b-500x265.jpg 500w\" sizes=\"auto, (max-width: 1024px) 100vw, 1024px\" \/><\/a><\/figure>\n","protected":false},"excerpt":{"rendered":"<p>Das Mini-Turnier 2024 fand am Freitag, den 13.Dezember, statt. Der Einladung folgten 16 Kinder und Jugendliche des Vereins. Der Spa\u00df stand wie immer im Vordergrund und f\u00fcr die ein oder andere \u00dcberraschung war gesorgt. An sechs verschiedenen Spielstationen erg\u00e4nzt von &hellip; <a href=\"https:\/\/www.noisy-edv.de\/TTC\/wordpress\/?page_id=5012\">Weiterlesen <span class=\"meta-nav\">&rarr;<\/span><\/a><\/p>\n","protected":false},"author":1,"featured_media":0,"parent":63,"menu_order":4,"comment_status":"closed","ping_status":"closed","template":"","meta":{"footnotes":""},"class_list":["post-5012","page","type-page","status-publish","hentry"],"_links":{"self":[{"href":"https:\/\/www.noisy-edv.de\/TTC\/wordpress\/index.php?rest_route=\/wp\/v2\/pages\/5012","targetHints":{"allow":["GET"]}}],"collection":[{"href":"https:\/\/www.noisy-edv.de\/TTC\/wordpress\/index.php?rest_route=\/wp\/v2\/pages"}],"about":[{"href":"https:\/\/www.noisy-edv.de\/TTC\/wordpress\/index.php?rest_route=\/wp\/v2\/types\/page"}],"author":[{"embeddable":true,"href":"https:\/\/www.noisy-edv.de\/TTC\/wordpress\/index.php?rest_route=\/wp\/v2\/users\/1"}],"replies":[{"embeddable":true,"href":"https:\/\/www.noisy-edv.de\/TTC\/wordpress\/index.php?rest_route=%2Fwp%2Fv2%2Fcomments&post=5012"}],"version-history":[{"count":4,"href":"https:\/\/www.noisy-edv.de\/TTC\/wordpress\/index.php?rest_route=\/wp\/v2\/pages\/5012\/revisions"}],"predecessor-version":[{"id":5026,"href":"https:\/\/www.noisy-edv.de\/TTC\/wordpress\/index.php?rest_route=\/wp\/v2\/pages\/5012\/revisions\/5026"}],"up":[{"embeddable":true,"href":"https:\/\/www.noisy-edv.de\/TTC\/wordpress\/index.php?rest_route=\/wp\/v2\/pages\/63"}],"wp:attachment":[{"href":"https:\/\/www.noisy-edv.de\/TTC\/wordpress\/index.php?rest_route=%2Fwp%2Fv2%2Fmedia&parent=5012"}],"curies":[{"name":"wp","href":"https:\/\/api.w.org\/{rel}","templated":true}]}}