{"id":521,"date":"2011-09-09T19:12:52","date_gmt":"2011-09-09T17:12:52","guid":{"rendered":"http:\/\/www.noisy-edv.de\/TTC\/wordpress\/?page_id=521"},"modified":"2023-08-14T11:50:33","modified_gmt":"2023-08-14T09:50:33","slug":"2011-2","status":"publish","type":"page","link":"https:\/\/www.noisy-edv.de\/TTC\/wordpress\/?page_id=521","title":{"rendered":"2011"},"content":{"rendered":"<p>Beim Bo\u00dfelturnier des TTC Klein Elbe am 28.8.2011 nahmen 7 Mannschaften den Kampf gegen den Klein Elber Feldweg auf. Vom Spielplatz bis zum Bahn\u00fcbergang und zur\u00fcck hie\u00df es auch in diesem Jahr. Alle Mannschaften kamen ans Ziel und im Anschluss wanderten die Teams zum Klein Elber Dorfgemeinschaftsraum, wo die Siegerehrung und&nbsp;ein Mittagsimbiss&nbsp;wartete.<\/p>\n<p><a href=\"http:\/\/www.noisy-edv.de\/TTC\/wordpress\/wp-content\/uploads\/2011\/09\/DSC03092.jpg\"><img loading=\"lazy\" decoding=\"async\" class=\"alignright size-medium wp-image-704\" title=\"Bo\u00dfelturnier 2011\" src=\"http:\/\/www.noisy-edv.de\/TTC\/wordpress\/wp-content\/uploads\/2011\/09\/DSC03092-300x225.jpg\" alt=\"\" width=\"300\" height=\"225\" srcset=\"https:\/\/www.noisy-edv.de\/TTC\/wordpress\/wp-content\/uploads\/2011\/09\/DSC03092-300x225.jpg 300w, https:\/\/www.noisy-edv.de\/TTC\/wordpress\/wp-content\/uploads\/2011\/09\/DSC03092.jpg 1024w\" sizes=\"auto, (max-width: 300px) 100vw, 300px\" \/><\/a>Die <strong>Platzierungen<\/strong> des Bo\u00dfelturniers 2011:<\/p>\n<p>1.&nbsp; TTC Klein Elbe (33 Wurf)<\/p>\n<p>2.&nbsp; Gemeinderat (34 Wurf)<\/p>\n<p>3.&nbsp; Freiwillige Feuerwehr Klein Elbe (35 Wurf)<\/p>\n<p>4.&nbsp; TTC Jugend (36 Wurf)<\/p>\n<p><a href=\"http:\/\/www.noisy-edv.de\/TTC\/wordpress\/wp-content\/uploads\/2011\/09\/DSC03048.jpg\"><img loading=\"lazy\" decoding=\"async\" class=\"alignright size-medium wp-image-706\" title=\"Bo\u00dfelturnier 2011\" src=\"http:\/\/www.noisy-edv.de\/TTC\/wordpress\/wp-content\/uploads\/2011\/09\/DSC03048-300x192.jpg\" alt=\"\" width=\"300\" height=\"192\" srcset=\"https:\/\/www.noisy-edv.de\/TTC\/wordpress\/wp-content\/uploads\/2011\/09\/DSC03048-300x192.jpg 300w, https:\/\/www.noisy-edv.de\/TTC\/wordpress\/wp-content\/uploads\/2011\/09\/DSC03048.jpg 1024w\" sizes=\"auto, (max-width: 300px) 100vw, 300px\" \/><\/a>5.&nbsp; Sch\u00fctzenverein Klein Elbe (39 Wurf)<\/p>\n<p>6.&nbsp; Seniorengruppe (40 Wurf)<\/p>\n<p>7.&nbsp; Musikverein Klein Elbe (41 Wurf)<\/p>\n","protected":false},"excerpt":{"rendered":"<p>Beim Bo\u00dfelturnier des TTC Klein Elbe am 28.8.2011 nahmen 7 Mannschaften den Kampf gegen den Klein Elber Feldweg auf. Vom Spielplatz bis zum Bahn\u00fcbergang und zur\u00fcck hie\u00df es auch in diesem Jahr. Alle Mannschaften kamen ans Ziel und im Anschluss &hellip; <a href=\"https:\/\/www.noisy-edv.de\/TTC\/wordpress\/?page_id=521\">Weiterlesen <span class=\"meta-nav\">&rarr;<\/span><\/a><\/p>\n","protected":false},"author":1,"featured_media":0,"parent":430,"menu_order":8,"comment_status":"closed","ping_status":"closed","template":"","meta":{"footnotes":""},"class_list":["post-521","page","type-page","status-publish","hentry"],"_links":{"self":[{"href":"https:\/\/www.noisy-edv.de\/TTC\/wordpress\/index.php?rest_route=\/wp\/v2\/pages\/521","targetHints":{"allow":["GET"]}}],"collection":[{"href":"https:\/\/www.noisy-edv.de\/TTC\/wordpress\/index.php?rest_route=\/wp\/v2\/pages"}],"about":[{"href":"https:\/\/www.noisy-edv.de\/TTC\/wordpress\/index.php?rest_route=\/wp\/v2\/types\/page"}],"author":[{"embeddable":true,"href":"https:\/\/www.noisy-edv.de\/TTC\/wordpress\/index.php?rest_route=\/wp\/v2\/users\/1"}],"replies":[{"embeddable":true,"href":"https:\/\/www.noisy-edv.de\/TTC\/wordpress\/index.php?rest_route=%2Fwp%2Fv2%2Fcomments&post=521"}],"version-history":[{"count":14,"href":"https:\/\/www.noisy-edv.de\/TTC\/wordpress\/index.php?rest_route=\/wp\/v2\/pages\/521\/revisions"}],"predecessor-version":[{"id":4443,"href":"https:\/\/www.noisy-edv.de\/TTC\/wordpress\/index.php?rest_route=\/wp\/v2\/pages\/521\/revisions\/4443"}],"up":[{"embeddable":true,"href":"https:\/\/www.noisy-edv.de\/TTC\/wordpress\/index.php?rest_route=\/wp\/v2\/pages\/430"}],"wp:attachment":[{"href":"https:\/\/www.noisy-edv.de\/TTC\/wordpress\/index.php?rest_route=%2Fwp%2Fv2%2Fmedia&parent=521"}],"curies":[{"name":"wp","href":"https:\/\/api.w.org\/{rel}","templated":true}]}}