{"id":55,"date":"2011-02-16T00:01:09","date_gmt":"2011-02-15T23:01:09","guid":{"rendered":"http:\/\/www.noisy-edv.de\/TTC\/wordpress\/?page_id=55"},"modified":"2024-02-16T13:59:56","modified_gmt":"2024-02-16T12:59:56","slug":"impressum","status":"publish","type":"page","link":"https:\/\/www.noisy-edv.de\/TTC\/wordpress\/?page_id=55","title":{"rendered":"Impressum"},"content":{"rendered":"<p><strong>Herausgeber<\/strong><br \/>\nTischtennisclub \u201cEdelwei\u00df\u201c Klein Elbe e.V.<br \/>\nGro\u00df Elber Str. 15<br \/>\n38274 Klein Elbe<br \/>\nTel.: 0171-4734480<br \/>\nWhatsApp: 0171-4734480<br \/>\nEmail: christian.schimke@ttc-klein-elbe.de<br \/>\nInternet: www.ttc-klein-elbe.de<br \/>\nVereinsregistereintrag: Amtsgericht Braunschweig<br \/>\nVereinsregister-Nr. NZS VR 140083<br \/>\nSteuernummer: 51\/201\/22694<\/p>\n<p><strong>Verantwortlich f\u00fcr den Inhalt<\/strong><br \/>\n1.Vorsitzender<\/p>\n<p><strong>Copyright<\/strong><br \/>\nAlle Rechte vorbehalten. Insbesondere d\u00fcrfen Nachdruck, Aufnahme in Online-Diensten und Internet sowie Vervielf\u00e4ltigung auf Datentr\u00e4ger wie CD-ROM, DVD-ROM etc., auch auszugsweise, nur nach vorheriger schriftlicher Zustimmung des TTC Edelwei\u00df Klein Elbe erfolgen.<\/p>\n<p><strong>Externe Links<\/strong><br \/>\nDer TTC Edelwei\u00df Klein Elbe hat auf seinen Internetseiten Links (Querverweise) zu anderen Seiten im Internet geschaltet. Er erkl\u00e4rt ausdr\u00fccklich, dass er keinerlei Einfluss auf die Gestaltung und die Inhalte der gelinkten Seiten hat. Deshalb distanziert sich der TTC Edelwei\u00df Klein Elbe ausdr\u00fccklich von s\u00e4mtlichen Inhalten aller verkn\u00fcpften Internetseiten, die nicht auf dem Server des TTC Edelwei\u00df Klein Elbe abgelegt sind. Diese Erkl\u00e4rung gilt f\u00fcr alle angezeigten Links und f\u00fcr alle Inhalte der Seiten, zu denen die beim TTC Edelwei\u00df Klein Elbe installierten Banner und Links f\u00fchren.<\/p>\n","protected":false},"excerpt":{"rendered":"<p>Herausgeber Tischtennisclub \u201cEdelwei\u00df\u201c Klein Elbe e.V. Gro\u00df Elber Str. 15 38274 Klein Elbe Tel.: 0171-4734480 WhatsApp: 0171-4734480 Email: christian.schimke@ttc-klein-elbe.de Internet: www.ttc-klein-elbe.de Vereinsregistereintrag: Amtsgericht Braunschweig Vereinsregister-Nr. NZS VR 140083 Steuernummer: 51\/201\/22694 Verantwortlich f\u00fcr den Inhalt 1.Vorsitzender Copyright Alle Rechte vorbehalten. Insbesondere &hellip; <a href=\"https:\/\/www.noisy-edv.de\/TTC\/wordpress\/?page_id=55\">Weiterlesen <span class=\"meta-nav\">&rarr;<\/span><\/a><\/p>\n","protected":false},"author":1,"featured_media":0,"parent":0,"menu_order":10,"comment_status":"closed","ping_status":"closed","template":"","meta":{"footnotes":""},"class_list":["post-55","page","type-page","status-publish","hentry"],"_links":{"self":[{"href":"https:\/\/www.noisy-edv.de\/TTC\/wordpress\/index.php?rest_route=\/wp\/v2\/pages\/55","targetHints":{"allow":["GET"]}}],"collection":[{"href":"https:\/\/www.noisy-edv.de\/TTC\/wordpress\/index.php?rest_route=\/wp\/v2\/pages"}],"about":[{"href":"https:\/\/www.noisy-edv.de\/TTC\/wordpress\/index.php?rest_route=\/wp\/v2\/types\/page"}],"author":[{"embeddable":true,"href":"https:\/\/www.noisy-edv.de\/TTC\/wordpress\/index.php?rest_route=\/wp\/v2\/users\/1"}],"replies":[{"embeddable":true,"href":"https:\/\/www.noisy-edv.de\/TTC\/wordpress\/index.php?rest_route=%2Fwp%2Fv2%2Fcomments&post=55"}],"version-history":[{"count":34,"href":"https:\/\/www.noisy-edv.de\/TTC\/wordpress\/index.php?rest_route=\/wp\/v2\/pages\/55\/revisions"}],"predecessor-version":[{"id":4705,"href":"https:\/\/www.noisy-edv.de\/TTC\/wordpress\/index.php?rest_route=\/wp\/v2\/pages\/55\/revisions\/4705"}],"wp:attachment":[{"href":"https:\/\/www.noisy-edv.de\/TTC\/wordpress\/index.php?rest_route=%2Fwp%2Fv2%2Fmedia&parent=55"}],"curies":[{"name":"wp","href":"https:\/\/api.w.org\/{rel}","templated":true}]}}