{"id":59,"date":"2011-02-16T00:02:34","date_gmt":"2011-02-15T23:02:34","guid":{"rendered":"http:\/\/www.noisy-edv.de\/TTC\/wordpress\/?page_id=59"},"modified":"2024-09-14T08:39:34","modified_gmt":"2024-09-14T06:39:34","slug":"turniere","status":"publish","type":"page","link":"https:\/\/www.noisy-edv.de\/TTC\/wordpress\/?page_id=59","title":{"rendered":"Turniere"},"content":{"rendered":"<p>Alles Wichtige zu Turnieren des TTC:<\/p>\n<p>&gt; <a href=\"http:\/\/www.noisy-edv.de\/TTC\/wordpress\/?page_id=61\" target=\"_self\" rel=\"noopener\">Vereinsmeisterschaften<\/a><\/p>\n<p>&gt; <a href=\"http:\/\/www.noisy-edv.de\/TTC\/wordpress\/?page_id=63\" target=\"_self\" rel=\"noopener\">Mini-Turnier<\/a><\/p>\n<p>&gt; <a href=\"http:\/\/www.noisy-edv.de\/TTC\/wordpress\/?page_id=430\" target=\"_self\" rel=\"noopener\">Bo\u00dfelturnier<\/a><\/p>\n<p>&gt; <a href=\"http:\/\/www.noisy-edv.de\/TTC\/wordpress\/?page_id=4484\" target=\"_self\" rel=\"noopener\">Schie\u00dfen<\/a><\/p>\n<p>&gt; Sportwoche<br \/>\n<span style=\"font-size: small;\">(bisherige Ausrichtungen: 2000, 2010, 2013, 2019, 2024)<\/span><\/p>\n<p>&gt; Sommerturnier der 1.Herren f\u00fcr Spieler ab Bezirksklasse<br \/>\n<span style=\"font-size: small;\">(bisherige Ausrichtungen: 2013, 2014, 2016, 2017, 2018)<\/span><\/p>\n<p>&gt; Jedermann-Turnier<br \/>\n<span style=\"font-size: small;\">(bisherige Ausrichtung: 2023)<\/span><\/p>\n<p>&gt; Jugendturnier zur Saisonvorbereitung<br \/>\n<span style=\"font-size: small;\">(bisherige Ausrichtungen: 2018, 2019)<\/span><\/p>\n<p>&gt; Weihnachts-Spa\u00dfturnier<br \/>\n<span style=\"font-size: small;\">(bisherige Ausrichtungen: 2008, 2012, 2014, 2017, 2022)<\/span><\/p>\n<p>&gt; Retro-Vereinsmeisterschaft<br \/>\n<span style=\"font-size: small;\">(bisherige Ausrichtung: 2024)<\/span><\/p>\n","protected":false},"excerpt":{"rendered":"<p>Alles Wichtige zu Turnieren des TTC: &gt; Vereinsmeisterschaften &gt; Mini-Turnier &gt; Bo\u00dfelturnier &gt; Schie\u00dfen &gt; Sportwoche (bisherige Ausrichtungen: 2000, 2010, 2013, 2019, 2024) &gt; Sommerturnier der 1.Herren f\u00fcr Spieler ab Bezirksklasse (bisherige Ausrichtungen: 2013, 2014, 2016, 2017, 2018) &gt; Jedermann-Turnier &hellip; <a href=\"https:\/\/www.noisy-edv.de\/TTC\/wordpress\/?page_id=59\">Weiterlesen <span class=\"meta-nav\">&rarr;<\/span><\/a><\/p>\n","protected":false},"author":1,"featured_media":0,"parent":0,"menu_order":3,"comment_status":"closed","ping_status":"closed","template":"","meta":{"footnotes":""},"class_list":["post-59","page","type-page","status-publish","hentry"],"_links":{"self":[{"href":"https:\/\/www.noisy-edv.de\/TTC\/wordpress\/index.php?rest_route=\/wp\/v2\/pages\/59","targetHints":{"allow":["GET"]}}],"collection":[{"href":"https:\/\/www.noisy-edv.de\/TTC\/wordpress\/index.php?rest_route=\/wp\/v2\/pages"}],"about":[{"href":"https:\/\/www.noisy-edv.de\/TTC\/wordpress\/index.php?rest_route=\/wp\/v2\/types\/page"}],"author":[{"embeddable":true,"href":"https:\/\/www.noisy-edv.de\/TTC\/wordpress\/index.php?rest_route=\/wp\/v2\/users\/1"}],"replies":[{"embeddable":true,"href":"https:\/\/www.noisy-edv.de\/TTC\/wordpress\/index.php?rest_route=%2Fwp%2Fv2%2Fcomments&post=59"}],"version-history":[{"count":26,"href":"https:\/\/www.noisy-edv.de\/TTC\/wordpress\/index.php?rest_route=\/wp\/v2\/pages\/59\/revisions"}],"predecessor-version":[{"id":4938,"href":"https:\/\/www.noisy-edv.de\/TTC\/wordpress\/index.php?rest_route=\/wp\/v2\/pages\/59\/revisions\/4938"}],"wp:attachment":[{"href":"https:\/\/www.noisy-edv.de\/TTC\/wordpress\/index.php?rest_route=%2Fwp%2Fv2%2Fmedia&parent=59"}],"curies":[{"name":"wp","href":"https:\/\/api.w.org\/{rel}","templated":true}]}}