{"id":63,"date":"2011-02-16T00:03:38","date_gmt":"2011-02-15T23:03:38","guid":{"rendered":"http:\/\/www.noisy-edv.de\/TTC\/wordpress\/?page_id=63"},"modified":"2025-12-15T17:07:31","modified_gmt":"2025-12-15T16:07:31","slug":"mini-turnier","status":"publish","type":"page","link":"https:\/\/www.noisy-edv.de\/TTC\/wordpress\/?page_id=63","title":{"rendered":"Mini-Turnier"},"content":{"rendered":"<p>Das Mini-Turnier des TTC ist ein Turnier f\u00fcr die Kinder und Jugendlichen des Vereins. Es findet seit 2010 j\u00e4hrlich in der Vorweihnachtszeit statt. An einer Mini-Tischtennisplatte werden die entscheidenden Spiele ausgetragen und&nbsp;der&nbsp;Gewinner&nbsp;des Turniers erh\u00e4lt eine von Pfarrer J\u00fcrgen Grote gestiftete Troph\u00e4e.<\/p>\n<p>&gt; <a href=\"https:\/\/www.noisy-edv.de\/TTC\/wordpress\/?page_id=5237\" target=\"_self\" rel=\"noopener\">2025<\/a><\/p>\n<p>&gt; <a href=\"http:\/\/www.noisy-edv.de\/TTC\/wordpress\/?page_id=5012\" target=\"_self\" rel=\"noopener\">2024<\/a><\/p>\n<p>&gt; <a href=\"http:\/\/www.noisy-edv.de\/TTC\/wordpress\/?page_id=4639\" target=\"_self\" rel=\"noopener\">2023<\/a><\/p>\n<p>&gt; <a href=\"http:\/\/www.noisy-edv.de\/TTC\/wordpress\/?page_id=4211\" target=\"_self\" rel=\"noopener\">2022<\/a><\/p>\n<p>&gt; <a href=\"http:\/\/www.noisy-edv.de\/TTC\/wordpress\/?page_id=4067\" target=\"_self\" rel=\"noopener\">2021<\/a><\/p>\n<p>&gt; <a href=\"http:\/\/www.noisy-edv.de\/TTC\/wordpress\/?page_id=3879\" target=\"_self\" rel=\"noopener\">2020<\/a><\/p>\n<p>&gt; <a href=\"http:\/\/www.noisy-edv.de\/TTC\/wordpress\/?page_id=3374\" target=\"_self\" rel=\"noopener\">2019<\/a><\/p>\n<p>&gt; <a href=\"http:\/\/www.noisy-edv.de\/TTC\/wordpress\/?page_id=2978\" target=\"_self\" rel=\"noopener\">2018<\/a><\/p>\n<p>&gt; <a href=\"http:\/\/www.noisy-edv.de\/TTC\/wordpress\/?p=2762\" target=\"_self\" rel=\"noopener\">2017<\/a><\/p>\n<p>&gt; <a href=\"http:\/\/www.noisy-edv.de\/TTC\/wordpress\/?page_id=2553\" target=\"_self\" rel=\"noopener\">2016<\/a><\/p>\n<p>&gt; <a href=\"http:\/\/www.noisy-edv.de\/TTC\/wordpress\/?page_id=2292\" target=\"_self\" rel=\"noopener\">2015<\/a><\/p>\n<p>&gt; <a href=\"http:\/\/www.noisy-edv.de\/TTC\/wordpress\/?page_id=1952\" target=\"_self\" rel=\"noopener\">2014<\/a><\/p>\n<p>&gt; <a href=\"http:\/\/www.noisy-edv.de\/TTC\/wordpress\/?page_id=1445\" target=\"_self\" rel=\"noopener\">2013<\/a><\/p>\n<p>&gt; <a href=\"http:\/\/www.noisy-edv.de\/TTC\/wordpress\/?page_id=1150\" target=\"_self\" rel=\"noopener\">2012<\/a><\/p>\n<p>&gt; <a href=\"http:\/\/www.noisy-edv.de\/TTC\/wordpress\/?page_id=803\" target=\"_self\" rel=\"noopener\">2011<\/a><\/p>\n<p>&gt; <a href=\"http:\/\/www.noisy-edv.de\/TTC\/wordpress\/?page_id=348\" target=\"_self\" rel=\"noopener\">2010<\/a><\/p>\n<p>&gt; <a href=\"http:\/\/www.noisy-edv.de\/TTC\/wordpress\/?page_id=2910\" target=\"_self\" rel=\"noopener\">Sieger<\/a><\/p>\n","protected":false},"excerpt":{"rendered":"<p>Das Mini-Turnier des TTC ist ein Turnier f\u00fcr die Kinder und Jugendlichen des Vereins. Es findet seit 2010 j\u00e4hrlich in der Vorweihnachtszeit statt. An einer Mini-Tischtennisplatte werden die entscheidenden Spiele ausgetragen und&nbsp;der&nbsp;Gewinner&nbsp;des Turniers erh\u00e4lt eine von Pfarrer J\u00fcrgen Grote gestiftete &hellip; <a href=\"https:\/\/www.noisy-edv.de\/TTC\/wordpress\/?page_id=63\">Weiterlesen <span class=\"meta-nav\">&rarr;<\/span><\/a><\/p>\n","protected":false},"author":1,"featured_media":0,"parent":59,"menu_order":2,"comment_status":"closed","ping_status":"closed","template":"","meta":{"footnotes":""},"class_list":["post-63","page","type-page","status-publish","hentry"],"_links":{"self":[{"href":"https:\/\/www.noisy-edv.de\/TTC\/wordpress\/index.php?rest_route=\/wp\/v2\/pages\/63","targetHints":{"allow":["GET"]}}],"collection":[{"href":"https:\/\/www.noisy-edv.de\/TTC\/wordpress\/index.php?rest_route=\/wp\/v2\/pages"}],"about":[{"href":"https:\/\/www.noisy-edv.de\/TTC\/wordpress\/index.php?rest_route=\/wp\/v2\/types\/page"}],"author":[{"embeddable":true,"href":"https:\/\/www.noisy-edv.de\/TTC\/wordpress\/index.php?rest_route=\/wp\/v2\/users\/1"}],"replies":[{"embeddable":true,"href":"https:\/\/www.noisy-edv.de\/TTC\/wordpress\/index.php?rest_route=%2Fwp%2Fv2%2Fcomments&post=63"}],"version-history":[{"count":28,"href":"https:\/\/www.noisy-edv.de\/TTC\/wordpress\/index.php?rest_route=\/wp\/v2\/pages\/63\/revisions"}],"predecessor-version":[{"id":5241,"href":"https:\/\/www.noisy-edv.de\/TTC\/wordpress\/index.php?rest_route=\/wp\/v2\/pages\/63\/revisions\/5241"}],"up":[{"embeddable":true,"href":"https:\/\/www.noisy-edv.de\/TTC\/wordpress\/index.php?rest_route=\/wp\/v2\/pages\/59"}],"wp:attachment":[{"href":"https:\/\/www.noisy-edv.de\/TTC\/wordpress\/index.php?rest_route=%2Fwp%2Fv2%2Fmedia&parent=63"}],"curies":[{"name":"wp","href":"https:\/\/api.w.org\/{rel}","templated":true}]}}