{"id":78,"date":"2011-02-16T00:20:52","date_gmt":"2011-02-15T23:20:52","guid":{"rendered":"http:\/\/www.noisy-edv.de\/TTC\/wordpress\/?page_id=78"},"modified":"2017-02-05T17:45:33","modified_gmt":"2017-02-05T16:45:33","slug":"emblem","status":"publish","type":"page","link":"https:\/\/www.noisy-edv.de\/TTC\/wordpress\/?page_id=78","title":{"rendered":"Emblem"},"content":{"rendered":"<p>Unser <strong>Vereinsemblem<\/strong> besteht aus dem Vereinsnamen, der Bl\u00fcte der Alpenblume Edelwei\u00df und zwei gekreuzten Tischtennisschl\u00e4gern mit Ball. Die klassische Form des Emblems hat drei Spitzen. Man k\u00f6nnte sagen, die drei Spitzen symbolisieren die drei Generationen von Mitgliedern, die seit Gr\u00fcndung den Verein zu dem gemacht haben, was er heute ist.<\/p>\n<p>Die <strong>Vereinsfarben<\/strong> sind die Farben Blau &#x1f499; und Gelb &#x1f49b;.<\/p>\n<p><a href=\"http:\/\/www.noisy-edv.de\/TTC\/wordpress\/wp-content\/uploads\/2016\/11\/TTC-Emblem-2016-jpg-5.jpg\" target=\"_blank\"><img loading=\"lazy\" decoding=\"async\" class=\"aligncenter\" src=\"http:\/\/www.noisy-edv.de\/TTC\/wordpress\/wp-content\/uploads\/2016\/11\/TTC-Emblem-2016-jpg-5-klein.jpg\" width=\"322\" height=\"325\" \/><\/a><\/p>\n","protected":false},"excerpt":{"rendered":"<p>Unser Vereinsemblem besteht aus dem Vereinsnamen, der Bl\u00fcte der Alpenblume Edelwei\u00df und zwei gekreuzten Tischtennisschl\u00e4gern mit Ball. Die klassische Form des Emblems hat drei Spitzen. Man k\u00f6nnte sagen, die drei Spitzen symbolisieren die drei Generationen von Mitgliedern, die seit Gr\u00fcndung &hellip; <a href=\"https:\/\/www.noisy-edv.de\/TTC\/wordpress\/?page_id=78\">Weiterlesen <span class=\"meta-nav\">&rarr;<\/span><\/a><\/p>\n","protected":false},"author":1,"featured_media":0,"parent":13,"menu_order":6,"comment_status":"closed","ping_status":"closed","template":"","meta":{"footnotes":""},"class_list":["post-78","page","type-page","status-publish","hentry"],"_links":{"self":[{"href":"https:\/\/www.noisy-edv.de\/TTC\/wordpress\/index.php?rest_route=\/wp\/v2\/pages\/78","targetHints":{"allow":["GET"]}}],"collection":[{"href":"https:\/\/www.noisy-edv.de\/TTC\/wordpress\/index.php?rest_route=\/wp\/v2\/pages"}],"about":[{"href":"https:\/\/www.noisy-edv.de\/TTC\/wordpress\/index.php?rest_route=\/wp\/v2\/types\/page"}],"author":[{"embeddable":true,"href":"https:\/\/www.noisy-edv.de\/TTC\/wordpress\/index.php?rest_route=\/wp\/v2\/users\/1"}],"replies":[{"embeddable":true,"href":"https:\/\/www.noisy-edv.de\/TTC\/wordpress\/index.php?rest_route=%2Fwp%2Fv2%2Fcomments&post=78"}],"version-history":[{"count":26,"href":"https:\/\/www.noisy-edv.de\/TTC\/wordpress\/index.php?rest_route=\/wp\/v2\/pages\/78\/revisions"}],"predecessor-version":[{"id":2622,"href":"https:\/\/www.noisy-edv.de\/TTC\/wordpress\/index.php?rest_route=\/wp\/v2\/pages\/78\/revisions\/2622"}],"up":[{"embeddable":true,"href":"https:\/\/www.noisy-edv.de\/TTC\/wordpress\/index.php?rest_route=\/wp\/v2\/pages\/13"}],"wp:attachment":[{"href":"https:\/\/www.noisy-edv.de\/TTC\/wordpress\/index.php?rest_route=%2Fwp%2Fv2%2Fmedia&parent=78"}],"curies":[{"name":"wp","href":"https:\/\/api.w.org\/{rel}","templated":true}]}}