{"id":80,"date":"2011-02-16T00:21:13","date_gmt":"2011-02-15T23:21:13","guid":{"rendered":"http:\/\/www.noisy-edv.de\/TTC\/wordpress\/?page_id=80"},"modified":"2020-01-14T10:06:43","modified_gmt":"2020-01-14T09:06:43","slug":"hymne","status":"publish","type":"page","link":"https:\/\/www.noisy-edv.de\/TTC\/wordpress\/?page_id=80","title":{"rendered":"Hymne"},"content":{"rendered":"<h1 style=\"text-align: center;\">Unser Vereinslied<\/h1>\n<h2 style=\"text-align: center;\">\u201eDas sch\u00f6nste Bl\u00fcmlein auf der Welt\u201c<\/h2>\n<h2 style=\"text-align: center;\"><img loading=\"lazy\" decoding=\"async\" class=\"aligncenter size-medium wp-image-229\" title=\"Noten\" src=\"http:\/\/www.noisy-edv.de\/TTC\/wordpress\/wp-content\/uploads\/2011\/02\/Noten-300x75.jpg\" alt=\"\" width=\"300\" height=\"75\" srcset=\"https:\/\/www.noisy-edv.de\/TTC\/wordpress\/wp-content\/uploads\/2011\/02\/Noten-300x75.jpg 300w, https:\/\/www.noisy-edv.de\/TTC\/wordpress\/wp-content\/uploads\/2011\/02\/Noten-1024x257.jpg 1024w, https:\/\/www.noisy-edv.de\/TTC\/wordpress\/wp-content\/uploads\/2011\/02\/Noten.jpg 1725w\" sizes=\"auto, (max-width: 300px) 100vw, 300px\" \/><\/h2>\n<p style=\"text-align: center;\">\u00a0Das sch\u00f6nste Bl\u00fcmlein auf der Welt, das ist das Edelwei\u00df.<br \/>\nWir tragen es auf unserer Brust, als Zeichen des Vereins.<br \/>\n<em>Wir tragen es auf unserer Brust, als Zeichen des Vereins.<\/em><\/p>\n<p style=\"text-align: center;\">Die sch\u00f6nen Farben Blau und Gelb, haben wir uns auserkor&#8217;n.<br \/>\nWir tragen sie mit stolzem Sinn, zu jedem Spiel und Sieg.<br \/>\n<em>Wir tragen sie mit stolzem Sinn, zu jedem Spiel und Sieg.<\/em><\/p>\n<p style=\"text-align: center;\">Der Captain zu der Mannschaft spricht, heut gibt&#8217;s &#8217;nen harten Kampf.<br \/>\nDem Sieger winkt der Lorbeerkranz, drum auf jetzt in den Kampf.<br \/>\n<em>Dem Sieger winkt der Lorbeerkranz, drum auf jetzt in den Kampf.<\/em><\/p>\n<p style=\"text-align: center;\">Das Spiel entschied f\u00fcr uns den Sieg, es konnt nicht anders sein.<br \/>\nUnd sollten wir auch mal verlier&#8217;n, wir zahl&#8217;n \u00b4s ihnen wieder heim.<br \/>\n<em>Und sollten wir auch mal verlier\u00b4n, wir zahl&#8217;n \u00b4s ihnen wieder heim.<\/em><br \/>\n&#8230;&#8230;&#8230;&#8230;&#8230;&#8230;&#8230;&#8230;&#8230;&#8230;&#8230;&#8230;&#8230;&#8230;&#8230;&#8230;&#8230;&#8230;&#8230;&#8230;&#8230;&#8230;&#8230;&#8230;&#8230;&#8230;&#8230;&#8230;&#8230;&#8230;&#8230;&#8230;&#8230;&#8230;&#8230;&#8230;&#8230;.<\/p>\n<p style=\"text-align: center;\">Aber eins, aber eins, das bleibt besteh&#8217;n, der TTC wird niemals untergeh&#8217;n.<br \/>\nAber eins, aber eins, das ist gewiss, vor&#8217;m TTC da ham se alle schiss.<\/p>\n<p style=\"text-align: center;\">&gt; <a href=\"http:\/\/ingeb.org\/Lieder\/dasschob.mid\">Melodie<\/a><\/p>\n","protected":false},"excerpt":{"rendered":"<p>Unser Vereinslied \u201eDas sch\u00f6nste Bl\u00fcmlein auf der Welt\u201c \u00a0Das sch\u00f6nste Bl\u00fcmlein auf der Welt, das ist das Edelwei\u00df. Wir tragen es auf unserer Brust, als Zeichen des Vereins. Wir tragen es auf unserer Brust, als Zeichen des Vereins. Die sch\u00f6nen &hellip; <a href=\"https:\/\/www.noisy-edv.de\/TTC\/wordpress\/?page_id=80\">Weiterlesen <span class=\"meta-nav\">&rarr;<\/span><\/a><\/p>\n","protected":false},"author":1,"featured_media":0,"parent":13,"menu_order":7,"comment_status":"closed","ping_status":"closed","template":"","meta":{"footnotes":""},"class_list":["post-80","page","type-page","status-publish","hentry"],"_links":{"self":[{"href":"https:\/\/www.noisy-edv.de\/TTC\/wordpress\/index.php?rest_route=\/wp\/v2\/pages\/80","targetHints":{"allow":["GET"]}}],"collection":[{"href":"https:\/\/www.noisy-edv.de\/TTC\/wordpress\/index.php?rest_route=\/wp\/v2\/pages"}],"about":[{"href":"https:\/\/www.noisy-edv.de\/TTC\/wordpress\/index.php?rest_route=\/wp\/v2\/types\/page"}],"author":[{"embeddable":true,"href":"https:\/\/www.noisy-edv.de\/TTC\/wordpress\/index.php?rest_route=\/wp\/v2\/users\/1"}],"replies":[{"embeddable":true,"href":"https:\/\/www.noisy-edv.de\/TTC\/wordpress\/index.php?rest_route=%2Fwp%2Fv2%2Fcomments&post=80"}],"version-history":[{"count":12,"href":"https:\/\/www.noisy-edv.de\/TTC\/wordpress\/index.php?rest_route=\/wp\/v2\/pages\/80\/revisions"}],"predecessor-version":[{"id":3415,"href":"https:\/\/www.noisy-edv.de\/TTC\/wordpress\/index.php?rest_route=\/wp\/v2\/pages\/80\/revisions\/3415"}],"up":[{"embeddable":true,"href":"https:\/\/www.noisy-edv.de\/TTC\/wordpress\/index.php?rest_route=\/wp\/v2\/pages\/13"}],"wp:attachment":[{"href":"https:\/\/www.noisy-edv.de\/TTC\/wordpress\/index.php?rest_route=%2Fwp%2Fv2%2Fmedia&parent=80"}],"curies":[{"name":"wp","href":"https:\/\/api.w.org\/{rel}","templated":true}]}}