{"id":803,"date":"2012-01-03T14:38:09","date_gmt":"2012-01-03T13:38:09","guid":{"rendered":"http:\/\/www.noisy-edv.de\/TTC\/wordpress\/?page_id=803"},"modified":"2020-10-05T15:59:02","modified_gmt":"2020-10-05T13:59:02","slug":"2011-2","status":"publish","type":"page","link":"https:\/\/www.noisy-edv.de\/TTC\/wordpress\/?page_id=803","title":{"rendered":"2011"},"content":{"rendered":"<p>Beim zweiten Mini-Tischtennisturnier am 16.12.2011 gab es zum Ende des Jahres f\u00fcr unsere Jugendlichen noch mal ein sportliches Highlight. Insgesamt nahmen 12 Jugendliche daran teil.<\/p>\n<p>In den Gruppenspielen wurde eine kleine Schwierigkeit eingebaut und an erh\u00f6hten Netzen gespielt. Die Spiele ab dem Halbfinale wurden wieder an der Mini-Tischtennisplatte durchgef\u00fchrt. Der Sieger erhielt eine kleine Troph\u00e4e, alle anderen jeweils eine Urkunde und ein kleines Weihnachtsgeschenk.<\/p>\n<p>Sieger des Turniers wurde Marvin Beeri, Zweiter Patrick Gerling, Dritter Lukas Ohlendorf und Vierter Kaan Demir. Weitere Teilnehmer waren Bastian Nitschke, Michel Ohlendorf, Paul M\u00e4neke, Tim Str\u00fcbig, Richard Segert, Kilian Schmidt, Rouven Schmidt und Nina Meier.<\/p>\n<p>Zum Abschluss des Turniers wurde der Sieger Marvin noch vom Schirmherren des Turniers J\u00fcrgen Grote an der kleinen Platte herausgefordert. Auch unser Pfarrer&nbsp;konnte in diesem&nbsp;Spiel Marvin nicht bezwingen.<\/p>\n<p style=\"text-align: center;\">&nbsp;_ _ _<\/p>\n<p align=\"center\"><em>Teilnehmer des Mini-Turniers 2011<\/em><\/p>\n<p align=\"center\" style=\"text-align: center;\"><img loading=\"lazy\" decoding=\"async\" width=\"638\" height=\"429\" title=\"Mini-Turnier 2011\" class=\"aligncenter size-full wp-image-814\" alt=\"\" src=\"http:\/\/www.noisy-edv.de\/TTC\/wordpress\/wp-content\/uploads\/2012\/01\/DSC03272.jpg\" srcset=\"https:\/\/www.noisy-edv.de\/TTC\/wordpress\/wp-content\/uploads\/2012\/01\/DSC03272.jpg 638w, https:\/\/www.noisy-edv.de\/TTC\/wordpress\/wp-content\/uploads\/2012\/01\/DSC03272-300x201.jpg 300w\" sizes=\"auto, (max-width: 638px) 100vw, 638px\" \/><\/p>\n","protected":false},"excerpt":{"rendered":"<p>Beim zweiten Mini-Tischtennisturnier am 16.12.2011 gab es zum Ende des Jahres f\u00fcr unsere Jugendlichen noch mal ein sportliches Highlight. Insgesamt nahmen 12 Jugendliche daran teil. In den Gruppenspielen wurde eine kleine Schwierigkeit eingebaut und an erh\u00f6hten Netzen gespielt. Die Spiele &hellip; <a href=\"https:\/\/www.noisy-edv.de\/TTC\/wordpress\/?page_id=803\">Weiterlesen <span class=\"meta-nav\">&rarr;<\/span><\/a><\/p>\n","protected":false},"author":1,"featured_media":0,"parent":3566,"menu_order":8,"comment_status":"closed","ping_status":"closed","template":"","meta":{"footnotes":""},"class_list":["post-803","page","type-page","status-publish","hentry"],"_links":{"self":[{"href":"https:\/\/www.noisy-edv.de\/TTC\/wordpress\/index.php?rest_route=\/wp\/v2\/pages\/803","targetHints":{"allow":["GET"]}}],"collection":[{"href":"https:\/\/www.noisy-edv.de\/TTC\/wordpress\/index.php?rest_route=\/wp\/v2\/pages"}],"about":[{"href":"https:\/\/www.noisy-edv.de\/TTC\/wordpress\/index.php?rest_route=\/wp\/v2\/types\/page"}],"author":[{"embeddable":true,"href":"https:\/\/www.noisy-edv.de\/TTC\/wordpress\/index.php?rest_route=\/wp\/v2\/users\/1"}],"replies":[{"embeddable":true,"href":"https:\/\/www.noisy-edv.de\/TTC\/wordpress\/index.php?rest_route=%2Fwp%2Fv2%2Fcomments&post=803"}],"version-history":[{"count":12,"href":"https:\/\/www.noisy-edv.de\/TTC\/wordpress\/index.php?rest_route=\/wp\/v2\/pages\/803\/revisions"}],"predecessor-version":[{"id":3576,"href":"https:\/\/www.noisy-edv.de\/TTC\/wordpress\/index.php?rest_route=\/wp\/v2\/pages\/803\/revisions\/3576"}],"up":[{"embeddable":true,"href":"https:\/\/www.noisy-edv.de\/TTC\/wordpress\/index.php?rest_route=\/wp\/v2\/pages\/3566"}],"wp:attachment":[{"href":"https:\/\/www.noisy-edv.de\/TTC\/wordpress\/index.php?rest_route=%2Fwp%2Fv2%2Fmedia&parent=803"}],"curies":[{"name":"wp","href":"https:\/\/api.w.org\/{rel}","templated":true}]}}